{"id":654,"date":"2023-07-25T03:41:57","date_gmt":"2023-07-25T03:41:57","guid":{"rendered":"https:\/\/mediumturquoise-pheasant-889000.hostingersite.com\/?post_type=product&#038;p=654"},"modified":"2023-10-12T13:40:42","modified_gmt":"2023-10-12T13:40:42","slug":"milk-honey-fruit-juice-fruit-puree-ketchup-pasteurization-machine","status":"publish","type":"product","link":"https:\/\/higheasy.cn\/de\/produkt\/milk-honey-fruit-juice-fruit-puree-ketchup-pasteurization-machine\/","title":{"rendered":"Pasteurisierungsmaschine f\u00fcr Milchhonig"},"content":{"rendered":"<p><img fetchpriority=\"high\" decoding=\"async\" class=\"alignnone size-full wp-image-664\" src=\"http:\/\/higheasy.cn\/wp-content\/uploads\/2023\/07\/8.jpg\" alt=\"small yogurt production line\" width=\"1200\" height=\"735\" srcset=\"https:\/\/higheasy.cn\/wp-content\/uploads\/2023\/07\/8.jpg 1200w, https:\/\/higheasy.cn\/wp-content\/uploads\/2023\/07\/8-300x184.jpg 300w, https:\/\/higheasy.cn\/wp-content\/uploads\/2023\/07\/8-1024x627.jpg 1024w, https:\/\/higheasy.cn\/wp-content\/uploads\/2023\/07\/8-768x470.jpg 768w\" sizes=\"(max-width: 1200px) 100vw, 1200px\" \/><\/p>\n<p><img decoding=\"async\" class=\"\" src=\"https:\/\/sc02.alicdn.com\/kf\/HTB1XNWvQQvoK1RjSZFDq6xY3pXaH\/222958773\/HTB1XNWvQQvoK1RjSZFDq6xY3pXaH.jpg\" alt=\"Milk honey fruit juice fruit puree ketchup pasteurizing line pasteurizing cooling machine\" width=\"1304\" height=\"979\" data-src=\"\/\/sc02.alicdn.com\/kf\/HTB1XNWvQQvoK1RjSZFDq6xY3pXaH\/222958773\/HTB1XNWvQQvoK1RjSZFDq6xY3pXaH.jpg\" data-alt=\"Milk honey fruit juice fruit puree ketchup pasteurizing line pasteurizing cooling machine\" data-spm-anchor-id=\"a2700.details.0.i56.437253a7K2mdM6\" \/><\/p>\n<p><img decoding=\"async\" class=\"\" src=\"https:\/\/sc01.alicdn.com\/kf\/HTB1F31tQHvpK1RjSZPiq6zmwXXao\/222958773\/HTB1F31tQHvpK1RjSZPiq6zmwXXao.jpg\" alt=\"Milk honey fruit juice fruit puree ketchup pasteurizing line pasteurizing cooling machine\" width=\"1321\" height=\"992\" data-src=\"\/\/sc01.alicdn.com\/kf\/HTB1F31tQHvpK1RjSZPiq6zmwXXao\/222958773\/HTB1F31tQHvpK1RjSZPiq6zmwXXao.jpg\" data-alt=\"Milk honey fruit juice fruit puree ketchup pasteurizing line pasteurizing cooling machine\" \/><\/p>\n<p><img loading=\"lazy\" decoding=\"async\" class=\"\" src=\"https:\/\/sc01.alicdn.com\/kf\/HTB1F4KPQNnaK1RjSZFtq6zC2VXal\/222958773\/HTB1F4KPQNnaK1RjSZFtq6zC2VXal.jpg\" alt=\"Milk honey fruit juice fruit puree ketchup pasteurizing line pasteurizing cooling machine\" width=\"1317\" height=\"989\" data-src=\"\/\/sc01.alicdn.com\/kf\/HTB1F4KPQNnaK1RjSZFtq6zC2VXal\/222958773\/HTB1F4KPQNnaK1RjSZFtq6zC2VXal.jpg\" data-alt=\"Milk honey fruit juice fruit puree ketchup pasteurizing line pasteurizing cooling machine\" \/><\/p>\n<h3>Anwendungen:<\/h3>\n<p>\u2666 geeignet f\u00fcr die Pasteurisierung von Lebensmitteln in Beutel- oder Becherverpackungen nach dem Abf\u00fcllen.<\/p>\n<p>\u2666 Merkmal: Alle Pasteurisierungsmaschinen, K\u00fchlmaschinen und Blastrocknungsmaschinen laufen st\u00e4ndig automatisch. Temperaturregelung automatisch.<\/p>\n<p>\u2666 Produktionskapazit\u00e4t: Konfiguriert entsprechend der tats\u00e4chlichen Produktmenge, die durchl\u00e4uft.<\/p>\n<p>\u2666 Pasteurisierungszeit: 15\u201320 Minuten<\/p>\n<p>\u2666 Art der Pasteurisierung und Trocknung: Dampf- oder Elektroheizung<\/p>\n<p>\u2666 Pasteurisierungstemperatur: 80\u00b0C-95\u00b0C<\/p>\n<p>\u2666 Material: Maschinenrahmen aus Edelstahl 304, F\u00f6rderband aus lebensmittelechtem Kunststoff oder SUS304<\/p>\n<p><img loading=\"lazy\" decoding=\"async\" class=\"alignnone wp-image-646\" style=\"font-style: inherit; font-weight: inherit;\" src=\"http:\/\/higheasy.cn\/wp-content\/uploads\/2023\/07\/HTB1Lnd7QMHqK1RjSZFgq6y7JXXaU.jpg\" alt=\"higheasy\" width=\"1216\" height=\"1803\" srcset=\"https:\/\/higheasy.cn\/wp-content\/uploads\/2023\/07\/HTB1Lnd7QMHqK1RjSZFgq6y7JXXaU.jpg 750w, https:\/\/higheasy.cn\/wp-content\/uploads\/2023\/07\/HTB1Lnd7QMHqK1RjSZFgq6y7JXXaU-300x445.jpg 300w, https:\/\/higheasy.cn\/wp-content\/uploads\/2023\/07\/HTB1Lnd7QMHqK1RjSZFgq6y7JXXaU-202x300.jpg 202w, https:\/\/higheasy.cn\/wp-content\/uploads\/2023\/07\/HTB1Lnd7QMHqK1RjSZFgq6y7JXXaU-691x1024.jpg 691w\" sizes=\"(max-width: 1216px) 100vw, 1216px\" \/><\/p>\n<p>Das Unternehmen verf\u00fcgt \u00fcber eine Gruppe professioneller Forschungs- und Entwicklungsteams f\u00fcr Technologie und fortschrittliche Verarbeitungsger\u00e4te sowie eine Reihe von Erfindungspatenten. Das Unternehmen produziert eine Vielzahl von Verpackungsmaschinen. Die Hauptprodukte sind: vertikale Schlauchbeutelmaschinen (VFFS), Stickpack-Maschinen, Pulververpackungsmaschinen, Fl\u00fcssigkeitsverpackungsmaschinen und Mehrkopfwaagen, die in der Lebensmittel-, Chemie- und Getr\u00e4nkeindustrie weit verbreitet sind , landwirtschaftliche Produkte, Spielzeug und Verpackungen f\u00fcr Industrieprodukte und andere Branchen. Die Produkte werden in die ganze Welt exportiert und haben in vielen L\u00e4ndern und Regionen professionelle Marketingvertreter gewonnen. Die Produkte und Dienstleistungen wurden von den Kunden einhellig anerkannt und gelobt.<\/p>","protected":false},"excerpt":{"rendered":"<p>Applications: &#x2666; suitable for\u00a0pasterurization of food in pouch or cup package after filling. &#x2666; Feature: All of pasteurization machine, cooling machine and blowing drying machine run automatically constantly.\u00a0 temperature control automatically. &#x2666; Productioin capacity: Configured according to acutal products amount passing through. &#x2666; Pasteurization time:15-20minutes &#x2666;\u00a0 Type of pasteurization and drying: Steam or Electrical heater [&hellip;]<\/p>","protected":false},"featured_media":655,"template":"","meta":{"site-sidebar-layout":"default","site-content-layout":"default","ast-site-content-layout":"","site-content-style":"default","site-sidebar-style":"default","ast-global-header-display":"","ast-banner-title-visibility":"","ast-main-header-display":"","ast-hfb-above-header-display":"","ast-hfb-below-header-display":"","ast-hfb-mobile-header-display":"","site-post-title":"","ast-breadcrumbs-content":"","ast-featured-img":"","footer-sml-layout":"","theme-transparent-header-meta":"default","adv-header-id-meta":"","stick-header-meta":"","header-above-stick-meta":"","header-main-stick-meta":"","header-below-stick-meta":"","astra-migrate-meta-layouts":"default","ast-page-background-enabled":"default","ast-page-background-meta":{"desktop":{"background-color":"","background-image":"","background-repeat":"repeat","background-position":"center center","background-size":"auto","background-attachment":"scroll","background-type":"","background-media":"","overlay-type":"","overlay-color":"","overlay-opacity":"","overlay-gradient":""},"tablet":{"background-color":"","background-image":"","background-repeat":"repeat","background-position":"center center","background-size":"auto","background-attachment":"scroll","background-type":"","background-media":"","overlay-type":"","overlay-color":"","overlay-opacity":"","overlay-gradient":""},"mobile":{"background-color":"","background-image":"","background-repeat":"repeat","background-position":"center center","background-size":"auto","background-attachment":"scroll","background-type":"","background-media":"","overlay-type":"","overlay-color":"","overlay-opacity":"","overlay-gradient":""}},"ast-content-background-meta":{"desktop":{"background-color":"var(--ast-global-color-5)","background-image":"","background-repeat":"repeat","background-position":"center center","background-size":"auto","background-attachment":"scroll","background-type":"","background-media":"","overlay-type":"","overlay-color":"","overlay-opacity":"","overlay-gradient":""},"tablet":{"background-color":"var(--ast-global-color-5)","background-image":"","background-repeat":"repeat","background-position":"center center","background-size":"auto","background-attachment":"scroll","background-type":"","background-media":"","overlay-type":"","overlay-color":"","overlay-opacity":"","overlay-gradient":""},"mobile":{"background-color":"var(--ast-global-color-5)","background-image":"","background-repeat":"repeat","background-position":"center center","background-size":"auto","background-attachment":"scroll","background-type":"","background-media":"","overlay-type":"","overlay-color":"","overlay-opacity":"","overlay-gradient":""}}},"product_brand":[],"product_cat":[22,28],"product_tag":[],"class_list":{"0":"post-654","1":"product","2":"type-product","3":"status-publish","4":"has-post-thumbnail","6":"product_cat-hot-products","7":"product_cat-pasteurization-line","8":"desktop-align-left","9":"tablet-align-left","10":"mobile-align-left","12":"first","13":"instock","14":"shipping-taxable","15":"product-type-simple"},"_links":{"self":[{"href":"https:\/\/higheasy.cn\/de\/wp-json\/wp\/v2\/product\/654","targetHints":{"allow":["GET"]}}],"collection":[{"href":"https:\/\/higheasy.cn\/de\/wp-json\/wp\/v2\/product"}],"about":[{"href":"https:\/\/higheasy.cn\/de\/wp-json\/wp\/v2\/types\/product"}],"wp:featuredmedia":[{"embeddable":true,"href":"https:\/\/higheasy.cn\/de\/wp-json\/wp\/v2\/media\/655"}],"wp:attachment":[{"href":"https:\/\/higheasy.cn\/de\/wp-json\/wp\/v2\/media?parent=654"}],"wp:term":[{"taxonomy":"product_brand","embeddable":true,"href":"https:\/\/higheasy.cn\/de\/wp-json\/wp\/v2\/product_brand?post=654"},{"taxonomy":"product_cat","embeddable":true,"href":"https:\/\/higheasy.cn\/de\/wp-json\/wp\/v2\/product_cat?post=654"},{"taxonomy":"product_tag","embeddable":true,"href":"https:\/\/higheasy.cn\/de\/wp-json\/wp\/v2\/product_tag?post=654"}],"curies":[{"name":"wp","href":"https:\/\/api.w.org\/{rel}","templated":true}]}}