{"id":653,"date":"2023-07-25T03:40:26","date_gmt":"2023-07-25T03:40:26","guid":{"rendered":"https:\/\/mediumturquoise-pheasant-889000.hostingersite.com\/?post_type=product&#038;p=653"},"modified":"2023-10-12T13:42:38","modified_gmt":"2023-10-12T13:42:38","slug":"multi-function-packaging-machine","status":"publish","type":"product","link":"https:\/\/higheasy.cn\/de\/produkt\/multi-function-packaging-machine\/","title":{"rendered":"DF Multifunktionsverpackungsmaschine"},"content":{"rendered":"<p><img fetchpriority=\"high\" decoding=\"async\" class=\"alignnone size-full wp-image-660\" src=\"http:\/\/higheasy.cn\/wp-content\/uploads\/2023\/07\/3-1.jpg\" alt=\"factory price puffed food PET food pop corn oatflake candy multihead weigher packing machine\" width=\"1200\" height=\"1274\" srcset=\"https:\/\/higheasy.cn\/wp-content\/uploads\/2023\/07\/3-1.jpg 1200w, https:\/\/higheasy.cn\/wp-content\/uploads\/2023\/07\/3-1-300x319.jpg 300w, https:\/\/higheasy.cn\/wp-content\/uploads\/2023\/07\/3-1-283x300.jpg 283w, https:\/\/higheasy.cn\/wp-content\/uploads\/2023\/07\/3-1-965x1024.jpg 965w, https:\/\/higheasy.cn\/wp-content\/uploads\/2023\/07\/3-1-768x815.jpg 768w\" sizes=\"(max-width: 1200px) 100vw, 1200px\" \/><\/p>\n<div id=\"ali-anchor-AliPostDhMb-ul5f4\" class=\"mceSectionContainer\" data-section=\"AliPostDhMb-ul5f4\" data-section-title=\"Applications\">\n<h3>Anwendungen:<\/h3>\n<p>\u2666Es wird zum Verpacken von Getreide-, Blatt- und Streifenprodukten wie Pufflebensmitteln, PET-Lebensmitteln, Popcorn, Haferflocken, S\u00fc\u00dfigkeiten usw. verwendet.<\/p>\n<p>\u2666Die Maschine verf\u00fcgt \u00fcber ein intelligentes Steuerungssystem mit Servomotor, SPS und Touchscreen. Stabile Leistung und einfache Bedienung.<\/p>\n<p>\u2666Spezielles Beutelherstellungssystem, Pneumatik- und Servokombination, um sicherzustellen, dass der Verpackungsproduktbeutel glatt und sch\u00f6n aussieht und den Mehrwert des Produkts verbessert. Fr\u00e4ser k\u00f6nnen je nach Kundenwunsch angepasst werden, runde Ecken, Z\u00e4hne, Zahnform oder andere Sonderformen.<\/p>\n<p>\u2666 Diversifizierung der Verpackung, z. B. Beutel mit r\u00fcckseitiger Versiegelung, Beutel mit Seitenfalte, verbundener Beutel, gelochter Beutel usw.<\/p>\n<p>\u2666 Vollautomatische Beutelherstellung, Messung, Bef\u00fcllung, Versiegelung, Z\u00e4hlung und Datumsdruck.<\/p>\n<p>\u2666 Mehrkopfwaagen-Abf\u00fcllsystem f\u00fcr genaue Abf\u00fcllung und gute Anwendung bei verschiedenen Produktarten.<\/p>\n<p>\u2666 \u00c4ndern Sie die F\u00fcllvorrichtung als Kolbenpumpe f\u00fcr fl\u00fcssige\/past\u00f6se Produkte, \u00e4ndern Sie sie als Schneckentyp f\u00fcr die Pulverf\u00fcllung.<\/p>\n<\/div>\n<div id=\"ali-anchor-AliPostDhMb-b9pdk\" class=\"mceSectionContainer\" data-section=\"AliPostDhMb-b9pdk\" data-section-title=\"Production speed\">\n<h3><sub><strong>Technische Parameter :<\/strong><\/sub><\/h3>\n<table border=\"2\">\n<tbody>\n<tr>\n<td>Siegel- und Schneidmethode<\/td>\n<td>\u00a0R\u00fcckenversiegelung, Seitenfaltenbeutel<\/td>\n<\/tr>\n<tr>\n<td>Verpackungsgeschwindigkeit (Beutel\/Minute)<\/td>\n<td>10-30<\/td>\n<\/tr>\n<tr>\n<td>Beutelgr\u00f6\u00dfe (mm)<\/td>\n<td>(L) 80\u2013380 mm (B) 70\u2013250 mm<\/td>\n<\/tr>\n<tr>\n<td>Maximaler Au\u00dfendurchmesser der Folienrolle (mm)<\/td>\n<td>\u00a0\u2264\u2205450<\/td>\n<\/tr>\n<tr>\n<td>Maximale Filmbreite (mm)<\/td>\n<td>\u00a0420mm<\/td>\n<\/tr>\n<tr>\n<td>Dicke der Verpackungsfolie (mm)<\/td>\n<td>\u00a00.05-0.10<\/td>\n<\/tr>\n<tr>\n<td>Gesamtleistung (KW)<\/td>\n<td>\u00a03.5<\/td>\n<\/tr>\n<tr>\n<td>Spannung (V)<\/td>\n<td>\u00a0220 V\/50 Hz<\/td>\n<\/tr>\n<tr>\n<td>F\u00fcllbereich (Gramm)<\/td>\n<td>\u00a0100-1000g<\/td>\n<\/tr>\n<tr>\n<td>Luftverbrauch (m3\/min)<\/td>\n<td>\u00a00.3<\/td>\n<\/tr>\n<tr>\n<td>\u00a0Maschinengr\u00f6\u00dfe (mm)<\/td>\n<td>\u00a05258*2000*4550<\/td>\n<\/tr>\n<tr>\n<td>\u00a0Maschinengewicht (kg)<\/td>\n<td>\u00a01400<\/td>\n<\/tr>\n<\/tbody>\n<\/table>\n<\/div>\n<p><img decoding=\"async\" class=\"alignnone wp-image-646\" src=\"http:\/\/higheasy.cn\/wp-content\/uploads\/2023\/07\/HTB1Lnd7QMHqK1RjSZFgq6y7JXXaU.jpg\" alt=\"higheasy\" width=\"1216\" height=\"1803\" srcset=\"https:\/\/higheasy.cn\/wp-content\/uploads\/2023\/07\/HTB1Lnd7QMHqK1RjSZFgq6y7JXXaU.jpg 750w, https:\/\/higheasy.cn\/wp-content\/uploads\/2023\/07\/HTB1Lnd7QMHqK1RjSZFgq6y7JXXaU-300x445.jpg 300w, https:\/\/higheasy.cn\/wp-content\/uploads\/2023\/07\/HTB1Lnd7QMHqK1RjSZFgq6y7JXXaU-202x300.jpg 202w, https:\/\/higheasy.cn\/wp-content\/uploads\/2023\/07\/HTB1Lnd7QMHqK1RjSZFgq6y7JXXaU-691x1024.jpg 691w\" sizes=\"(max-width: 1216px) 100vw, 1216px\" \/><\/p>\n<p>Das Unternehmen verf\u00fcgt \u00fcber eine Gruppe professioneller Forschungs- und Entwicklungsteams f\u00fcr Technologie und fortschrittliche Verarbeitungsger\u00e4te sowie eine Reihe von Erfindungspatenten. Das Unternehmen produziert eine Vielzahl von Verpackungsmaschinen. Die Hauptprodukte sind: vertikale Schlauchbeutelmaschinen (VFFS), Stickpack-Maschinen, Pulververpackungsmaschinen, Fl\u00fcssigkeitsverpackungsmaschinen und Mehrkopfwaagen, die in der Lebensmittel-, Chemie- und Getr\u00e4nkeindustrie weit verbreitet sind , landwirtschaftliche Produkte, Spielzeug und Verpackungen f\u00fcr Industrieprodukte und andere Branchen. Die Produkte werden in die ganze Welt exportiert und haben in vielen L\u00e4ndern und Regionen professionelle Marketingvertreter gewonnen. Die Produkte und Dienstleistungen wurden von den Kunden einhellig anerkannt und gelobt.<\/p>\n<p><img decoding=\"async\" class=\"alignnone size-full wp-image-662\" src=\"http:\/\/higheasy.cn\/wp-content\/uploads\/2023\/07\/5.jpg\" alt=\"small yogurt production line\" width=\"1200\" height=\"604\" srcset=\"https:\/\/higheasy.cn\/wp-content\/uploads\/2023\/07\/5.jpg 1200w, https:\/\/higheasy.cn\/wp-content\/uploads\/2023\/07\/5-300x151.jpg 300w, https:\/\/higheasy.cn\/wp-content\/uploads\/2023\/07\/5-1024x515.jpg 1024w, https:\/\/higheasy.cn\/wp-content\/uploads\/2023\/07\/5-768x387.jpg 768w\" sizes=\"(max-width: 1200px) 100vw, 1200px\" \/><\/p>","protected":false},"excerpt":{"rendered":"<p>Anwendungen: \u2666 Wird zum Verpacken von Getreide-, Blatt- und Streifenprodukten wie Puffprodukten, PET-Lebensmitteln, Popcorn, Haferflocken, S\u00fc\u00dfigkeiten usw. verwendet. \u2666 Die Maschine verf\u00fcgt \u00fcber einen Servomotor, eine SPS und ein intelligentes Touchscreen-Steuerungssystem. Stabile Leistung und einfache Bedienung. \u2666 Spezielles Beutelherstellungssystem, eine Kombination aus Pneumatik und Servo, um sicherzustellen, dass der Beutel des Verpackungsprodukts [\u2026]<\/p>","protected":false},"featured_media":669,"template":"","meta":{"site-sidebar-layout":"default","site-content-layout":"default","ast-site-content-layout":"","site-content-style":"default","site-sidebar-style":"default","ast-global-header-display":"","ast-banner-title-visibility":"","ast-main-header-display":"","ast-hfb-above-header-display":"","ast-hfb-below-header-display":"","ast-hfb-mobile-header-display":"","site-post-title":"","ast-breadcrumbs-content":"","ast-featured-img":"","footer-sml-layout":"","theme-transparent-header-meta":"default","adv-header-id-meta":"","stick-header-meta":"","header-above-stick-meta":"","header-main-stick-meta":"","header-below-stick-meta":"","astra-migrate-meta-layouts":"default","ast-page-background-enabled":"default","ast-page-background-meta":{"desktop":{"background-color":"","background-image":"","background-repeat":"repeat","background-position":"center center","background-size":"auto","background-attachment":"scroll","background-type":"","background-media":"","overlay-type":"","overlay-color":"","overlay-opacity":"","overlay-gradient":""},"tablet":{"background-color":"","background-image":"","background-repeat":"repeat","background-position":"center center","background-size":"auto","background-attachment":"scroll","background-type":"","background-media":"","overlay-type":"","overlay-color":"","overlay-opacity":"","overlay-gradient":""},"mobile":{"background-color":"","background-image":"","background-repeat":"repeat","background-position":"center center","background-size":"auto","background-attachment":"scroll","background-type":"","background-media":"","overlay-type":"","overlay-color":"","overlay-opacity":"","overlay-gradient":""}},"ast-content-background-meta":{"desktop":{"background-color":"var(--ast-global-color-5)","background-image":"","background-repeat":"repeat","background-position":"center center","background-size":"auto","background-attachment":"scroll","background-type":"","background-media":"","overlay-type":"","overlay-color":"","overlay-opacity":"","overlay-gradient":""},"tablet":{"background-color":"var(--ast-global-color-5)","background-image":"","background-repeat":"repeat","background-position":"center center","background-size":"auto","background-attachment":"scroll","background-type":"","background-media":"","overlay-type":"","overlay-color":"","overlay-opacity":"","overlay-gradient":""},"mobile":{"background-color":"var(--ast-global-color-5)","background-image":"","background-repeat":"repeat","background-position":"center center","background-size":"auto","background-attachment":"scroll","background-type":"","background-media":"","overlay-type":"","overlay-color":"","overlay-opacity":"","overlay-gradient":""}}},"product_brand":[],"product_cat":[22,37],"product_tag":[],"class_list":{"0":"post-653","1":"product","2":"type-product","3":"status-publish","4":"has-post-thumbnail","6":"product_cat-hot-products","7":"product_cat-semi-auto-cup-tray-filling-sealing-machine","8":"desktop-align-left","9":"tablet-align-left","10":"mobile-align-left","12":"first","13":"instock","14":"shipping-taxable","15":"product-type-simple"},"_links":{"self":[{"href":"https:\/\/higheasy.cn\/de\/wp-json\/wp\/v2\/product\/653","targetHints":{"allow":["GET"]}}],"collection":[{"href":"https:\/\/higheasy.cn\/de\/wp-json\/wp\/v2\/product"}],"about":[{"href":"https:\/\/higheasy.cn\/de\/wp-json\/wp\/v2\/types\/product"}],"wp:featuredmedia":[{"embeddable":true,"href":"https:\/\/higheasy.cn\/de\/wp-json\/wp\/v2\/media\/669"}],"wp:attachment":[{"href":"https:\/\/higheasy.cn\/de\/wp-json\/wp\/v2\/media?parent=653"}],"wp:term":[{"taxonomy":"product_brand","embeddable":true,"href":"https:\/\/higheasy.cn\/de\/wp-json\/wp\/v2\/product_brand?post=653"},{"taxonomy":"product_cat","embeddable":true,"href":"https:\/\/higheasy.cn\/de\/wp-json\/wp\/v2\/product_cat?post=653"},{"taxonomy":"product_tag","embeddable":true,"href":"https:\/\/higheasy.cn\/de\/wp-json\/wp\/v2\/product_tag?post=653"}],"curies":[{"name":"wp","href":"https:\/\/api.w.org\/{rel}","templated":true}]}}