{"id":650,"date":"2023-07-25T03:35:47","date_gmt":"2023-07-25T03:35:47","guid":{"rendered":"https:\/\/mediumturquoise-pheasant-889000.hostingersite.com\/?post_type=product&#038;p=650"},"modified":"2023-10-12T13:43:06","modified_gmt":"2023-10-12T13:43:06","slug":"multiple-material-packing-machine","status":"publish","type":"product","link":"https:\/\/higheasy.cn\/de\/produkt\/multiple-material-packing-machine\/","title":{"rendered":"Verpackungsmaschine f\u00fcr mehrere Materialien"},"content":{"rendered":"<p><img fetchpriority=\"high\" decoding=\"async\" class=\"alignnone wp-image-651\" src=\"http:\/\/higheasy.cn\/wp-content\/uploads\/2023\/07\/19-Vertical-liquid-paste-packing-machine.jpg\" alt=\"Vertical liquid paste packing machine\" width=\"1068\" height=\"1068\" srcset=\"https:\/\/higheasy.cn\/wp-content\/uploads\/2023\/07\/19-Vertical-liquid-paste-packing-machine.jpg 800w, https:\/\/higheasy.cn\/wp-content\/uploads\/2023\/07\/19-Vertical-liquid-paste-packing-machine-300x300.jpg 300w, https:\/\/higheasy.cn\/wp-content\/uploads\/2023\/07\/19-Vertical-liquid-paste-packing-machine-100x100.jpg 100w, https:\/\/higheasy.cn\/wp-content\/uploads\/2023\/07\/19-Vertical-liquid-paste-packing-machine-150x150.jpg 150w, https:\/\/higheasy.cn\/wp-content\/uploads\/2023\/07\/19-Vertical-liquid-paste-packing-machine-768x768.jpg 768w\" sizes=\"(max-width: 1068px) 100vw, 1068px\" \/> <img decoding=\"async\" class=\"alignnone wp-image-652\" src=\"http:\/\/higheasy.cn\/wp-content\/uploads\/2023\/07\/20-Multiple-material-packing-machine.jpg\" alt=\"Vertical liquid paste packing machine\" width=\"1062\" height=\"1062\" srcset=\"https:\/\/higheasy.cn\/wp-content\/uploads\/2023\/07\/20-Multiple-material-packing-machine.jpg 800w, https:\/\/higheasy.cn\/wp-content\/uploads\/2023\/07\/20-Multiple-material-packing-machine-300x300.jpg 300w, https:\/\/higheasy.cn\/wp-content\/uploads\/2023\/07\/20-Multiple-material-packing-machine-100x100.jpg 100w, https:\/\/higheasy.cn\/wp-content\/uploads\/2023\/07\/20-Multiple-material-packing-machine-150x150.jpg 150w, https:\/\/higheasy.cn\/wp-content\/uploads\/2023\/07\/20-Multiple-material-packing-machine-768x768.jpg 768w\" sizes=\"(max-width: 1062px) 100vw, 1062px\" \/><\/p>\n<p><img decoding=\"async\" class=\"alignnone size-full wp-image-662\" src=\"http:\/\/higheasy.cn\/wp-content\/uploads\/2023\/07\/5.jpg\" alt=\"small yogurt production line\" width=\"1200\" height=\"604\" srcset=\"https:\/\/higheasy.cn\/wp-content\/uploads\/2023\/07\/5.jpg 1200w, https:\/\/higheasy.cn\/wp-content\/uploads\/2023\/07\/5-300x151.jpg 300w, https:\/\/higheasy.cn\/wp-content\/uploads\/2023\/07\/5-1024x515.jpg 1024w, https:\/\/higheasy.cn\/wp-content\/uploads\/2023\/07\/5-768x387.jpg 768w\" sizes=\"(max-width: 1200px) 100vw, 1200px\" \/><\/p>\n<p>&nbsp;<\/p>\n<div id=\"ali-anchor-AliPostDhMb-ul5f4\" class=\"mceSectionContainer\" data-section=\"AliPostDhMb-ul5f4\" data-section-title=\"Applications\">\n<h3>Anwendungen:<\/h3>\n<p>\u2666Es eignet sich zum Verpacken verschiedener fl\u00fcssiger und past\u00f6ser Produkte wie Suppe, So\u00dfe, Shampoo, Getr\u00e4nke, Sojaso\u00dfe, Kaltgetr\u00e4nke, Joghurt, Honig, Sirup und Saft usw.<\/p>\n<p>\u2666Die Maschine verf\u00fcgt \u00fcber ein intelligentes Steuerungssystem mit Servomotor, SPS und Touchscreen. Stabile Leistung und einfache Bedienung. Das Volumenmessger\u00e4t verwendet eine Servoschraubenkolbenpumpe, eine pneumatische Kolbenpumpe und eine mechanische Kolbenpumpe. Das F\u00fcllvolumen ist genau und die Einstellung ist bequem.<\/p>\n<p>\u2666Spezielles Beutelherstellungssystem, Pneumatik- und Servokombination, um sicherzustellen, dass der Verpackungsproduktbeutel glatt und sch\u00f6n aussieht und den Mehrwert des Produkts verbessert. Fr\u00e4ser k\u00f6nnen je nach Kundenwunsch angepasst werden, runde Ecken, Z\u00e4hne, Zahnform oder andere Sonderformen.<\/p>\n<\/div>\n<div id=\"ali-anchor-AliPostDhMb-b9pdk\" class=\"mceSectionContainer\" data-section=\"AliPostDhMb-b9pdk\" data-section-title=\"Production speed\">\n<h3><sub><strong>Technische Parameter :<\/strong><\/sub><\/h3>\n<p>&nbsp;<\/p>\n<\/div>\n<table border=\"2\">\n<tbody>\n<tr>\n<td><span data-spm-anchor-id=\"a2700.details.0.i35.4c6cc006YhGLJI\">Siegel- und Schneidmethode\u00a0<\/span><\/td>\n<td>Hintere Dichtung, 3-seitige Dichtung, 4-seitige Dichtung<\/td>\n<\/tr>\n<tr>\n<td>Verpackungsgeschwindigkeit (Beutel\/Minute)<\/td>\n<td>20\/50<\/td>\n<\/tr>\n<tr>\n<td>Beutelgr\u00f6\u00dfe (mm)<\/td>\n<td>\u00a0 L\u00e4nge: 20-200 Breite: 20-100<\/td>\n<\/tr>\n<tr>\n<td>Maximaler Au\u00dfendurchmesser der Folienrolle (mm)<\/td>\n<td>\u00a0\u2264\u2205450<\/td>\n<\/tr>\n<tr>\n<td>Maximale Filmbreite (mm)<\/td>\n<td>\u00a0200<\/td>\n<\/tr>\n<tr>\n<td>Dicke der Verpackungsfolie (mm)<\/td>\n<td>\u00a00.05-0.10<\/td>\n<\/tr>\n<tr>\n<td>Gesamtleistung (KW)<\/td>\n<td>\u00a03.5<\/td>\n<\/tr>\n<tr>\n<td>Spannung (V)<\/td>\n<td>\u00a0220 V\/50 Hz<\/td>\n<\/tr>\n<tr>\n<td>F\u00fcllbereich (ml)<\/td>\n<td>\u00a05-150, 150-500,500-1000 ml<\/td>\n<\/tr>\n<tr>\n<td>Luftverbrauch (m3\/min)<\/td>\n<td>\u00a00.23<\/td>\n<\/tr>\n<tr>\n<td>\u00a0Maschinengr\u00f6\u00dfe (mm)<\/td>\n<td>\u00a0970*900*2250<\/td>\n<\/tr>\n<tr>\n<td>\u00a0Maschinengewicht (kg)<\/td>\n<td>\u00a0350<\/td>\n<\/tr>\n<\/tbody>\n<\/table>\n<p><img loading=\"lazy\" decoding=\"async\" class=\"alignnone wp-image-646\" src=\"http:\/\/higheasy.cn\/wp-content\/uploads\/2023\/07\/HTB1Lnd7QMHqK1RjSZFgq6y7JXXaU.jpg\" alt=\"higheasy\" width=\"1216\" height=\"1803\" srcset=\"https:\/\/higheasy.cn\/wp-content\/uploads\/2023\/07\/HTB1Lnd7QMHqK1RjSZFgq6y7JXXaU.jpg 750w, https:\/\/higheasy.cn\/wp-content\/uploads\/2023\/07\/HTB1Lnd7QMHqK1RjSZFgq6y7JXXaU-300x445.jpg 300w, https:\/\/higheasy.cn\/wp-content\/uploads\/2023\/07\/HTB1Lnd7QMHqK1RjSZFgq6y7JXXaU-202x300.jpg 202w, https:\/\/higheasy.cn\/wp-content\/uploads\/2023\/07\/HTB1Lnd7QMHqK1RjSZFgq6y7JXXaU-691x1024.jpg 691w\" sizes=\"(max-width: 1216px) 100vw, 1216px\" \/><\/p>\n<p>Das Unternehmen verf\u00fcgt \u00fcber eine Gruppe professioneller Forschungs- und Entwicklungsteams f\u00fcr Technologie und fortschrittliche Verarbeitungsger\u00e4te sowie eine Reihe von Erfindungspatenten. Das Unternehmen produziert eine Vielzahl von Verpackungsmaschinen. Die Hauptprodukte sind: vertikale Schlauchbeutelmaschinen (VFFS), Stickpack-Maschinen, Pulververpackungsmaschinen, Fl\u00fcssigkeitsverpackungsmaschinen und Mehrkopfwaagen, die in der Lebensmittel-, Chemie- und Getr\u00e4nkeindustrie weit verbreitet sind , landwirtschaftliche Produkte, Spielzeug und Verpackungen f\u00fcr Industrieprodukte und andere Branchen. Die Produkte werden in die ganze Welt exportiert und haben in vielen L\u00e4ndern und Regionen professionelle Marketingvertreter gewonnen. Die Produkte und Dienstleistungen wurden von den Kunden einhellig anerkannt und gelobt.<\/p>","protected":false},"excerpt":{"rendered":"<p>&nbsp; Applications: &#x2666;It is suitable for the packaging of different liquid and paste product, such as soup, sauce, shampoo, beverage, soy sauce ,chilly ,yoghurt, honey, syrup and juice etc. &#x2666;The machine adopts servo motor, PLC and touch screen intelligent control system. Stable performance and easy operation. Volume measuring device adopts servo screw piston pump, pneumatic [&hellip;]<\/p>","protected":false},"featured_media":652,"template":"","meta":{"site-sidebar-layout":"default","site-content-layout":"default","ast-site-content-layout":"","site-content-style":"default","site-sidebar-style":"default","ast-global-header-display":"","ast-banner-title-visibility":"","ast-main-header-display":"","ast-hfb-above-header-display":"","ast-hfb-below-header-display":"","ast-hfb-mobile-header-display":"","site-post-title":"","ast-breadcrumbs-content":"","ast-featured-img":"","footer-sml-layout":"","theme-transparent-header-meta":"default","adv-header-id-meta":"","stick-header-meta":"","header-above-stick-meta":"","header-main-stick-meta":"","header-below-stick-meta":"","astra-migrate-meta-layouts":"default","ast-page-background-enabled":"default","ast-page-background-meta":{"desktop":{"background-color":"","background-image":"","background-repeat":"repeat","background-position":"center center","background-size":"auto","background-attachment":"scroll","background-type":"","background-media":"","overlay-type":"","overlay-color":"","overlay-opacity":"","overlay-gradient":""},"tablet":{"background-color":"","background-image":"","background-repeat":"repeat","background-position":"center center","background-size":"auto","background-attachment":"scroll","background-type":"","background-media":"","overlay-type":"","overlay-color":"","overlay-opacity":"","overlay-gradient":""},"mobile":{"background-color":"","background-image":"","background-repeat":"repeat","background-position":"center center","background-size":"auto","background-attachment":"scroll","background-type":"","background-media":"","overlay-type":"","overlay-color":"","overlay-opacity":"","overlay-gradient":""}},"ast-content-background-meta":{"desktop":{"background-color":"var(--ast-global-color-5)","background-image":"","background-repeat":"repeat","background-position":"center center","background-size":"auto","background-attachment":"scroll","background-type":"","background-media":"","overlay-type":"","overlay-color":"","overlay-opacity":"","overlay-gradient":""},"tablet":{"background-color":"var(--ast-global-color-5)","background-image":"","background-repeat":"repeat","background-position":"center center","background-size":"auto","background-attachment":"scroll","background-type":"","background-media":"","overlay-type":"","overlay-color":"","overlay-opacity":"","overlay-gradient":""},"mobile":{"background-color":"var(--ast-global-color-5)","background-image":"","background-repeat":"repeat","background-position":"center center","background-size":"auto","background-attachment":"scroll","background-type":"","background-media":"","overlay-type":"","overlay-color":"","overlay-opacity":"","overlay-gradient":""}}},"product_brand":[],"product_cat":[22,35],"product_tag":[],"class_list":{"0":"post-650","1":"product","2":"type-product","3":"status-publish","4":"has-post-thumbnail","6":"product_cat-hot-products","7":"product_cat-vffs-vertical-packing-machine","8":"desktop-align-left","9":"tablet-align-left","10":"mobile-align-left","12":"first","13":"instock","14":"shipping-taxable","15":"product-type-simple"},"_links":{"self":[{"href":"https:\/\/higheasy.cn\/de\/wp-json\/wp\/v2\/product\/650","targetHints":{"allow":["GET"]}}],"collection":[{"href":"https:\/\/higheasy.cn\/de\/wp-json\/wp\/v2\/product"}],"about":[{"href":"https:\/\/higheasy.cn\/de\/wp-json\/wp\/v2\/types\/product"}],"wp:featuredmedia":[{"embeddable":true,"href":"https:\/\/higheasy.cn\/de\/wp-json\/wp\/v2\/media\/652"}],"wp:attachment":[{"href":"https:\/\/higheasy.cn\/de\/wp-json\/wp\/v2\/media?parent=650"}],"wp:term":[{"taxonomy":"product_brand","embeddable":true,"href":"https:\/\/higheasy.cn\/de\/wp-json\/wp\/v2\/product_brand?post=650"},{"taxonomy":"product_cat","embeddable":true,"href":"https:\/\/higheasy.cn\/de\/wp-json\/wp\/v2\/product_cat?post=650"},{"taxonomy":"product_tag","embeddable":true,"href":"https:\/\/higheasy.cn\/de\/wp-json\/wp\/v2\/product_tag?post=650"}],"curies":[{"name":"wp","href":"https:\/\/api.w.org\/{rel}","templated":true}]}}