{"id":639,"date":"2023-07-25T02:59:41","date_gmt":"2023-07-25T02:59:41","guid":{"rendered":"https:\/\/mediumturquoise-pheasant-889000.hostingersite.com\/?post_type=product&#038;p=639"},"modified":"2023-10-12T13:44:00","modified_gmt":"2023-10-12T13:44:00","slug":"hsd-filling-and-cap-screwing-machine","status":"publish","type":"product","link":"https:\/\/higheasy.cn\/de\/produkt\/hsd-filling-and-cap-screwing-machine\/","title":{"rendered":"HSD-Abf\u00fcll- und Deckelverschraubungsmaschine"},"content":{"rendered":"<p><img fetchpriority=\"high\" decoding=\"async\" class=\"alignnone size-full wp-image-659\" src=\"http:\/\/higheasy.cn\/wp-content\/uploads\/2023\/07\/2.jpg\" alt=\"small yogurt production line\" width=\"1200\" height=\"1216\" srcset=\"https:\/\/higheasy.cn\/wp-content\/uploads\/2023\/07\/2.jpg 1200w, https:\/\/higheasy.cn\/wp-content\/uploads\/2023\/07\/2-100x100.jpg 100w, https:\/\/higheasy.cn\/wp-content\/uploads\/2023\/07\/2-300x304.jpg 300w, https:\/\/higheasy.cn\/wp-content\/uploads\/2023\/07\/2-296x300.jpg 296w, https:\/\/higheasy.cn\/wp-content\/uploads\/2023\/07\/2-1011x1024.jpg 1011w, https:\/\/higheasy.cn\/wp-content\/uploads\/2023\/07\/2-768x778.jpg 768w\" sizes=\"(max-width: 1200px) 100vw, 1200px\" \/> <img decoding=\"async\" class=\"alignnone size-full wp-image-663\" src=\"http:\/\/higheasy.cn\/wp-content\/uploads\/2023\/07\/6.jpg\" alt=\"small yogurt production line\" width=\"1200\" height=\"606\" srcset=\"https:\/\/higheasy.cn\/wp-content\/uploads\/2023\/07\/6.jpg 1200w, https:\/\/higheasy.cn\/wp-content\/uploads\/2023\/07\/6-300x152.jpg 300w, https:\/\/higheasy.cn\/wp-content\/uploads\/2023\/07\/6-1024x517.jpg 1024w, https:\/\/higheasy.cn\/wp-content\/uploads\/2023\/07\/6-768x388.jpg 768w\" sizes=\"(max-width: 1200px) 100vw, 1200px\" \/><\/p>\n<p><img decoding=\"async\" class=\"aligncenter\" src=\"https:\/\/sc04.alicdn.com\/kf\/Hfa1a94aede2f4e69968647da795874d8M\/222958773\/Hfa1a94aede2f4e69968647da795874d8M.jpg\" alt=\"Factory price automatic mayonnaise vinegar fruit juice ketchup spout pouch filling capping machine\" width=\"1041\" height=\"1041\" data-src=\"\/\/sc04.alicdn.com\/kf\/Hfa1a94aede2f4e69968647da795874d8M\/222958773\/Hfa1a94aede2f4e69968647da795874d8M.jpg\" data-alt=\"Factory price automatic mayonnaise vinegar fruit juice ketchup spout pouch filling capping machine\" data-spm-anchor-id=\"a2700.details.0.i32.47a463c3KbBtbh\" \/><img loading=\"lazy\" decoding=\"async\" class=\"aligncenter\" src=\"https:\/\/sc04.alicdn.com\/kf\/H45bbc0cfcef042a5b41f82bc4dbc2238O\/222958773\/H45bbc0cfcef042a5b41f82bc4dbc2238O.png\" alt=\"Factory price automatic mayonnaise vinegar fruit juice ketchup spout pouch filling capping machine\" width=\"1013\" height=\"1013\" data-src=\"\/\/sc04.alicdn.com\/kf\/H45bbc0cfcef042a5b41f82bc4dbc2238O\/222958773\/H45bbc0cfcef042a5b41f82bc4dbc2238O.png\" data-alt=\"Factory price automatic mayonnaise vinegar fruit juice ketchup spout pouch filling capping machine\" \/><\/p>\n<p><img loading=\"lazy\" decoding=\"async\" class=\"aligncenter\" src=\"https:\/\/sc04.alicdn.com\/kf\/H92859315dbbb41ca81a61cf9d7ebd73bK\/222958773\/H92859315dbbb41ca81a61cf9d7ebd73bK.png\" alt=\"Factory price automatic mayonnaise vinegar fruit juice ketchup spout pouch filling capping machine\" width=\"1094\" height=\"1075\" data-src=\"\/\/sc04.alicdn.com\/kf\/H92859315dbbb41ca81a61cf9d7ebd73bK\/222958773\/H92859315dbbb41ca81a61cf9d7ebd73bK.png\" data-alt=\"Factory price automatic mayonnaise vinegar fruit juice ketchup spout pouch filling capping machine\" \/><img loading=\"lazy\" decoding=\"async\" class=\"aligncenter\" src=\"https:\/\/sc04.alicdn.com\/kf\/H577298aa61b24179b0f26c038087f4709\/222958773\/H577298aa61b24179b0f26c038087f4709.png\" alt=\"Factory price automatic mayonnaise vinegar fruit juice ketchup spout pouch filling capping machine\" width=\"1153\" height=\"1153\" data-src=\"\/\/sc04.alicdn.com\/kf\/H577298aa61b24179b0f26c038087f4709\/222958773\/H577298aa61b24179b0f26c038087f4709.png\" data-alt=\"Factory price automatic mayonnaise vinegar fruit juice ketchup spout pouch filling capping machine\" \/><img loading=\"lazy\" decoding=\"async\" class=\"aligncenter\" src=\"https:\/\/sc04.alicdn.com\/kf\/Ha1535477bf794a1aa417c0382769935ei\/222958773\/Ha1535477bf794a1aa417c0382769935ei.png\" alt=\"Factory price automatic mayonnaise vinegar fruit juice ketchup spout pouch filling capping machine\" width=\"1121\" height=\"773\" data-src=\"\/\/sc04.alicdn.com\/kf\/Ha1535477bf794a1aa417c0382769935ei\/222958773\/Ha1535477bf794a1aa417c0382769935ei.png\" data-alt=\"Factory price automatic mayonnaise vinegar fruit juice ketchup spout pouch filling capping machine\" \/><\/p>\n<div id=\"ali-anchor-AliPostDhMb-ul5f4\" class=\"mceSectionContainer\" data-section=\"AliPostDhMb-ul5f4\" data-section-title=\"Applications\">\n<h3>Anwendungen:<\/h3>\n<p><span data-spm-anchor-id=\"a2700.details.0.i48.47a463c3KbBtbh\">\u2666 Die HSD-Abf\u00fcll- und Verschlussverschraubungsmaschine ist eine vollautomatische Verpackungsmaschine mit Prozessen wie automatischem Beutelladen, Beutelblasen und Vakuumieren (falls erforderlich), Beutelortung und -dosierung, F\u00fcllen mit Stickstoff, Reinigen des Ausgusses, Zuf\u00fchren und Einf\u00fchren von Verschlusskappen, Verschlie\u00dfen, Entladen.\u00a0<\/span><\/p>\n<p>\u2666 Frequenzumrichter steuert die Motorgeschwindigkeit. Es kann nicht nur mit einem CIP-Reinigungssystem und einem Sicherheitsschalter verbunden werden, sondern es k\u00f6nnen auch einige Funktionen je nach Kundenwunsch hinzugef\u00fcgt oder entfernt werden.<\/p>\n<p>\u2666 Diese Maschine eignet sich zum Verpacken von Gelee, Sojamilch, Joghurt, Mineralwasser, Saft, Eiscreme, Speise\u00f6l, Gew\u00fcrzen, Reinigungsmitteln und anderen chemischen Produkten usw.<\/p>\n<\/div>\n<div id=\"ali-anchor-AliPostDhMb-b9pdk\" class=\"mceSectionContainer\" data-section=\"AliPostDhMb-b9pdk\" data-section-title=\"Production speed\">\n<h3><sub><strong>HSD-SERIE:<\/strong><\/sub><\/h3>\n<p><sub><strong>Produktionskapazit\u00e4t: 50-450 ml (kundenspezifisch)<\/strong><\/sub><\/p>\n<table border=\"3\">\n<tbody>\n<tr>\n<td><strong>Modell<\/strong><\/td>\n<td><strong>Produktionsgeschwindigkeit<\/strong><\/td>\n<\/tr>\n<tr>\n<td><strong>HSD-4<\/strong><\/td>\n<td><strong>3600\u20134800 Beutel\/Stunde<\/strong><\/td>\n<\/tr>\n<tr>\n<td><strong>HSD-5<\/strong><\/td>\n<td><strong>4500\u20136000 Beutel\/Stunde<\/strong><\/td>\n<\/tr>\n<tr>\n<td><strong>HSD-6<\/strong><\/td>\n<td><strong>\u00a05400-7200\u00a0<\/strong><strong>Beutel\/Stunde<\/strong><\/td>\n<\/tr>\n<tr>\n<td><strong>HSD-8<\/strong><\/td>\n<td><strong>7200\u20139600 Beutel\/Stunde<\/strong><\/td>\n<\/tr>\n<\/tbody>\n<\/table>\n<\/div>\n<p>&nbsp;<\/p>\n<p><img loading=\"lazy\" decoding=\"async\" class=\"alignnone wp-image-646\" src=\"http:\/\/higheasy.cn\/wp-content\/uploads\/2023\/07\/HTB1Lnd7QMHqK1RjSZFgq6y7JXXaU.jpg\" alt=\"higheasy\" width=\"1216\" height=\"1803\" srcset=\"https:\/\/higheasy.cn\/wp-content\/uploads\/2023\/07\/HTB1Lnd7QMHqK1RjSZFgq6y7JXXaU.jpg 750w, https:\/\/higheasy.cn\/wp-content\/uploads\/2023\/07\/HTB1Lnd7QMHqK1RjSZFgq6y7JXXaU-300x445.jpg 300w, https:\/\/higheasy.cn\/wp-content\/uploads\/2023\/07\/HTB1Lnd7QMHqK1RjSZFgq6y7JXXaU-202x300.jpg 202w, https:\/\/higheasy.cn\/wp-content\/uploads\/2023\/07\/HTB1Lnd7QMHqK1RjSZFgq6y7JXXaU-691x1024.jpg 691w\" sizes=\"(max-width: 1216px) 100vw, 1216px\" \/><\/p>\n<p>Das Unternehmen verf\u00fcgt \u00fcber eine Gruppe professioneller Forschungs- und Entwicklungsteams f\u00fcr Technologie und fortschrittliche Verarbeitungsger\u00e4te sowie eine Reihe von Erfindungspatenten. Das Unternehmen produziert eine Vielzahl von Verpackungsmaschinen. Die Hauptprodukte sind: vertikale Schlauchbeutelmaschinen (VFFS), Stickpack-Maschinen, Pulververpackungsmaschinen, Fl\u00fcssigkeitsverpackungsmaschinen und Mehrkopfwaagen, die in der Lebensmittel-, Chemie- und Getr\u00e4nkeindustrie weit verbreitet sind , landwirtschaftliche Produkte, Spielzeug und Verpackungen f\u00fcr Industrieprodukte und andere Branchen. Die Produkte werden in die ganze Welt exportiert und haben in vielen L\u00e4ndern und Regionen professionelle Marketingvertreter gewonnen. Die Produkte und Dienstleistungen wurden von den Kunden einhellig anerkannt und gelobt.<\/p>\n<p><img loading=\"lazy\" decoding=\"async\" class=\"alignnone size-full wp-image-662\" src=\"http:\/\/higheasy.cn\/wp-content\/uploads\/2023\/07\/5.jpg\" alt=\"small yogurt production line\" width=\"1200\" height=\"604\" srcset=\"https:\/\/higheasy.cn\/wp-content\/uploads\/2023\/07\/5.jpg 1200w, https:\/\/higheasy.cn\/wp-content\/uploads\/2023\/07\/5-300x151.jpg 300w, https:\/\/higheasy.cn\/wp-content\/uploads\/2023\/07\/5-1024x515.jpg 1024w, https:\/\/higheasy.cn\/wp-content\/uploads\/2023\/07\/5-768x387.jpg 768w\" sizes=\"(max-width: 1200px) 100vw, 1200px\" \/><\/p>","protected":false},"excerpt":{"rendered":"<p>Applications: &#x2666; HSD filling and cap-screwing machine is a full automatic package machine with such processes as automatic pouch-loading, pouch blowing &amp; vacuuming(if needed), pouch-locating and dosing filling, nitrogen filling,\u00a0 spout cleaning, cap feeding and inserting, capping, discharging.\u00a0 &#x2666; Frequency converter controls motor speed. Not only it can be connected with CIP cleaning system and [&hellip;]<\/p>","protected":false},"featured_media":640,"template":"","meta":{"site-sidebar-layout":"default","site-content-layout":"default","ast-site-content-layout":"","site-content-style":"default","site-sidebar-style":"default","ast-global-header-display":"","ast-banner-title-visibility":"","ast-main-header-display":"","ast-hfb-above-header-display":"","ast-hfb-below-header-display":"","ast-hfb-mobile-header-display":"","site-post-title":"","ast-breadcrumbs-content":"","ast-featured-img":"","footer-sml-layout":"","theme-transparent-header-meta":"default","adv-header-id-meta":"","stick-header-meta":"","header-above-stick-meta":"","header-main-stick-meta":"","header-below-stick-meta":"","astra-migrate-meta-layouts":"default","ast-page-background-enabled":"default","ast-page-background-meta":{"desktop":{"background-color":"","background-image":"","background-repeat":"repeat","background-position":"center center","background-size":"auto","background-attachment":"scroll","background-type":"","background-media":"","overlay-type":"","overlay-color":"","overlay-opacity":"","overlay-gradient":""},"tablet":{"background-color":"","background-image":"","background-repeat":"repeat","background-position":"center center","background-size":"auto","background-attachment":"scroll","background-type":"","background-media":"","overlay-type":"","overlay-color":"","overlay-opacity":"","overlay-gradient":""},"mobile":{"background-color":"","background-image":"","background-repeat":"repeat","background-position":"center center","background-size":"auto","background-attachment":"scroll","background-type":"","background-media":"","overlay-type":"","overlay-color":"","overlay-opacity":"","overlay-gradient":""}},"ast-content-background-meta":{"desktop":{"background-color":"var(--ast-global-color-5)","background-image":"","background-repeat":"repeat","background-position":"center center","background-size":"auto","background-attachment":"scroll","background-type":"","background-media":"","overlay-type":"","overlay-color":"","overlay-opacity":"","overlay-gradient":""},"tablet":{"background-color":"var(--ast-global-color-5)","background-image":"","background-repeat":"repeat","background-position":"center center","background-size":"auto","background-attachment":"scroll","background-type":"","background-media":"","overlay-type":"","overlay-color":"","overlay-opacity":"","overlay-gradient":""},"mobile":{"background-color":"var(--ast-global-color-5)","background-image":"","background-repeat":"repeat","background-position":"center center","background-size":"auto","background-attachment":"scroll","background-type":"","background-media":"","overlay-type":"","overlay-color":"","overlay-opacity":"","overlay-gradient":""}}},"product_brand":[],"product_cat":[22,31],"product_tag":[],"class_list":{"0":"post-639","1":"product","2":"type-product","3":"status-publish","4":"has-post-thumbnail","6":"product_cat-hot-products","7":"product_cat-cup-filling-sealing-machine","8":"desktop-align-left","9":"tablet-align-left","10":"mobile-align-left","12":"first","13":"instock","14":"shipping-taxable","15":"product-type-simple"},"_links":{"self":[{"href":"https:\/\/higheasy.cn\/de\/wp-json\/wp\/v2\/product\/639","targetHints":{"allow":["GET"]}}],"collection":[{"href":"https:\/\/higheasy.cn\/de\/wp-json\/wp\/v2\/product"}],"about":[{"href":"https:\/\/higheasy.cn\/de\/wp-json\/wp\/v2\/types\/product"}],"wp:featuredmedia":[{"embeddable":true,"href":"https:\/\/higheasy.cn\/de\/wp-json\/wp\/v2\/media\/640"}],"wp:attachment":[{"href":"https:\/\/higheasy.cn\/de\/wp-json\/wp\/v2\/media?parent=639"}],"wp:term":[{"taxonomy":"product_brand","embeddable":true,"href":"https:\/\/higheasy.cn\/de\/wp-json\/wp\/v2\/product_brand?post=639"},{"taxonomy":"product_cat","embeddable":true,"href":"https:\/\/higheasy.cn\/de\/wp-json\/wp\/v2\/product_cat?post=639"},{"taxonomy":"product_tag","embeddable":true,"href":"https:\/\/higheasy.cn\/de\/wp-json\/wp\/v2\/product_tag?post=639"}],"curies":[{"name":"wp","href":"https:\/\/api.w.org\/{rel}","templated":true}]}}