{"id":1250,"date":"2024-05-08T14:13:32","date_gmt":"2024-05-08T14:13:32","guid":{"rendered":"https:\/\/mediumturquoise-pheasant-889000.hostingersite.com\/?post_type=product&#038;p=1250"},"modified":"2024-05-08T14:16:44","modified_gmt":"2024-05-08T14:16:44","slug":"3rd-generation-gummy-depositor","status":"publish","type":"product","link":"https:\/\/higheasy.cn\/de\/produkt\/3rd-generation-gummy-depositor\/","title":{"rendered":"Gummib\u00e4rchen-Abgeber der 3. Generation"},"content":{"rendered":"<p><strong><b>detaillierte Beschreibung<\/b><\/strong><\/p>\n<p><img fetchpriority=\"high\" decoding=\"async\" class=\"alignnone size-full wp-image-1242\" src=\"http:\/\/higheasy.cn\/wp-content\/uploads\/2024\/05\/11.png\" alt=\"\" width=\"1200\" height=\"669\" srcset=\"https:\/\/higheasy.cn\/wp-content\/uploads\/2024\/05\/11.png 1200w, https:\/\/higheasy.cn\/wp-content\/uploads\/2024\/05\/11-300x167.png 300w, https:\/\/higheasy.cn\/wp-content\/uploads\/2024\/05\/11-1024x571.png 1024w, https:\/\/higheasy.cn\/wp-content\/uploads\/2024\/05\/11-768x428.png 768w, https:\/\/higheasy.cn\/wp-content\/uploads\/2024\/05\/11-18x10.png 18w\" sizes=\"(max-width: 1200px) 100vw, 1200px\" \/> <img decoding=\"async\" class=\"alignnone size-full wp-image-1243\" src=\"http:\/\/higheasy.cn\/wp-content\/uploads\/2024\/05\/22.png\" alt=\"\" width=\"1200\" height=\"648\" srcset=\"https:\/\/higheasy.cn\/wp-content\/uploads\/2024\/05\/22.png 1200w, https:\/\/higheasy.cn\/wp-content\/uploads\/2024\/05\/22-300x162.png 300w, https:\/\/higheasy.cn\/wp-content\/uploads\/2024\/05\/22-1024x553.png 1024w, https:\/\/higheasy.cn\/wp-content\/uploads\/2024\/05\/22-768x415.png 768w, https:\/\/higheasy.cn\/wp-content\/uploads\/2024\/05\/22-18x10.png 18w\" sizes=\"(max-width: 1200px) 100vw, 1200px\" \/> <img decoding=\"async\" class=\"alignnone size-full wp-image-1244\" src=\"http:\/\/higheasy.cn\/wp-content\/uploads\/2024\/05\/33.png\" alt=\"\" width=\"1200\" height=\"639\" srcset=\"https:\/\/higheasy.cn\/wp-content\/uploads\/2024\/05\/33.png 1200w, https:\/\/higheasy.cn\/wp-content\/uploads\/2024\/05\/33-300x160.png 300w, https:\/\/higheasy.cn\/wp-content\/uploads\/2024\/05\/33-1024x545.png 1024w, https:\/\/higheasy.cn\/wp-content\/uploads\/2024\/05\/33-768x409.png 768w, https:\/\/higheasy.cn\/wp-content\/uploads\/2024\/05\/33-18x10.png 18w\" sizes=\"(max-width: 1200px) 100vw, 1200px\" \/> <img loading=\"lazy\" decoding=\"async\" class=\"alignnone size-full wp-image-1245\" src=\"http:\/\/higheasy.cn\/wp-content\/uploads\/2024\/05\/44.png\" alt=\"\" width=\"1200\" height=\"656\" srcset=\"https:\/\/higheasy.cn\/wp-content\/uploads\/2024\/05\/44.png 1200w, https:\/\/higheasy.cn\/wp-content\/uploads\/2024\/05\/44-300x164.png 300w, https:\/\/higheasy.cn\/wp-content\/uploads\/2024\/05\/44-1024x560.png 1024w, https:\/\/higheasy.cn\/wp-content\/uploads\/2024\/05\/44-768x420.png 768w, https:\/\/higheasy.cn\/wp-content\/uploads\/2024\/05\/44-18x10.png 18w\" sizes=\"(max-width: 1200px) 100vw, 1200px\" \/><\/p>\n<p><img loading=\"lazy\" decoding=\"async\" class=\"alignnone size-full wp-image-1240\" src=\"http:\/\/higheasy.cn\/wp-content\/uploads\/2024\/05\/6-1.jpg\" alt=\"\" width=\"985\" height=\"1269\" srcset=\"https:\/\/higheasy.cn\/wp-content\/uploads\/2024\/05\/6-1.jpg 985w, https:\/\/higheasy.cn\/wp-content\/uploads\/2024\/05\/6-1-300x386.jpg 300w, https:\/\/higheasy.cn\/wp-content\/uploads\/2024\/05\/6-1-233x300.jpg 233w, https:\/\/higheasy.cn\/wp-content\/uploads\/2024\/05\/6-1-795x1024.jpg 795w, https:\/\/higheasy.cn\/wp-content\/uploads\/2024\/05\/6-1-768x989.jpg 768w, https:\/\/higheasy.cn\/wp-content\/uploads\/2024\/05\/6-1-9x12.jpg 9w\" sizes=\"(max-width: 985px) 100vw, 985px\" \/><\/p>\n<p><strong><b>Produktionsknoten:<\/b><\/strong><\/p>\n<p><img loading=\"lazy\" decoding=\"async\" class=\"alignnone size-full wp-image-1209\" src=\"http:\/\/higheasy.cn\/wp-content\/uploads\/2024\/05\/333.jpg\" alt=\"\" width=\"967\" height=\"243\" srcset=\"https:\/\/higheasy.cn\/wp-content\/uploads\/2024\/05\/333.jpg 967w, https:\/\/higheasy.cn\/wp-content\/uploads\/2024\/05\/333-300x75.jpg 300w, https:\/\/higheasy.cn\/wp-content\/uploads\/2024\/05\/333-768x193.jpg 768w, https:\/\/higheasy.cn\/wp-content\/uploads\/2024\/05\/333-18x5.jpg 18w\" sizes=\"(max-width: 967px) 100vw, 967px\" \/><\/p>\n<p><strong><b>Gesch\u00e4ftsbedingungen:<\/b><\/strong><\/p>\n<p>1.Zahlung:<strong><b>\u00a0<\/b><\/strong>Der K\u00e4ufer bezahlt die Rechnung per T\/T oder einer anderen, von beiden Parteien vereinbarten Zahlungsmethode.<\/p>\n<p>Anzahlung: 40%, n\u00e4mlich USD<u>\u00a0\u00a0\u00a0\u00a0\u00a0<\/u><\/p>\n<p>Saldo: 60%, n\u00e4mlich USD<u>\u00a0\u00a0\u00a0\u00a0\u00a0<\/u>\u00a0muss sp\u00e4testens 3 Werktage vor der Lieferung bezahlt werden.<\/p>\n<p>2. Bankgeb\u00fchren: Alle Bankgeb\u00fchren au\u00dferhalb Chinas gehen zu Lasten des K\u00e4ufers.<\/p>\n<p>3.Wichtige Begriffe<strong><b>:<\/b><\/strong>Sobald der Vertrag unterzeichnet ist, haben weder der K\u00e4ufer noch der Verk\u00e4ufer das Recht, den Inhalt des Vertrags einseitig zu \u00e4ndern. Sobald die Waren verkauft sind, werden keine R\u00fccksendungen oder R\u00fcckerstattungen mehr akzeptiert, es sei denn, es liegt ein Qualit\u00e4tsproblem mit der Ausr\u00fcstung selbst vor. Bei allen kundenspezifischen Waren ist es dem K\u00e4ufer nach Unterzeichnung des Vertrags nicht gestattet, auf irgendeine Weise eine R\u00fcckerstattung zu beantragen, solange der Verk\u00e4ufer die Waren gem\u00e4\u00df den vereinbarten Bedingungen produziert.<\/p>\n<p>4. Inspektion vor der Lieferung:<\/p>\n<p>Vor der Lieferung muss der Verk\u00e4ufer die Maschinen gr\u00fcndlich auf Qualit\u00e4t, Spezifikationen, Leistung und Quantit\u00e4t pr\u00fcfen. Der K\u00e4ufer kann gerne einen Techniker in die Fabrik des Verk\u00e4ufers schicken, um eine pers\u00f6nliche Inspektion und Schulung zur Bedienung der Maschinen durchzuf\u00fchren. Wenn der K\u00e4ufer Tests mit Schokolade oder anderen Zutaten durchf\u00fchren m\u00f6chte, muss er die erforderlichen Zutaten bereitstellen und bezahlen. Die Tests werden auf der Grundlage der spezifischen W\u00fcnsche des K\u00e4ufers durchgef\u00fchrt. Der erste Test ist arbeitskostenfrei, f\u00fcr zus\u00e4tzliche Tests fallen jedoch Arbeitskosten an. Der K\u00e4ufer muss die Lieferung innerhalb eines Monats nach der Benachrichtigung des Verk\u00e4ufers \u00fcber die Lieferbereitschaft annehmen; andernfalls tr\u00e4gt der K\u00e4ufer Geb\u00fchren, wie z. B. Lagerkosten, aber nicht beschr\u00e4nkt darauf.<\/p>\n<p>5.Installation und Inbetriebnahme:<\/p>\n<p>Kosten einschlie\u00dflich Visum, Hin- und R\u00fcckflugtickets, Inlandsverkehr, Verpflegung und Unterkunft gehen zu Lasten des K\u00e4ufers. Es f\u00e4llt eine Servicegeb\u00fchr von 200,00 USD\/Tag pro Techniker an, einschlie\u00dflich der Reise- und Quarant\u00e4nezeit in beiden L\u00e4ndern.<\/p>\n<p>6.Voraussetzung der Installation:<\/p>\n<p>*Der K\u00e4ufer platziert die Maschinen gem\u00e4\u00df den Anweisungen des Verk\u00e4ufers.<\/p>\n<p>*Der K\u00e4ufer muss die Grundressourcen einschlie\u00dflich Wasser, Strom, Dampf, Druckluft und K\u00fchlung bereitstellen.<\/p>\n<p>Turm, Gabelstapler usw.<\/p>\n<p>*Der K\u00e4ufer bereitet die Zutaten f\u00fcr den Maschinentest vor.<\/p>\n<p>*Der K\u00e4ufer ist f\u00fcr die Installation der Klimaanlage verantwortlich, einschlie\u00dflich der Beauftragung eines Klimaanlagenspezialisten und der Vorbereitung der Kupferleitungen.<\/p>\n<p>Rohre, Wasserrohre, Draht und Freon, Wasserturm usw.<\/p>\n<p>7. Garantie: Vorausgesetzt, dass die Ausr\u00fcstung unter normalen Bedingungen betrieben und gewartet wird, haben die Maschinen eine Standardgarantiezeit von einem Jahr (ausgenommen Verschlei\u00dfteile), die mit dem erfolgreichen Installationsdatum beginnt, jedoch nicht sp\u00e4ter als 14 Monate nach dem im Frachtbrief angegebenen Versanddatum endet. Sch\u00e4den, die durch unsachgem\u00e4\u00dfen Betrieb, Unf\u00e4lle, Naturkatastrophen oder andere Ereignisse h\u00f6herer Gewalt entstehen, sind nicht durch die Garantiezeit abgedeckt. In F\u00e4llen, in denen der Verk\u00e4ufer einen Techniker zum Standort des K\u00e4ufers schickt, um den K\u00e4ufer zu reparieren oder zu schulen, tr\u00e4gt der K\u00e4ufer alle Kosten. Der Verk\u00e4ufer beh\u00e4lt sich das Recht vor, die Entsendung von Technikern in unvorhersehbaren Umst\u00e4nden abzulehnen, die ihre Sicherheit gef\u00e4hrden k\u00f6nnten, wie etwa Krieg, Naturkatastrophen, religi\u00f6se Konflikte und andere Ereignisse h\u00f6herer Gewalt.<\/p>\n<p><strong><b>* Unsere Fabrik<\/b><\/strong><\/p>\n<p>Wir sind ein privater Partnerschaftsunternehmer, der sich auf die Herstellung von Schokoladenmaschinen der mittleren bis oberen Klasse spezialisiert hat, wie zum Beispiel Schokoladenkugelm\u00fchlen, Schokoladentemperiermaschinen, Schokoladenformmaschinen, Schokoladen\u00fcberzugsmaschinen, Schokoladen\u00fcberziehmaschinen, Haferflockenschokoladenmaschinen usw. Wir haben ein starkes professionelles Forschungs- und Entwicklungsteam und ein Produktionsteam. Unser Unternehmen folgt stets dem Grundsatz, dass Service die Grundlage des Gesch\u00e4fts bildet und Qualit\u00e4t den Markt gewinnt. Unsere Schokoladenger\u00e4te sind in der Lebensmittelindustrie beliebt. Gleichzeitig sind die mit unseren Ger\u00e4ten hergestellten Produkte auch in der S\u00fc\u00dfwarenindustrie f\u00fchrend. Au\u00dfer auf dem Inlandsmarkt wurden unsere Ger\u00e4te in gro\u00dfem Umfang in die USA, nach Kanada, Australien, Russland und in viele andere L\u00e4nder der Welt verkauft. Wir haben unsere Technologie st\u00e4ndig erneuert und verbessert und uns dem Ziel verschrieben, das Vertrauen und die Unterst\u00fctzung unserer Kunden zu gewinnen, indem wir hochwertige Schokoladenmaschinen und exzellenten Service anbieten. Wir freuen uns darauf, mit Ihnen f\u00fcr eine bessere Zukunft f\u00fcr uns beide zusammenzuarbeiten.<\/p>\n<p><img loading=\"lazy\" decoding=\"async\" class=\"alignnone size-full wp-image-1210\" src=\"http:\/\/higheasy.cn\/wp-content\/uploads\/2024\/05\/444.jpg\" alt=\"\" width=\"1367\" height=\"905\" srcset=\"https:\/\/higheasy.cn\/wp-content\/uploads\/2024\/05\/444.jpg 1367w, https:\/\/higheasy.cn\/wp-content\/uploads\/2024\/05\/444-300x199.jpg 300w, https:\/\/higheasy.cn\/wp-content\/uploads\/2024\/05\/444-1024x678.jpg 1024w, https:\/\/higheasy.cn\/wp-content\/uploads\/2024\/05\/444-768x508.jpg 768w, https:\/\/higheasy.cn\/wp-content\/uploads\/2024\/05\/444-18x12.jpg 18w\" sizes=\"(max-width: 1367px) 100vw, 1367px\" \/><\/p>","protected":false},"excerpt":{"rendered":"<p>Detailed Description Production Node: Terms and Conditions: 1.Payment:\u00a0The buyer shall pay the invoice by T\/T or other payment method agreed by both parties. Down payment: 40%,namely USD\u00a0\u00a0\u00a0\u00a0\u00a0 Balance:60%,namely USD\u00a0\u00a0\u00a0\u00a0\u00a0\u00a0should be paid at least 3 working days before delivery. 2.Bank charges:All bank charges outside China are on the buyer\u2019s. 3.Important terms\uff1aOnce the contract is signed, neither [&hellip;]<\/p>","protected":false},"featured_media":1253,"template":"","meta":{"site-sidebar-layout":"default","site-content-layout":"","ast-site-content-layout":"default","site-content-style":"default","site-sidebar-style":"default","ast-global-header-display":"","ast-banner-title-visibility":"","ast-main-header-display":"","ast-hfb-above-header-display":"","ast-hfb-below-header-display":"","ast-hfb-mobile-header-display":"","site-post-title":"","ast-breadcrumbs-content":"","ast-featured-img":"","footer-sml-layout":"","theme-transparent-header-meta":"default","adv-header-id-meta":"","stick-header-meta":"","header-above-stick-meta":"","header-main-stick-meta":"","header-below-stick-meta":"","astra-migrate-meta-layouts":"set","ast-page-background-enabled":"default","ast-page-background-meta":{"desktop":{"background-color":"","background-image":"","background-repeat":"repeat","background-position":"center center","background-size":"auto","background-attachment":"scroll","background-type":"","background-media":"","overlay-type":"","overlay-color":"","overlay-opacity":"","overlay-gradient":""},"tablet":{"background-color":"","background-image":"","background-repeat":"repeat","background-position":"center center","background-size":"auto","background-attachment":"scroll","background-type":"","background-media":"","overlay-type":"","overlay-color":"","overlay-opacity":"","overlay-gradient":""},"mobile":{"background-color":"","background-image":"","background-repeat":"repeat","background-position":"center center","background-size":"auto","background-attachment":"scroll","background-type":"","background-media":"","overlay-type":"","overlay-color":"","overlay-opacity":"","overlay-gradient":""}},"ast-content-background-meta":{"desktop":{"background-color":"var(--ast-global-color-5)","background-image":"","background-repeat":"repeat","background-position":"center center","background-size":"auto","background-attachment":"scroll","background-type":"","background-media":"","overlay-type":"","overlay-color":"","overlay-opacity":"","overlay-gradient":""},"tablet":{"background-color":"var(--ast-global-color-5)","background-image":"","background-repeat":"repeat","background-position":"center center","background-size":"auto","background-attachment":"scroll","background-type":"","background-media":"","overlay-type":"","overlay-color":"","overlay-opacity":"","overlay-gradient":""},"mobile":{"background-color":"var(--ast-global-color-5)","background-image":"","background-repeat":"repeat","background-position":"center center","background-size":"auto","background-attachment":"scroll","background-type":"","background-media":"","overlay-type":"","overlay-color":"","overlay-opacity":"","overlay-gradient":""}}},"product_brand":[],"product_cat":[47],"product_tag":[],"class_list":{"0":"post-1250","1":"product","2":"type-product","3":"status-publish","4":"has-post-thumbnail","6":"product_cat-gummy-machine","7":"desktop-align-left","8":"tablet-align-left","9":"mobile-align-left","11":"first","12":"instock","13":"shipping-taxable","14":"product-type-simple"},"_links":{"self":[{"href":"https:\/\/higheasy.cn\/de\/wp-json\/wp\/v2\/product\/1250","targetHints":{"allow":["GET"]}}],"collection":[{"href":"https:\/\/higheasy.cn\/de\/wp-json\/wp\/v2\/product"}],"about":[{"href":"https:\/\/higheasy.cn\/de\/wp-json\/wp\/v2\/types\/product"}],"wp:featuredmedia":[{"embeddable":true,"href":"https:\/\/higheasy.cn\/de\/wp-json\/wp\/v2\/media\/1253"}],"wp:attachment":[{"href":"https:\/\/higheasy.cn\/de\/wp-json\/wp\/v2\/media?parent=1250"}],"wp:term":[{"taxonomy":"product_brand","embeddable":true,"href":"https:\/\/higheasy.cn\/de\/wp-json\/wp\/v2\/product_brand?post=1250"},{"taxonomy":"product_cat","embeddable":true,"href":"https:\/\/higheasy.cn\/de\/wp-json\/wp\/v2\/product_cat?post=1250"},{"taxonomy":"product_tag","embeddable":true,"href":"https:\/\/higheasy.cn\/de\/wp-json\/wp\/v2\/product_tag?post=1250"}],"curies":[{"name":"wp","href":"https:\/\/api.w.org\/{rel}","templated":true}]}}