{"id":1166,"date":"2024-03-04T03:06:58","date_gmt":"2024-03-04T03:06:58","guid":{"rendered":"https:\/\/mediumturquoise-pheasant-889000.hostingersite.com\/?post_type=product&#038;p=1166"},"modified":"2024-03-04T03:06:59","modified_gmt":"2024-03-04T03:06:59","slug":"reverse-osmosis-pure-water-equipment","status":"publish","type":"product","link":"https:\/\/higheasy.cn\/de\/produkt\/reverse-osmosis-pure-water-equipment\/","title":{"rendered":"Umkehrosmose-Anlage f\u00fcr reines Wasser"},"content":{"rendered":"<h2 style=\"text-align: center;\"><strong><b>Umkehrosmose-Reinwasseranlage, Direkttrinkwasseranlage, RO-Reinwassermaschine<\/b><\/strong><\/h2>\n<p>&nbsp;<\/p>\n<p><img fetchpriority=\"high\" decoding=\"async\" class=\"alignnone wp-image-1167\" src=\"http:\/\/higheasy.cn\/wp-content\/uploads\/2024\/03\/Reverse-osmosis-pure-water-equipment-direct-drinking-water-equipment-RO-pure-water-machine-1.png\" alt=\"Reverse osmosis pure water equipment\" width=\"1000\" height=\"750\" srcset=\"https:\/\/higheasy.cn\/wp-content\/uploads\/2024\/03\/Reverse-osmosis-pure-water-equipment-direct-drinking-water-equipment-RO-pure-water-machine-1.png 800w, https:\/\/higheasy.cn\/wp-content\/uploads\/2024\/03\/Reverse-osmosis-pure-water-equipment-direct-drinking-water-equipment-RO-pure-water-machine-1-300x225.png 300w, https:\/\/higheasy.cn\/wp-content\/uploads\/2024\/03\/Reverse-osmosis-pure-water-equipment-direct-drinking-water-equipment-RO-pure-water-machine-1-768x576.png 768w, https:\/\/higheasy.cn\/wp-content\/uploads\/2024\/03\/Reverse-osmosis-pure-water-equipment-direct-drinking-water-equipment-RO-pure-water-machine-1-16x12.png 16w\" sizes=\"(max-width: 1000px) 100vw, 1000px\" \/><\/p>\n<p>1.Schl\u00fcsselwort: Umkehrosmose-Reinwasseranlage, gro\u00dfe Trinkwasseranlage, RO-Umkehrosmose-Reinwasseranlage, RO-Direkttrinkwasseranlage,\uff0c<\/p>\n<p>Modell und Spezifikation: Wasserproduktion 0,5-10T\/H<\/p>\n<p>Stromversorgung 380 V\/50 Hz (Standard), andere Versorgungsspannungen k\u00f6nnen individuell angepasst werden.<\/p>\n<p>Material: FRP-Glasfaser + UPVC-Rohr oder SS304-Tank + SS304-Rohrverbindungen<\/p>\n<p>Rohwasserquellen: Leitungswasser, Grundwasser, Brunnenwasser (Leitf\u00e4higkeit des Rohwassers \u2264 500\u00a0\u00b5s\/cm)<\/p>\n<p>Produktionswasserqualit\u00e4t: reines Wasser, RO-Trinkwasser, Leitf\u00e4higkeit \u2264 10\u00a0\u00b5s\/cm<\/p>\n<p>Anwendbare Industrien: Trinkwasser, Mineralwasser, gereinigtes Wasser, direktes Trinkwasser, gereinigtes Wasser.<\/p>\n<p><img decoding=\"async\" class=\"alignnone wp-image-1168\" src=\"http:\/\/higheasy.cn\/wp-content\/uploads\/2024\/03\/Reverse-osmosis-pure-water-equipment-direct-drinking-water-equipment-RO-pure-water-machine-2.png\" alt=\"\" width=\"1000\" height=\"555\" srcset=\"https:\/\/higheasy.cn\/wp-content\/uploads\/2024\/03\/Reverse-osmosis-pure-water-equipment-direct-drinking-water-equipment-RO-pure-water-machine-2.png 735w, https:\/\/higheasy.cn\/wp-content\/uploads\/2024\/03\/Reverse-osmosis-pure-water-equipment-direct-drinking-water-equipment-RO-pure-water-machine-2-300x167.png 300w, https:\/\/higheasy.cn\/wp-content\/uploads\/2024\/03\/Reverse-osmosis-pure-water-equipment-direct-drinking-water-equipment-RO-pure-water-machine-2-18x10.png 18w\" sizes=\"(max-width: 1000px) 100vw, 1000px\" \/><\/p>\n<p>2. Schl\u00fcsselw\u00f6rter: Umkehrosmose-Reinwasserausr\u00fcstung, industrielle Reinstwasserausr\u00fcstung, deionisierte Wasserausr\u00fcstung, hochreine Wasserausr\u00fcstung,<\/p>\n<p>Modell und Spezifikation: Wasserproduktionskapazit\u00e4t 1-100T\/H<\/p>\n<p>Stromversorgung 380 V\/50 Hz (Standard), andere Versorgungsspannungen k\u00f6nnen individuell angepasst werden.<\/p>\n<p>Material: FRP-Glasfaser + UPVC-Rohr oder SS304-Tank + SS304-Rohrverbindungen<\/p>\n<p>Rohwasserquellen: kommunales Leitungswasser, Grundwasser, Brunnenwasser (Rohwasserleitf\u00e4higkeit \u2264 500\u00a0us\/cm)<\/p>\n<p>Produktionswasserqualit\u00e4t: Ultrareines Wasser, Leitf\u00e4higkeit \u2264 0,1\u00a0\u00b5s\/cm,<\/p>\n<p>Anwendbare Branchen:<\/p>\n<p>Die pharmazeutische Industrie verwendet Wasser f\u00fcr Infusionen, Injektionen, Tabletten, biochemische Produkte, Ger\u00e4tereinigung usw.<\/p>\n<p>Prozesswasser in der chemischen Industrie, chemisches Umlaufwasser, Herstellung chemischer Produkte usw.<\/p>\n<p>Antriebssystem f\u00fcr Kessel der Kraftwerksindustrie, Speisewasserkessel f\u00fcr die thermische Stromerzeugung sowie Mittel- und Niederdruckkessel in Fabriken und Bergwerken<\/p>\n<p>Wasser f\u00fcr die Lebensmittelindustrie Trinkwasser, Getr\u00e4nke, Bier, Baijiu, Gesundheitsprodukte usw.<\/p>\n<p>Entsalzung von Meer- und Brackwasser auf Inseln, Schiffen, Offshore-Bohrplattformen und in Brackwassergebieten<\/p>\n<p>Trinkwasser f\u00fcr Grundst\u00fccke, Gemeinden, Unternehmen und Institutionen usw.<\/p>\n<p>Ultraschall-Reinigungswasser, spezielle Materialien, Pr\u00e4zisionsmaschinen usw. erfordern hochreine Ultraschall-Reinigungsleitungen<\/p>\n<p>Wasser zur Werkst\u00fcckreinigung und Tankl\u00f6sung in der Galvanikindustrie<\/p>\n<p>Andere Prozesswassertr\u00e4ger, Haushaltsger\u00e4tebeschichtungen, beschichtetes Glas, Kosmetika, Feinchemikalien usw.<\/p>\n<p><img decoding=\"async\" class=\"alignnone wp-image-1169\" src=\"http:\/\/higheasy.cn\/wp-content\/uploads\/2024\/03\/Reverse-osmosis-pure-water-equipment-direct-drinking-water-equipment-RO-pure-water-machine-3.png\" alt=\"Reverse osmosis pure water equipment, direct drinking water equipment, RO pure water machine\" width=\"1000\" height=\"873\" srcset=\"https:\/\/higheasy.cn\/wp-content\/uploads\/2024\/03\/Reverse-osmosis-pure-water-equipment-direct-drinking-water-equipment-RO-pure-water-machine-3.png 781w, https:\/\/higheasy.cn\/wp-content\/uploads\/2024\/03\/Reverse-osmosis-pure-water-equipment-direct-drinking-water-equipment-RO-pure-water-machine-3-300x262.png 300w, https:\/\/higheasy.cn\/wp-content\/uploads\/2024\/03\/Reverse-osmosis-pure-water-equipment-direct-drinking-water-equipment-RO-pure-water-machine-3-768x671.png 768w, https:\/\/higheasy.cn\/wp-content\/uploads\/2024\/03\/Reverse-osmosis-pure-water-equipment-direct-drinking-water-equipment-RO-pure-water-machine-3-14x12.png 14w\" sizes=\"(max-width: 1000px) 100vw, 1000px\" \/> <img loading=\"lazy\" decoding=\"async\" class=\"alignnone wp-image-1170\" src=\"http:\/\/higheasy.cn\/wp-content\/uploads\/2024\/03\/Reverse-osmosis-pure-water-equipment-direct-drinking-water-equipment-RO-pure-water-machine-4.png\" alt=\"Reverse osmosis pure water equipment, direct drinking water equipment, RO pure water machine\" width=\"1000\" height=\"1000\" srcset=\"https:\/\/higheasy.cn\/wp-content\/uploads\/2024\/03\/Reverse-osmosis-pure-water-equipment-direct-drinking-water-equipment-RO-pure-water-machine-4.png 750w, https:\/\/higheasy.cn\/wp-content\/uploads\/2024\/03\/Reverse-osmosis-pure-water-equipment-direct-drinking-water-equipment-RO-pure-water-machine-4-300x300.png 300w, https:\/\/higheasy.cn\/wp-content\/uploads\/2024\/03\/Reverse-osmosis-pure-water-equipment-direct-drinking-water-equipment-RO-pure-water-machine-4-100x100.png 100w, https:\/\/higheasy.cn\/wp-content\/uploads\/2024\/03\/Reverse-osmosis-pure-water-equipment-direct-drinking-water-equipment-RO-pure-water-machine-4-150x150.png 150w, https:\/\/higheasy.cn\/wp-content\/uploads\/2024\/03\/Reverse-osmosis-pure-water-equipment-direct-drinking-water-equipment-RO-pure-water-machine-4-12x12.png 12w\" sizes=\"(max-width: 1000px) 100vw, 1000px\" \/><\/p>\n<p><img loading=\"lazy\" decoding=\"async\" class=\"alignnone wp-image-1171\" src=\"http:\/\/higheasy.cn\/wp-content\/uploads\/2024\/03\/Reverse-osmosis-pure-water-equipment-direct-drinking-water-equipment-RO-pure-water-machine-5.png\" alt=\"\" width=\"1000\" height=\"500\" srcset=\"https:\/\/higheasy.cn\/wp-content\/uploads\/2024\/03\/Reverse-osmosis-pure-water-equipment-direct-drinking-water-equipment-RO-pure-water-machine-5.png 800w, https:\/\/higheasy.cn\/wp-content\/uploads\/2024\/03\/Reverse-osmosis-pure-water-equipment-direct-drinking-water-equipment-RO-pure-water-machine-5-300x150.png 300w, https:\/\/higheasy.cn\/wp-content\/uploads\/2024\/03\/Reverse-osmosis-pure-water-equipment-direct-drinking-water-equipment-RO-pure-water-machine-5-768x384.png 768w, https:\/\/higheasy.cn\/wp-content\/uploads\/2024\/03\/Reverse-osmosis-pure-water-equipment-direct-drinking-water-equipment-RO-pure-water-machine-5-18x9.png 18w\" sizes=\"(max-width: 1000px) 100vw, 1000px\" \/><\/p>\n<p>3.Meerwasserentsalzungsanlage<\/p>\n<p>Schl\u00fcsselw\u00f6rter: Meerwasserentsalzungsanlagen, Meerwasserentsalzungsanlagen, Meerwasserentsalzungsanlagen f\u00fcr Trinkwasser,,<\/p>\n<p>Modell und Spezifikation: Wasserproduktionskapazit\u00e4t: 1. -500T\/D<\/p>\n<p>Stromversorgung 380 V\/50 Hz (Standard), andere Versorgungsspannungen k\u00f6nnen individuell angepasst werden.<\/p>\n<p>Material: FRP-Glasfaser + UPVC-Rohr oder SSSA6L-Tank + SS316L-Rohrverbindungen + 6,5-MPA-Hochdruck-Rohrverbindungen<\/p>\n<p>Rohwasserquelle: Meerwasser, Brackwasser, Grundwasser, Salzwasser (Rohwasserleitf\u00e4higkeit \u2264 45000\u00a0us\/cm)<\/p>\n<p>Produktionswasserqualit\u00e4t: Trinkwasser, Brauchwasser, direktes Trinkwasser, gereinigtes Wasser, Leitf\u00e4higkeit \u2264 10\u2013500\u00a0us\/cm<\/p>\n<p>Anwendbare Branchen: Wasser f\u00fcr Inseln, Trinkwasser f\u00fcr K\u00fcstenst\u00e4dte, Trinkwasser f\u00fcr Schiffe und Meerwasserentsalzungsanlagen<\/p>\n<p>Bew\u00e4sserungswasser.<\/p>\n<p><img loading=\"lazy\" decoding=\"async\" class=\"alignnone wp-image-1172\" src=\"http:\/\/higheasy.cn\/wp-content\/uploads\/2024\/03\/Reverse-osmosis-pure-water-equipment-direct-drinking-water-equipment-RO-pure-water-machine-6.png\" alt=\"\" width=\"1000\" height=\"1101\" srcset=\"https:\/\/higheasy.cn\/wp-content\/uploads\/2024\/03\/Reverse-osmosis-pure-water-equipment-direct-drinking-water-equipment-RO-pure-water-machine-6.png 746w, https:\/\/higheasy.cn\/wp-content\/uploads\/2024\/03\/Reverse-osmosis-pure-water-equipment-direct-drinking-water-equipment-RO-pure-water-machine-6-300x330.png 300w, https:\/\/higheasy.cn\/wp-content\/uploads\/2024\/03\/Reverse-osmosis-pure-water-equipment-direct-drinking-water-equipment-RO-pure-water-machine-6-273x300.png 273w, https:\/\/higheasy.cn\/wp-content\/uploads\/2024\/03\/Reverse-osmosis-pure-water-equipment-direct-drinking-water-equipment-RO-pure-water-machine-6-11x12.png 11w\" sizes=\"(max-width: 1000px) 100vw, 1000px\" \/> <img loading=\"lazy\" decoding=\"async\" class=\"alignnone wp-image-1173\" src=\"http:\/\/higheasy.cn\/wp-content\/uploads\/2024\/03\/Reverse-osmosis-pure-water-equipment-direct-drinking-water-equipment-RO-pure-water-machine-7.png\" alt=\"\" width=\"1000\" height=\"707\" srcset=\"https:\/\/higheasy.cn\/wp-content\/uploads\/2024\/03\/Reverse-osmosis-pure-water-equipment-direct-drinking-water-equipment-RO-pure-water-machine-7.png 941w, https:\/\/higheasy.cn\/wp-content\/uploads\/2024\/03\/Reverse-osmosis-pure-water-equipment-direct-drinking-water-equipment-RO-pure-water-machine-7-300x212.png 300w, https:\/\/higheasy.cn\/wp-content\/uploads\/2024\/03\/Reverse-osmosis-pure-water-equipment-direct-drinking-water-equipment-RO-pure-water-machine-7-768x543.png 768w, https:\/\/higheasy.cn\/wp-content\/uploads\/2024\/03\/Reverse-osmosis-pure-water-equipment-direct-drinking-water-equipment-RO-pure-water-machine-7-18x12.png 18w\" sizes=\"(max-width: 1000px) 100vw, 1000px\" \/> <img loading=\"lazy\" decoding=\"async\" class=\"alignnone wp-image-1174\" src=\"http:\/\/higheasy.cn\/wp-content\/uploads\/2024\/03\/Reverse-osmosis-pure-water-equipment-direct-drinking-water-equipment-RO-pure-water-machine-8.png\" alt=\"\" width=\"1000\" height=\"538\" srcset=\"https:\/\/higheasy.cn\/wp-content\/uploads\/2024\/03\/Reverse-osmosis-pure-water-equipment-direct-drinking-water-equipment-RO-pure-water-machine-8.png 930w, https:\/\/higheasy.cn\/wp-content\/uploads\/2024\/03\/Reverse-osmosis-pure-water-equipment-direct-drinking-water-equipment-RO-pure-water-machine-8-300x161.png 300w, https:\/\/higheasy.cn\/wp-content\/uploads\/2024\/03\/Reverse-osmosis-pure-water-equipment-direct-drinking-water-equipment-RO-pure-water-machine-8-768x413.png 768w, https:\/\/higheasy.cn\/wp-content\/uploads\/2024\/03\/Reverse-osmosis-pure-water-equipment-direct-drinking-water-equipment-RO-pure-water-machine-8-18x10.png 18w\" sizes=\"(max-width: 1000px) 100vw, 1000px\" \/> <img loading=\"lazy\" decoding=\"async\" class=\"alignnone wp-image-1175\" src=\"http:\/\/higheasy.cn\/wp-content\/uploads\/2024\/03\/Reverse-osmosis-pure-water-equipment-direct-drinking-water-equipment-RO-pure-water-machine-9.png\" alt=\"Reverse osmosis pure water equipment, direct drinking water equipment, RO pure water machine\" width=\"1000\" height=\"783\" srcset=\"https:\/\/higheasy.cn\/wp-content\/uploads\/2024\/03\/Reverse-osmosis-pure-water-equipment-direct-drinking-water-equipment-RO-pure-water-machine-9.png 745w, https:\/\/higheasy.cn\/wp-content\/uploads\/2024\/03\/Reverse-osmosis-pure-water-equipment-direct-drinking-water-equipment-RO-pure-water-machine-9-300x235.png 300w, https:\/\/higheasy.cn\/wp-content\/uploads\/2024\/03\/Reverse-osmosis-pure-water-equipment-direct-drinking-water-equipment-RO-pure-water-machine-9-15x12.png 15w\" sizes=\"(max-width: 1000px) 100vw, 1000px\" \/><\/p>\n<p>&nbsp;<\/p>\n<p>&nbsp;<\/p>","protected":false},"excerpt":{"rendered":"<p>Reverse osmosis pure water equipment, direct drinking water equipment, RO pure water machine &nbsp; 1.Key word\uff1aReverse osmosis pure water equipment, large-scale drinking water equipment, RO reverse osmosis pure water equipment, RO direct drinking water equipment,\uff0c Model and Specification: Water Production 0.5-10T\/H Power supply 380V\/50HZ (standard), other power supply voltages can be customized. Material: FRP fiberglass+UPVC [&hellip;]<\/p>","protected":false},"featured_media":1176,"template":"","meta":{"site-sidebar-layout":"default","site-content-layout":"","ast-site-content-layout":"default","site-content-style":"default","site-sidebar-style":"default","ast-global-header-display":"","ast-banner-title-visibility":"","ast-main-header-display":"","ast-hfb-above-header-display":"","ast-hfb-below-header-display":"","ast-hfb-mobile-header-display":"","site-post-title":"","ast-breadcrumbs-content":"","ast-featured-img":"","footer-sml-layout":"","theme-transparent-header-meta":"default","adv-header-id-meta":"","stick-header-meta":"","header-above-stick-meta":"","header-main-stick-meta":"","header-below-stick-meta":"","astra-migrate-meta-layouts":"set","ast-page-background-enabled":"default","ast-page-background-meta":{"desktop":{"background-color":"","background-image":"","background-repeat":"repeat","background-position":"center center","background-size":"auto","background-attachment":"scroll","background-type":"","background-media":"","overlay-type":"","overlay-color":"","overlay-opacity":"","overlay-gradient":""},"tablet":{"background-color":"","background-image":"","background-repeat":"repeat","background-position":"center center","background-size":"auto","background-attachment":"scroll","background-type":"","background-media":"","overlay-type":"","overlay-color":"","overlay-opacity":"","overlay-gradient":""},"mobile":{"background-color":"","background-image":"","background-repeat":"repeat","background-position":"center center","background-size":"auto","background-attachment":"scroll","background-type":"","background-media":"","overlay-type":"","overlay-color":"","overlay-opacity":"","overlay-gradient":""}},"ast-content-background-meta":{"desktop":{"background-color":"var(--ast-global-color-5)","background-image":"","background-repeat":"repeat","background-position":"center center","background-size":"auto","background-attachment":"scroll","background-type":"","background-media":"","overlay-type":"","overlay-color":"","overlay-opacity":"","overlay-gradient":""},"tablet":{"background-color":"var(--ast-global-color-5)","background-image":"","background-repeat":"repeat","background-position":"center center","background-size":"auto","background-attachment":"scroll","background-type":"","background-media":"","overlay-type":"","overlay-color":"","overlay-opacity":"","overlay-gradient":""},"mobile":{"background-color":"var(--ast-global-color-5)","background-image":"","background-repeat":"repeat","background-position":"center center","background-size":"auto","background-attachment":"scroll","background-type":"","background-media":"","overlay-type":"","overlay-color":"","overlay-opacity":"","overlay-gradient":""}}},"product_brand":[],"product_cat":[44],"product_tag":[],"class_list":{"0":"post-1166","1":"product","2":"type-product","3":"status-publish","4":"has-post-thumbnail","6":"product_cat-reverse-osmosis-pure-water-equipment","7":"desktop-align-left","8":"tablet-align-left","9":"mobile-align-left","11":"first","12":"instock","13":"shipping-taxable","14":"product-type-simple"},"_links":{"self":[{"href":"https:\/\/higheasy.cn\/de\/wp-json\/wp\/v2\/product\/1166","targetHints":{"allow":["GET"]}}],"collection":[{"href":"https:\/\/higheasy.cn\/de\/wp-json\/wp\/v2\/product"}],"about":[{"href":"https:\/\/higheasy.cn\/de\/wp-json\/wp\/v2\/types\/product"}],"wp:featuredmedia":[{"embeddable":true,"href":"https:\/\/higheasy.cn\/de\/wp-json\/wp\/v2\/media\/1176"}],"wp:attachment":[{"href":"https:\/\/higheasy.cn\/de\/wp-json\/wp\/v2\/media?parent=1166"}],"wp:term":[{"taxonomy":"product_brand","embeddable":true,"href":"https:\/\/higheasy.cn\/de\/wp-json\/wp\/v2\/product_brand?post=1166"},{"taxonomy":"product_cat","embeddable":true,"href":"https:\/\/higheasy.cn\/de\/wp-json\/wp\/v2\/product_cat?post=1166"},{"taxonomy":"product_tag","embeddable":true,"href":"https:\/\/higheasy.cn\/de\/wp-json\/wp\/v2\/product_tag?post=1166"}],"curies":[{"name":"wp","href":"https:\/\/api.w.org\/{rel}","templated":true}]}}