{"id":1090,"date":"2023-10-18T15:08:35","date_gmt":"2023-10-18T15:08:35","guid":{"rendered":"https:\/\/mediumturquoise-pheasant-889000.hostingersite.com\/?post_type=product&#038;p=1090"},"modified":"2023-10-18T15:12:19","modified_gmt":"2023-10-18T15:12:19","slug":"automatic-jelly-cooking-tank-juice-cooking-tank-soy-milk-cooking-tank-2","status":"publish","type":"product","link":"https:\/\/higheasy.cn\/de\/produkt\/automatic-jelly-cooking-tank-juice-cooking-tank-soy-milk-cooking-tank-2\/","title":{"rendered":"Automatischer Gelee-Kochtank, Saft-Kochtank, Sojamilch-Kochtank"},"content":{"rendered":"<div class=\"J_module\">\n<div class=\"icbu-pc-detailManyImage magic-1\">\n<div class=\"J_module\">\n<div id=\"ali-anchor-AliMagic-bdh592\" class=\"magic-0\" data-section=\"AliMagic-bdh592\" data-section-title=\"Product Description\" data-spm-anchor-id=\"a2700.details.0.i20.41685b0cQbevY3\"><img decoding=\"async\" class=\"magic-3\" style=\"font-style: inherit; font-weight: inherit;\" src=\"https:\/\/sc04.alicdn.com\/kf\/H8d69873d5b424d27bc14b4bac1169536C\/222958773\/H8d69873d5b424d27bc14b4bac1169536C.jpg\" data-src=\"\/\/sc04.alicdn.com\/kf\/H8d69873d5b424d27bc14b4bac1169536C\/222958773\/H8d69873d5b424d27bc14b4bac1169536C.jpg\" \/><\/div>\n<\/div>\n<div class=\"J_module\">\n<div class=\"icbu-pc-detailManyImage magic-1\">\n<div class=\"magic-2\"><img fetchpriority=\"high\" decoding=\"async\" class=\"magic-3\" src=\"https:\/\/sc04.alicdn.com\/kf\/Hd47a0f63a48f47048a8755f1cdaaf850H\/222958773\/Hd47a0f63a48f47048a8755f1cdaaf850H.jpg\" width=\"1024\" height=\"2276\" data-src=\"\/\/sc04.alicdn.com\/kf\/Hd47a0f63a48f47048a8755f1cdaaf850H\/222958773\/Hd47a0f63a48f47048a8755f1cdaaf850H.jpg\" \/><\/div>\n<div class=\"magic-2\"><img decoding=\"async\" class=\"magic-3\" src=\"https:\/\/sc04.alicdn.com\/kf\/Hd47a0f63a48f47048a8755f1cdaaf850H\/222958773\/Hd47a0f63a48f47048a8755f1cdaaf850H.jpg\" width=\"1135\" height=\"2522\" data-src=\"\/\/sc04.alicdn.com\/kf\/Hd47a0f63a48f47048a8755f1cdaaf850H\/222958773\/Hd47a0f63a48f47048a8755f1cdaaf850H.jpg\" \/><\/div>\n<div class=\"magic-2\"><img decoding=\"async\" class=\"magic-3\" src=\"https:\/\/sc04.alicdn.com\/kf\/H2fed12c274f04758a2dd7cd26e45f116e\/222958773\/H2fed12c274f04758a2dd7cd26e45f116e.jpg\" data-src=\"\/\/sc04.alicdn.com\/kf\/H2fed12c274f04758a2dd7cd26e45f116e\/222958773\/H2fed12c274f04758a2dd7cd26e45f116e.jpg\" \/><\/div>\n<div class=\"magic-2\"><img decoding=\"async\" class=\"magic-3\" src=\"https:\/\/sc04.alicdn.com\/kf\/H8d0ac5b3afd248d1b3163f32feae5949C\/222958773\/H8d0ac5b3afd248d1b3163f32feae5949C.jpg\" data-src=\"\/\/sc04.alicdn.com\/kf\/H8d0ac5b3afd248d1b3163f32feae5949C\/222958773\/H8d0ac5b3afd248d1b3163f32feae5949C.jpg\" \/><\/div>\n<\/div>\n<\/div>\n<div class=\"J_module\">\n<div id=\"ali-anchor-AliMagic-jsdlhr\" class=\"magic-0\" data-section=\"AliMagic-jsdlhr\" data-section-title=\"Specification\">Spezifikation<\/div>\n<\/div>\n<div class=\"J_module\">\n<div class=\"ife-detail-decorate-table\">\n<table class=\"has-title all magic-4\">\n<tbody>\n<tr>\n<td colspan=\"1\" rowspan=\"1\">\n<div class=\"magic-5\">Artikel<\/div>\n<\/td>\n<td colspan=\"1\" rowspan=\"1\">\n<div class=\"magic-6\">Wert<\/div>\n<\/td>\n<\/tr>\n<tr>\n<td colspan=\"1\" rowspan=\"1\">\n<div class=\"magic-5\">Zustand<\/div>\n<\/td>\n<td colspan=\"1\" rowspan=\"1\">\n<div class=\"magic-6\">Neu<\/div>\n<\/td>\n<\/tr>\n<tr>\n<td colspan=\"1\" rowspan=\"1\">\n<div class=\"magic-5\">Typ<\/div>\n<\/td>\n<td colspan=\"1\" rowspan=\"1\">\n<div class=\"magic-6\">Abf\u00fcllmaschine<\/div>\n<\/td>\n<\/tr>\n<tr>\n<td colspan=\"1\" rowspan=\"1\">\n<div class=\"magic-5\">Maschinenkapazit\u00e4t<\/div>\n<\/td>\n<td colspan=\"1\" rowspan=\"1\">\n<div class=\"magic-6\">0\u201319 l\/h<\/div>\n<\/td>\n<\/tr>\n<tr>\n<td colspan=\"1\" rowspan=\"1\">\n<div class=\"magic-5\">Anwendbare Branchen<\/div>\n<\/td>\n<td colspan=\"1\" rowspan=\"1\">\n<div class=\"magic-6\">Produktionsanlage, Lebensmittel- und Getr\u00e4nkefabrik<\/div>\n<\/td>\n<\/tr>\n<tr>\n<td colspan=\"1\" rowspan=\"1\">\n<div class=\"magic-5\">Standort des Ausstellungsraums<\/div>\n<\/td>\n<td colspan=\"1\" rowspan=\"1\">\n<div class=\"magic-6\">Keiner<\/div>\n<\/td>\n<\/tr>\n<tr>\n<td colspan=\"1\" rowspan=\"1\">\n<div class=\"magic-5\">Anwendung<\/div>\n<\/td>\n<td colspan=\"1\" rowspan=\"1\">\n<div class=\"magic-6\">Lebensmittel, Getr\u00e4nke, Rohstoffe, Chemikalien<\/div>\n<\/td>\n<\/tr>\n<tr>\n<td colspan=\"1\" rowspan=\"1\">\n<div class=\"magic-5\">Verpackungsart<\/div>\n<\/td>\n<td colspan=\"1\" rowspan=\"1\">\n<div class=\"magic-6\">Pulver<\/div>\n<\/td>\n<\/tr>\n<tr>\n<td colspan=\"1\" rowspan=\"1\">\n<div class=\"magic-5\">Verpackungsmaterial<\/div>\n<\/td>\n<td colspan=\"1\" rowspan=\"1\">\n<div class=\"magic-6\">Kunststoff, Metall, Glas<\/div>\n<\/td>\n<\/tr>\n<tr>\n<td colspan=\"1\" rowspan=\"1\">\n<div class=\"magic-5\">Automatische Note<\/div>\n<\/td>\n<td colspan=\"1\" rowspan=\"1\">\n<div class=\"magic-6\">Halbautomatisch<\/div>\n<\/td>\n<\/tr>\n<tr>\n<td colspan=\"1\" rowspan=\"1\">\n<div class=\"magic-5\">Angetriebener Typ<\/div>\n<\/td>\n<td colspan=\"1\" rowspan=\"1\">\n<div class=\"magic-6\">Mechanisch<\/div>\n<\/td>\n<\/tr>\n<tr>\n<td colspan=\"1\" rowspan=\"1\">\n<div class=\"magic-5\">Stromspannung<\/div>\n<\/td>\n<td colspan=\"1\" rowspan=\"1\">\n<div class=\"magic-6\">220V 50-60HZ<\/div>\n<\/td>\n<\/tr>\n<tr>\n<td colspan=\"1\" rowspan=\"1\">\n<div class=\"magic-5\">Herkunftsort<\/div>\n<\/td>\n<td colspan=\"1\" rowspan=\"1\">\n<div class=\"magic-6\">China<\/div>\n<\/td>\n<\/tr>\n<tr>\n<td colspan=\"1\" rowspan=\"1\">\n<div class=\"magic-5\"><\/div>\n<\/td>\n<td colspan=\"1\" rowspan=\"1\">\n<div class=\"magic-6\">Guangdong<\/div>\n<\/td>\n<\/tr>\n<tr>\n<td colspan=\"1\" rowspan=\"1\">\n<div class=\"magic-5\">Markenname<\/div>\n<\/td>\n<td colspan=\"1\" rowspan=\"1\">\n<div class=\"magic-6\"><\/div>\n<\/td>\n<\/tr>\n<tr>\n<td colspan=\"1\" rowspan=\"1\">\n<div class=\"magic-5\">Abmessung (L*B*H)<\/div>\n<\/td>\n<td colspan=\"1\" rowspan=\"1\">\n<div class=\"magic-6\">885*790*2250mm<\/div>\n<\/td>\n<\/tr>\n<tr>\n<td colspan=\"1\" rowspan=\"1\">\n<div class=\"magic-5\">Gewicht<\/div>\n<\/td>\n<td colspan=\"1\" rowspan=\"1\">\n<div class=\"magic-6\">50 kg<\/div>\n<\/td>\n<\/tr>\n<tr>\n<td colspan=\"1\" rowspan=\"1\">\n<div class=\"magic-5\">Garantie<\/div>\n<\/td>\n<td colspan=\"1\" rowspan=\"1\">\n<div class=\"magic-6\">1 Jahr<\/div>\n<\/td>\n<\/tr>\n<tr>\n<td colspan=\"1\" rowspan=\"1\">\n<div class=\"magic-5\">Wichtige Verkaufspunkte<\/div>\n<\/td>\n<td colspan=\"1\" rowspan=\"1\">\n<div class=\"magic-6\">Leicht zu bedienen<\/div>\n<\/td>\n<\/tr>\n<tr>\n<td colspan=\"1\" rowspan=\"1\">\n<div class=\"magic-5\">F\u00fcllmaterial<\/div>\n<\/td>\n<td colspan=\"1\" rowspan=\"1\">\n<div class=\"magic-6\">Pulver, Partikel<\/div>\n<\/td>\n<\/tr>\n<tr>\n<td colspan=\"1\" rowspan=\"1\">\n<div class=\"magic-5\">F\u00fcllgenauigkeit<\/div>\n<\/td>\n<td colspan=\"1\" rowspan=\"1\">\n<div class=\"magic-6\">99%<\/div>\n<\/td>\n<\/tr>\n<tr>\n<td colspan=\"1\" rowspan=\"1\">\n<div class=\"magic-5\">Maschinenpr\u00fcfbericht<\/div>\n<\/td>\n<td colspan=\"1\" rowspan=\"1\">\n<div class=\"magic-6\">Nicht verf\u00fcgbar<\/div>\n<\/td>\n<\/tr>\n<tr>\n<td colspan=\"1\" rowspan=\"1\">\n<div class=\"magic-5\">Video-Ausgangskontrolle<\/div>\n<\/td>\n<td colspan=\"1\" rowspan=\"1\">\n<div class=\"magic-6\">Nicht verf\u00fcgbar<\/div>\n<\/td>\n<\/tr>\n<tr>\n<td colspan=\"1\" rowspan=\"1\">\n<div class=\"magic-5\">Garantie auf Kernkomponenten<\/div>\n<\/td>\n<td colspan=\"1\" rowspan=\"1\">\n<div class=\"magic-6\">1 Jahr<\/div>\n<\/td>\n<\/tr>\n<tr>\n<td colspan=\"1\" rowspan=\"1\">\n<div class=\"magic-5\">Kernkomponenten<\/div>\n<\/td>\n<td colspan=\"1\" rowspan=\"1\">\n<div class=\"magic-6\">Motor, Lager<\/div>\n<\/td>\n<\/tr>\n<tr>\n<td colspan=\"1\" rowspan=\"1\">\n<div class=\"magic-5\"><\/div>\n<\/td>\n<td colspan=\"1\" rowspan=\"1\">\n<div class=\"magic-6\"><\/div>\n<\/td>\n<\/tr>\n<\/tbody>\n<\/table>\n<\/div>\n<\/div>\n<div class=\"J_module\">\n<div id=\"ali-anchor-AliMagic-2c2vda\" class=\"magic-0\" data-section=\"AliMagic-2c2vda\" data-section-title=\"Company Profile\">Unternehmensprofil<\/div>\n<\/div>\n<div class=\"J_module\">\n<div class=\"detail-decorate-json-renderer-container\">\n<div class=\"magic-7\">\n<h3 class=\"magic-8\"><span class=\"magic-9\">Automatische F\u00fcllmaschine f\u00fcr Schraubenquantifizierungsmaschine<\/span><\/h3>\n<div class=\"magic-10\">\n<div class=\"magic-11\">\n<div class=\"magic-12\">\n(Erledigt haupts\u00e4chlich die hochpr\u00e4zisen Abf\u00fcll- und Messarbeiten. Es kann zusammen mit anderen einen kompletten Satz Dosenmontagelinien bilden<br \/>\nAusr\u00fcstung, geeignet f\u00fcr Dosenmilchpulver, Proteinpulver, H\u00fchnerpulver, Glukose, Reispulver, Kakaopulver, feste Getr\u00e4nke,<br \/>\nusw.<br \/>\n2. Technische Parameter der Dosen- und vollautomatischen Verpackungsmaschine<\/p>\n<p>Messmethode: Spiralf\u00fclltyp<br \/>\nSpannung einphasig 220 V. Geschwindigkeit 30 bis 50 Dosen pro Minute<br \/>\nL\u00e4nge, Breite und H\u00f6he 2000x800x1800mm<br \/>\nDie Frequenzumwandlungsgeschwindigkeitsanpassung der gesamten Maschine, die Produktion von 304-Edelstahl der gesamten Maschine und die Verwendung des F\u00f6rderbands<br \/>\nKettenbrett aus POM-Kunststoff, Gesamtl\u00e4nge 2 Meter<br \/>\nGesamtleistung: 1.500 W<br \/>\nDas Gewicht der gesamten Maschine: 500 kg<br \/>\nQuantitativer Schraubenantriebsmotor: 130\/1,5 kW-6N-Servomotor<br \/>\nDer Gasverbrauch: 0,3 \u33a5\/Min<br \/>\nVerpackungsgenauigkeit: Paketgewicht (abh\u00e4ngig von den Materialeigenschaften)<br \/>\n&lt; 500 g Abweichung \u2264 \u00b1 1,5 g<br \/>\n500g-1000g Abweichung \u2264 \u00b12,5g<br \/>\n&gt;1000g Abweichung\u22644g<\/p>\n<p><strong>Hauptmerkmale:<\/strong><\/p>\n<p>R\u00fchrfunktion + hochpr\u00e4ziser Servoantriebsmotor der Produktstation zur Gew\u00e4hrleistung einer hohen quantitativen Genauigkeit. Steuerschraube f\u00fcr Servomotor und Servoantrieb, stabile Leistung, hohe Pr\u00e4zision. Komplett aus Edelstahl gefertigte Struktur; horizontale offene Materialbox (innen).<br \/>\nund au\u00dfen poliert), sehr leicht zu reinigen. Der F\u00fcllkopf ist mit einer Handrad-H\u00f6henverstellung ausgestattet, die sich leicht realisieren l\u00e4sst<br \/>\nEinmachen mit externem Tank. Ausgestattet mit einem Stoffbeutel zur Staubentfernung, keine Staubverschmutzung der Umwelt. Angemessen kompakt<br \/>\nStruktur, kleine Fl\u00e4che, leicht zu reinigen. Feste Schraubeninstallationsstruktur, Einmachen ohne Metallverschmutzung.<\/p><\/div>\n<div><\/div>\n<\/div>\n<\/div>\n<\/div>\n<\/div>\n<\/div>\n<div class=\"J_module\">\n<div class=\"detail-decorate-json-renderer-container\">\n<div class=\"magic-7\">\n<p class=\"magic-8\"><strong><span class=\"magic-9\">Merkmale:<\/span><\/strong><\/p>\n<div class=\"magic-10\">\n<div class=\"magic-11\">\n<div class=\"magic-12\">\n<div>1. Schnelle Verpackungsgeschwindigkeit<\/div>\n<div>2. Verwenden Sie eine SPS-Touchscreen-Steuerung, die einfach zu bedienen ist<br \/>\n3. Automatischer Dosier- und F\u00fclldeckel<br \/>\n4. Hervorragende Dichtungsqualit\u00e4t<br \/>\n5. Edelstahlgeh\u00e4use (nicht wasserdicht)<br \/>\n6. Perfektes Pr\u00e4ventionssystem (Garantie der Endproduktausbeute)<\/p>\n<p><strong>Arbeitsablauf und Eigenschaften der linearen Abf\u00fcllmaschine<\/strong><br \/>\n1. Manuelle Flaschenverpackungsmaschine, die Flasche wird vom F\u00f6rderband zur Abf\u00fcllmaschine geschickt;<br \/>\n2. \u00dcberpr\u00fcfen Sie die Flasche durch das fotoelektrische System. (Halten Sie keine Flaschenzufuhr auf.)<br \/>\n3. Flaschenauffangbeh\u00e4lter, F\u00fcllung<br \/>\n4. Schmalbandf\u00f6rderung, Staub l\u00e4sst sich leicht sammeln und verwalten.<br \/>\n5. Die Umschlagmaschine platziert den Umschlag automatisch.<br \/>\n6. Automatische H\u00e4ngeabdeckung, Druckabdeckung und Schleuderabdeckung.<br \/>\n7. Kleben Sie das Etikett auf. 8. Ausgabe der fertigen Produkte<\/p>\n<p><strong>Produktbeschreibung der vollautomatischen Verschlie\u00dfmaschine<\/strong><br \/>\nDieses Produkt eignet sich f\u00fcr alle Arten von t\u00e4glichen Chemikalien, Medikamenten, D\u00fcsen f\u00fcr die Lebensmittelindustrie, Pumpenk\u00f6pfen, Flaschenk\u00f6pfen und runden Flaschen<br \/>\nKappe, Entenmundkappe und andere Flaschenverschluss-Verschlussdeckelmaschinen, die Verwendung von Elektrizit\u00e4t, Gaskombinationssteuerungsbewegung, hoch<br \/>\nStabilit\u00e4t, kann verschiedene Formen und Spezifikationen des Flaschenverschlusses verriegeln, die Geschwindigkeit des Verschlussdeckels kann angepasst werden, kann angepasst werden<br \/>\nje nach Dichtheit des Flaschenverschlusses. Diese Maschine ist einfach zu bedienen, einfach zu bedienen und eine gute Maschine zum Ersetzen<br \/>\nSpinnh\u00fclle aus menschlicher Hand.<br \/>\nProduktmodell: TF-SGJ-001<br \/>\nSpannung: AC220V 50\/60Hz<br \/>\nLeistung: 800 W<br \/>\nLuftdruck: 0,4\u20130,6 MPa<br \/>\nAbdeckungsbereich: \u03a6 18\u201365 mm (je nach Bedarf angepasst)<br \/>\nDrehzahl der Schleuderabdeckung: 20\u201345 Flaschen\/Min<br \/>\nAnpassung an die Flaschenh\u00f6he: 50\u2013300 mm (kann je nach Bedarf angepasst werden).<br \/>\nFlaschenverschlusstyp: Kunststoff, Metallmaterial f\u00fcr runde Abdeckung, Pumpenkopfabdeckung, Entenmundabdeckung usw<br \/>\nDas Gewicht der Maschine: 90 kg<br \/>\nAussehen: 760 x 1450 x 2000 mm<\/div>\n<\/div>\n<\/div>\n<\/div>\n<\/div>\n<\/div>\n<\/div>\n<\/div>\n<\/div>\n<p><img decoding=\"async\" class=\"alignnone wp-image-646\" src=\"http:\/\/higheasy.cn\/wp-content\/uploads\/2023\/07\/HTB1Lnd7QMHqK1RjSZFgq6y7JXXaU.jpg\" alt=\"higheasy\" width=\"1238\" height=\"1836\" srcset=\"https:\/\/higheasy.cn\/wp-content\/uploads\/2023\/07\/HTB1Lnd7QMHqK1RjSZFgq6y7JXXaU.jpg 750w, https:\/\/higheasy.cn\/wp-content\/uploads\/2023\/07\/HTB1Lnd7QMHqK1RjSZFgq6y7JXXaU-300x445.jpg 300w, https:\/\/higheasy.cn\/wp-content\/uploads\/2023\/07\/HTB1Lnd7QMHqK1RjSZFgq6y7JXXaU-202x300.jpg 202w, https:\/\/higheasy.cn\/wp-content\/uploads\/2023\/07\/HTB1Lnd7QMHqK1RjSZFgq6y7JXXaU-691x1024.jpg 691w\" sizes=\"(max-width: 1238px) 100vw, 1238px\" \/><\/p>\n<p>Das Unternehmen verf\u00fcgt \u00fcber eine Gruppe professioneller Forschungs- und Entwicklungsteams f\u00fcr Technologie und fortschrittliche Verarbeitungsger\u00e4te sowie eine Reihe von Erfindungspatenten. Das Unternehmen produziert eine Vielzahl von Verpackungsmaschinen. Die Hauptprodukte sind: vertikale Schlauchbeutelmaschinen (VFFS), Stickpack-Maschinen, Pulververpackungsmaschinen, Fl\u00fcssigkeitsverpackungsmaschinen und Mehrkopfwaagen, die in der Lebensmittel-, Chemie- und Getr\u00e4nkeindustrie weit verbreitet sind , landwirtschaftliche Produkte, Spielzeug und Verpackungen f\u00fcr Industrieprodukte und andere Branchen. Die Produkte werden in die ganze Welt exportiert und haben in vielen L\u00e4ndern und Regionen professionelle Marketingvertreter gewonnen. Die Produkte und Dienstleistungen wurden von den Kunden einhellig anerkannt und gelobt.<\/p>\n<p><img loading=\"lazy\" decoding=\"async\" class=\"alignnone size-full wp-image-662\" src=\"http:\/\/higheasy.cn\/wp-content\/uploads\/2023\/07\/5.jpg\" alt=\"small yogurt production line\" width=\"1200\" height=\"604\" srcset=\"https:\/\/higheasy.cn\/wp-content\/uploads\/2023\/07\/5.jpg 1200w, https:\/\/higheasy.cn\/wp-content\/uploads\/2023\/07\/5-300x151.jpg 300w, https:\/\/higheasy.cn\/wp-content\/uploads\/2023\/07\/5-1024x515.jpg 1024w, https:\/\/higheasy.cn\/wp-content\/uploads\/2023\/07\/5-768x387.jpg 768w\" sizes=\"(max-width: 1200px) 100vw, 1200px\" \/><\/p>","protected":false},"excerpt":{"rendered":"<p>Specification item value Condition New Type Filling Machine Machinery Capacity 0-19L\/H Applicable Industries Manufacturing Plant, Food &amp; Beverage Factory Showroom Location None Application Food, Beverage, Commodity, Chemical Packaging Type powder Packaging Material Plastic, Metal, Glass Automatic Grade Semi-automatic Driven Type Mechanical Voltage 220V 50-60HZ Place of Origin China Guangdong Brand Name Dimension(L*W*H) 885*790*2250mm Weight 50KG [&hellip;]<\/p>","protected":false},"featured_media":1091,"template":"","meta":{"site-sidebar-layout":"default","site-content-layout":"default","ast-site-content-layout":"default","site-content-style":"default","site-sidebar-style":"default","ast-global-header-display":"","ast-banner-title-visibility":"","ast-main-header-display":"","ast-hfb-above-header-display":"","ast-hfb-below-header-display":"","ast-hfb-mobile-header-display":"","site-post-title":"","ast-breadcrumbs-content":"","ast-featured-img":"","footer-sml-layout":"","theme-transparent-header-meta":"default","adv-header-id-meta":"","stick-header-meta":"","header-above-stick-meta":"","header-main-stick-meta":"","header-below-stick-meta":"","astra-migrate-meta-layouts":"set","ast-page-background-enabled":"default","ast-page-background-meta":{"desktop":{"background-color":"","background-image":"","background-repeat":"repeat","background-position":"center center","background-size":"auto","background-attachment":"scroll","background-type":"","background-media":"","overlay-type":"","overlay-color":"","overlay-opacity":"","overlay-gradient":""},"tablet":{"background-color":"","background-image":"","background-repeat":"repeat","background-position":"center center","background-size":"auto","background-attachment":"scroll","background-type":"","background-media":"","overlay-type":"","overlay-color":"","overlay-opacity":"","overlay-gradient":""},"mobile":{"background-color":"","background-image":"","background-repeat":"repeat","background-position":"center center","background-size":"auto","background-attachment":"scroll","background-type":"","background-media":"","overlay-type":"","overlay-color":"","overlay-opacity":"","overlay-gradient":""}},"ast-content-background-meta":{"desktop":{"background-color":"var(--ast-global-color-5)","background-image":"","background-repeat":"repeat","background-position":"center center","background-size":"auto","background-attachment":"scroll","background-type":"","background-media":"","overlay-type":"","overlay-color":"","overlay-opacity":"","overlay-gradient":""},"tablet":{"background-color":"var(--ast-global-color-5)","background-image":"","background-repeat":"repeat","background-position":"center center","background-size":"auto","background-attachment":"scroll","background-type":"","background-media":"","overlay-type":"","overlay-color":"","overlay-opacity":"","overlay-gradient":""},"mobile":{"background-color":"var(--ast-global-color-5)","background-image":"","background-repeat":"repeat","background-position":"center center","background-size":"auto","background-attachment":"scroll","background-type":"","background-media":"","overlay-type":"","overlay-color":"","overlay-opacity":"","overlay-gradient":""}}},"product_brand":[],"product_cat":[40],"product_tag":[],"class_list":{"0":"post-1090","1":"product","2":"type-product","3":"status-publish","4":"has-post-thumbnail","6":"product_cat-accessories","7":"desktop-align-left","8":"tablet-align-left","9":"mobile-align-left","11":"first","12":"instock","13":"shipping-taxable","14":"product-type-simple"},"_links":{"self":[{"href":"https:\/\/higheasy.cn\/de\/wp-json\/wp\/v2\/product\/1090","targetHints":{"allow":["GET"]}}],"collection":[{"href":"https:\/\/higheasy.cn\/de\/wp-json\/wp\/v2\/product"}],"about":[{"href":"https:\/\/higheasy.cn\/de\/wp-json\/wp\/v2\/types\/product"}],"wp:featuredmedia":[{"embeddable":true,"href":"https:\/\/higheasy.cn\/de\/wp-json\/wp\/v2\/media\/1091"}],"wp:attachment":[{"href":"https:\/\/higheasy.cn\/de\/wp-json\/wp\/v2\/media?parent=1090"}],"wp:term":[{"taxonomy":"product_brand","embeddable":true,"href":"https:\/\/higheasy.cn\/de\/wp-json\/wp\/v2\/product_brand?post=1090"},{"taxonomy":"product_cat","embeddable":true,"href":"https:\/\/higheasy.cn\/de\/wp-json\/wp\/v2\/product_cat?post=1090"},{"taxonomy":"product_tag","embeddable":true,"href":"https:\/\/higheasy.cn\/de\/wp-json\/wp\/v2\/product_tag?post=1090"}],"curies":[{"name":"wp","href":"https:\/\/api.w.org\/{rel}","templated":true}]}}