{"id":1088,"date":"2023-10-18T15:07:29","date_gmt":"2023-10-18T15:07:29","guid":{"rendered":"https:\/\/mediumturquoise-pheasant-889000.hostingersite.com\/?post_type=product&#038;p=1088"},"modified":"2023-10-18T15:08:23","modified_gmt":"2023-10-18T15:08:23","slug":"automatic-jelly-cooking-tank-juice-cooking-tank-soy-milk-cooking-tank","status":"publish","type":"product","link":"https:\/\/higheasy.cn\/de\/produkt\/automatic-jelly-cooking-tank-juice-cooking-tank-soy-milk-cooking-tank\/","title":{"rendered":"Automatischer Gelee-Kochtank, Saft-Kochtank, Sojamilch-Kochtank"},"content":{"rendered":"<div class=\"J_module\">\n<div class=\"icbu-pc-detailManyImage magic-1\">\n<h3 style=\"text-align: center;\" data-spm-anchor-id=\"a2700.details.0.i20.37397c53OExrq1\"><strong>Automatischer Gelee-Kochtank, Saft-Kochtank<\/strong><\/h3>\n<h3 style=\"text-align: center;\"><strong>Sojamilch-Kochtank<\/strong><\/h3>\n<table border=\"1\" data-mce-background-color=\"#ffffff\">\n<tbody>\n<tr>\n<td><\/td>\n<\/tr>\n<\/tbody>\n<\/table>\n<p><img fetchpriority=\"high\" decoding=\"async\" class=\"aligncenter\" src=\"https:\/\/sc02.alicdn.com\/kf\/H2505be96267e4e53aa3f897fb6a4b096q\/222958773\/H2505be96267e4e53aa3f897fb6a4b096q.jpg\" alt=\"Automatic jelly cooking tank juice cooking tank soy milk cooking tank\" width=\"1044\" height=\"784\" data-src=\"\/\/sc02.alicdn.com\/kf\/H2505be96267e4e53aa3f897fb6a4b096q\/222958773\/H2505be96267e4e53aa3f897fb6a4b096q.jpg\" data-alt=\"Automatic jelly cooking tank juice cooking tank soy milk cooking tank\" \/><\/p>\n<\/div>\n<\/div>\n<p><img decoding=\"async\" class=\"alignnone wp-image-646\" src=\"http:\/\/higheasy.cn\/wp-content\/uploads\/2023\/07\/HTB1Lnd7QMHqK1RjSZFgq6y7JXXaU.jpg\" alt=\"higheasy\" width=\"1238\" height=\"1836\" srcset=\"https:\/\/higheasy.cn\/wp-content\/uploads\/2023\/07\/HTB1Lnd7QMHqK1RjSZFgq6y7JXXaU.jpg 750w, https:\/\/higheasy.cn\/wp-content\/uploads\/2023\/07\/HTB1Lnd7QMHqK1RjSZFgq6y7JXXaU-300x445.jpg 300w, https:\/\/higheasy.cn\/wp-content\/uploads\/2023\/07\/HTB1Lnd7QMHqK1RjSZFgq6y7JXXaU-202x300.jpg 202w, https:\/\/higheasy.cn\/wp-content\/uploads\/2023\/07\/HTB1Lnd7QMHqK1RjSZFgq6y7JXXaU-691x1024.jpg 691w\" sizes=\"(max-width: 1238px) 100vw, 1238px\" \/><\/p>\n<p>Das Unternehmen verf\u00fcgt \u00fcber eine Gruppe professioneller Forschungs- und Entwicklungsteams f\u00fcr Technologie und fortschrittliche Verarbeitungsger\u00e4te sowie eine Reihe von Erfindungspatenten. Das Unternehmen produziert eine Vielzahl von Verpackungsmaschinen. Die Hauptprodukte sind: vertikale Schlauchbeutelmaschinen (VFFS), Stickpack-Maschinen, Pulververpackungsmaschinen, Fl\u00fcssigkeitsverpackungsmaschinen und Mehrkopfwaagen, die in der Lebensmittel-, Chemie- und Getr\u00e4nkeindustrie weit verbreitet sind , landwirtschaftliche Produkte, Spielzeug und Verpackungen f\u00fcr Industrieprodukte und andere Branchen. Die Produkte werden in die ganze Welt exportiert und haben in vielen L\u00e4ndern und Regionen professionelle Marketingvertreter gewonnen. Die Produkte und Dienstleistungen wurden von den Kunden einhellig anerkannt und gelobt.<\/p>\n<p><img decoding=\"async\" class=\"alignnone size-full wp-image-662\" src=\"http:\/\/higheasy.cn\/wp-content\/uploads\/2023\/07\/5.jpg\" alt=\"small yogurt production line\" width=\"1200\" height=\"604\" srcset=\"https:\/\/higheasy.cn\/wp-content\/uploads\/2023\/07\/5.jpg 1200w, https:\/\/higheasy.cn\/wp-content\/uploads\/2023\/07\/5-300x151.jpg 300w, https:\/\/higheasy.cn\/wp-content\/uploads\/2023\/07\/5-1024x515.jpg 1024w, https:\/\/higheasy.cn\/wp-content\/uploads\/2023\/07\/5-768x387.jpg 768w\" sizes=\"(max-width: 1200px) 100vw, 1200px\" \/><\/p>","protected":false},"excerpt":{"rendered":"<p>Automatischer Gelee-Kochtank, Saft-Kochtank, Sojamilch-Kochtank. Das Unternehmen verf\u00fcgt \u00fcber eine Gruppe professioneller Technologieforschungs- und -entwicklungsteams, fortschrittliche Verarbeitungsger\u00e4te und eine Reihe von Erfindungspatenten. Das Unternehmen produziert eine gro\u00dfe Auswahl an Verpackungsmaschinen. Die Hauptprodukte sind: vertikale Form-, F\u00fcll- und Versiegelungsmaschinen (VFFS), Stickpackmaschinen, [\u2026]<\/p>","protected":false},"featured_media":1089,"template":"","meta":{"site-sidebar-layout":"default","site-content-layout":"default","ast-site-content-layout":"default","site-content-style":"default","site-sidebar-style":"default","ast-global-header-display":"","ast-banner-title-visibility":"","ast-main-header-display":"","ast-hfb-above-header-display":"","ast-hfb-below-header-display":"","ast-hfb-mobile-header-display":"","site-post-title":"","ast-breadcrumbs-content":"","ast-featured-img":"","footer-sml-layout":"","theme-transparent-header-meta":"default","adv-header-id-meta":"","stick-header-meta":"","header-above-stick-meta":"","header-main-stick-meta":"","header-below-stick-meta":"","astra-migrate-meta-layouts":"set","ast-page-background-enabled":"default","ast-page-background-meta":{"desktop":{"background-color":"","background-image":"","background-repeat":"repeat","background-position":"center center","background-size":"auto","background-attachment":"scroll","background-type":"","background-media":"","overlay-type":"","overlay-color":"","overlay-opacity":"","overlay-gradient":""},"tablet":{"background-color":"","background-image":"","background-repeat":"repeat","background-position":"center center","background-size":"auto","background-attachment":"scroll","background-type":"","background-media":"","overlay-type":"","overlay-color":"","overlay-opacity":"","overlay-gradient":""},"mobile":{"background-color":"","background-image":"","background-repeat":"repeat","background-position":"center center","background-size":"auto","background-attachment":"scroll","background-type":"","background-media":"","overlay-type":"","overlay-color":"","overlay-opacity":"","overlay-gradient":""}},"ast-content-background-meta":{"desktop":{"background-color":"var(--ast-global-color-5)","background-image":"","background-repeat":"repeat","background-position":"center center","background-size":"auto","background-attachment":"scroll","background-type":"","background-media":"","overlay-type":"","overlay-color":"","overlay-opacity":"","overlay-gradient":""},"tablet":{"background-color":"var(--ast-global-color-5)","background-image":"","background-repeat":"repeat","background-position":"center center","background-size":"auto","background-attachment":"scroll","background-type":"","background-media":"","overlay-type":"","overlay-color":"","overlay-opacity":"","overlay-gradient":""},"mobile":{"background-color":"var(--ast-global-color-5)","background-image":"","background-repeat":"repeat","background-position":"center center","background-size":"auto","background-attachment":"scroll","background-type":"","background-media":"","overlay-type":"","overlay-color":"","overlay-opacity":"","overlay-gradient":""}}},"product_brand":[],"product_cat":[40],"product_tag":[],"class_list":{"0":"post-1088","1":"product","2":"type-product","3":"status-publish","4":"has-post-thumbnail","6":"product_cat-accessories","7":"desktop-align-left","8":"tablet-align-left","9":"mobile-align-left","11":"first","12":"instock","13":"shipping-taxable","14":"product-type-simple"},"_links":{"self":[{"href":"https:\/\/higheasy.cn\/de\/wp-json\/wp\/v2\/product\/1088","targetHints":{"allow":["GET"]}}],"collection":[{"href":"https:\/\/higheasy.cn\/de\/wp-json\/wp\/v2\/product"}],"about":[{"href":"https:\/\/higheasy.cn\/de\/wp-json\/wp\/v2\/types\/product"}],"wp:featuredmedia":[{"embeddable":true,"href":"https:\/\/higheasy.cn\/de\/wp-json\/wp\/v2\/media\/1089"}],"wp:attachment":[{"href":"https:\/\/higheasy.cn\/de\/wp-json\/wp\/v2\/media?parent=1088"}],"wp:term":[{"taxonomy":"product_brand","embeddable":true,"href":"https:\/\/higheasy.cn\/de\/wp-json\/wp\/v2\/product_brand?post=1088"},{"taxonomy":"product_cat","embeddable":true,"href":"https:\/\/higheasy.cn\/de\/wp-json\/wp\/v2\/product_cat?post=1088"},{"taxonomy":"product_tag","embeddable":true,"href":"https:\/\/higheasy.cn\/de\/wp-json\/wp\/v2\/product_tag?post=1088"}],"curies":[{"name":"wp","href":"https:\/\/api.w.org\/{rel}","templated":true}]}}