{"id":1077,"date":"2023-10-18T14:55:03","date_gmt":"2023-10-18T14:55:03","guid":{"rendered":"https:\/\/mediumturquoise-pheasant-889000.hostingersite.com\/?post_type=product&#038;p=1077"},"modified":"2023-10-18T15:12:51","modified_gmt":"2023-10-18T15:12:51","slug":"automatic-carton-box-case-sealer-opening-sealing-machine","status":"publish","type":"product","link":"https:\/\/higheasy.cn\/de\/produkt\/automatic-carton-box-case-sealer-opening-sealing-machine\/","title":{"rendered":"Automatische Kartonschachtel-Verschlie\u00dfmaschine zum \u00d6ffnen und Verschlie\u00dfen von Kartons"},"content":{"rendered":"<div class=\"J_module\">\n<div class=\"icbu-pc-detailManyImage magic-1\">\n<p><span data-spm-anchor-id=\"a2700.details.0.i19.7d4c58a4LXyZc3\">EINF\u00dcHRUNG<\/span><\/p>\n<p>Die vertikale \u00d6ffnungsgeschwindigkeit kann 10 Kartons pro Minute erreichen. Die \u00d6ffnungsmaschine wird h\u00e4ufig in der Lebensmittel-, Medizin-, Getr\u00e4nke-, Tabak-, Chemikalien-, Elektronik- und anderen Industrien eingesetzt.<\/p>\n<p>&nbsp;<\/p>\n<p>EIGENSCHAFTEN<\/p>\n<ul>\n<li>Verwenden Sie langlebige Teile, elektrische Komponenten und pneumatische Komponenten.<\/li>\n<li>Kann im Einzelmaschinenbetrieb und auch in Kombination mit einer automatischen Verpackungslinie verwendet werden.<\/li>\n<li>Vertikale Kartonlagerung, und kann jederzeit ohne Stillstand nachgef\u00fcllt werden<\/li>\n<li>Sparen Sie Arbeitskosten, automatisches Verpacken durch die Maschine statt manuelles Verpacken<\/li>\n<li>Verbessern Sie die Effizienz. das vern\u00fcnftige Design der Bodenabdeckungsmaschine, des Faltbodens und des Siegelbodens mit synchronen Vorg\u00e4ngen<\/li>\n<li>Kartonaufrichten, stabile Karton\u00f6ffnungsgeschwindigkeit, h\u00f6here Effizienz.<\/li>\n<li>Mehr Sicherheit: Es ist mit einer transparenten Schutzabdeckung aus Plexiglas ausgestattet und stoppt die T\u00fcr automatisch, um Betriebsunf\u00e4lle zu vermeiden.<\/li>\n<\/ul>\n<p>&nbsp;<\/p>\n<p>PARAMETER<\/p>\n<table border=\"1\" cellspacing=\"0\">\n<tbody>\n<tr>\n<td colspan=\"2\" valign=\"top\" width=\"653\">Modellparameter<\/td>\n<\/tr>\n<tr>\n<td valign=\"top\" width=\"247\">Karton\u00f6ffnungsgeschwindigkeit<\/td>\n<td valign=\"top\" width=\"406\">8-10Karton\/min<\/td>\n<\/tr>\n<tr>\n<td valign=\"top\" width=\"247\">Kartongr\u00f6\u00dfe<\/td>\n<td valign=\"top\" width=\"406\">L320-650xB200-500xH150-500mm<\/td>\n<\/tr>\n<tr>\n<td valign=\"top\" width=\"247\">Stromversorgung<\/td>\n<td valign=\"top\" width=\"406\">220 V, 50\/60 Hz, 1-phasig<\/td>\n<\/tr>\n<tr>\n<td valign=\"top\" width=\"247\">Leistung<\/td>\n<td valign=\"top\" width=\"406\">240 W<\/td>\n<\/tr>\n<tr>\n<td valign=\"top\" width=\"247\">Klebebandbreite<\/td>\n<td valign=\"top\" width=\"406\">48\/65\u201372 mm (eine Art ausw\u00e4hlen)<\/td>\n<\/tr>\n<tr>\n<td valign=\"top\" width=\"247\">Kartonlagermenge<\/td>\n<td valign=\"top\" width=\"406\">80-100 St\u00fcck (1000 mm)<\/td>\n<\/tr>\n<tr>\n<td valign=\"top\" width=\"247\">Luftverbrauch<\/td>\n<td valign=\"top\" width=\"406\">500NL\/min<\/td>\n<\/tr>\n<tr>\n<td valign=\"top\" width=\"247\">Luftkompression<\/td>\n<td valign=\"top\" width=\"406\">6kg\/cm\u00b3<\/td>\n<\/tr>\n<tr>\n<td valign=\"top\" width=\"247\">Tischh\u00f6he<\/td>\n<td valign=\"top\" width=\"406\">620+30 mm<\/td>\n<\/tr>\n<tr>\n<td valign=\"top\" width=\"247\">Maschinenabmessung<\/td>\n<td valign=\"top\" width=\"406\">L2350\u00d7B2100\u00d7H1650mm<\/td>\n<\/tr>\n<tr>\n<td valign=\"top\" width=\"247\">Maschinengewicht<\/td>\n<td valign=\"top\" width=\"406\">500 kg<\/td>\n<\/tr>\n<\/tbody>\n<\/table>\n<\/div>\n<\/div>\n<p><img fetchpriority=\"high\" decoding=\"async\" class=\"alignnone wp-image-646\" src=\"http:\/\/higheasy.cn\/wp-content\/uploads\/2023\/07\/HTB1Lnd7QMHqK1RjSZFgq6y7JXXaU.jpg\" alt=\"higheasy\" width=\"1238\" height=\"1836\" srcset=\"https:\/\/higheasy.cn\/wp-content\/uploads\/2023\/07\/HTB1Lnd7QMHqK1RjSZFgq6y7JXXaU.jpg 750w, https:\/\/higheasy.cn\/wp-content\/uploads\/2023\/07\/HTB1Lnd7QMHqK1RjSZFgq6y7JXXaU-300x445.jpg 300w, https:\/\/higheasy.cn\/wp-content\/uploads\/2023\/07\/HTB1Lnd7QMHqK1RjSZFgq6y7JXXaU-202x300.jpg 202w, https:\/\/higheasy.cn\/wp-content\/uploads\/2023\/07\/HTB1Lnd7QMHqK1RjSZFgq6y7JXXaU-691x1024.jpg 691w\" sizes=\"(max-width: 1238px) 100vw, 1238px\" \/><\/p>\n<p>Das Unternehmen verf\u00fcgt \u00fcber eine Gruppe professioneller Forschungs- und Entwicklungsteams f\u00fcr Technologie und fortschrittliche Verarbeitungsger\u00e4te sowie eine Reihe von Erfindungspatenten. Das Unternehmen produziert eine Vielzahl von Verpackungsmaschinen. Die Hauptprodukte sind: vertikale Schlauchbeutelmaschinen (VFFS), Stickpack-Maschinen, Pulververpackungsmaschinen, Fl\u00fcssigkeitsverpackungsmaschinen und Mehrkopfwaagen, die in der Lebensmittel-, Chemie- und Getr\u00e4nkeindustrie weit verbreitet sind , landwirtschaftliche Produkte, Spielzeug und Verpackungen f\u00fcr Industrieprodukte und andere Branchen. Die Produkte werden in die ganze Welt exportiert und haben in vielen L\u00e4ndern und Regionen professionelle Marketingvertreter gewonnen. Die Produkte und Dienstleistungen wurden von den Kunden einhellig anerkannt und gelobt.<\/p>\n<p><img decoding=\"async\" class=\"alignnone size-full wp-image-662\" src=\"http:\/\/higheasy.cn\/wp-content\/uploads\/2023\/07\/5.jpg\" alt=\"small yogurt production line\" width=\"1200\" height=\"604\" srcset=\"https:\/\/higheasy.cn\/wp-content\/uploads\/2023\/07\/5.jpg 1200w, https:\/\/higheasy.cn\/wp-content\/uploads\/2023\/07\/5-300x151.jpg 300w, https:\/\/higheasy.cn\/wp-content\/uploads\/2023\/07\/5-1024x515.jpg 1024w, https:\/\/higheasy.cn\/wp-content\/uploads\/2023\/07\/5-768x387.jpg 768w\" sizes=\"(max-width: 1200px) 100vw, 1200px\" \/><\/p>","protected":false},"excerpt":{"rendered":"<p>EINF\u00dcHRUNG Die vertikale \u00d6ffnungsgeschwindigkeit kann 10 Kartons pro Minute erreichen. Die \u00d6ffnungsmaschine wird h\u00e4ufig in der Lebensmittel-, Medizin-, Getr\u00e4nke-, Tabak-, Chemie-, Elektronik- und anderen Branchen eingesetzt. EIGENSCHAFTEN: Verwendung langlebiger Teile, elektrischer und pneumatischer Komponenten; Kann mit Einzelmaschinenbetrieb und auch mit automatischen Verpackungslinien verwendet werden; Vertikale Kartonlagerung und [\u2026]<\/p>","protected":false},"featured_media":1078,"template":"","meta":{"site-sidebar-layout":"default","site-content-layout":"default","ast-site-content-layout":"default","site-content-style":"default","site-sidebar-style":"default","ast-global-header-display":"","ast-banner-title-visibility":"","ast-main-header-display":"","ast-hfb-above-header-display":"","ast-hfb-below-header-display":"","ast-hfb-mobile-header-display":"","site-post-title":"","ast-breadcrumbs-content":"","ast-featured-img":"","footer-sml-layout":"","theme-transparent-header-meta":"default","adv-header-id-meta":"","stick-header-meta":"","header-above-stick-meta":"","header-main-stick-meta":"","header-below-stick-meta":"","astra-migrate-meta-layouts":"set","ast-page-background-enabled":"default","ast-page-background-meta":{"desktop":{"background-color":"","background-image":"","background-repeat":"repeat","background-position":"center center","background-size":"auto","background-attachment":"scroll","background-type":"","background-media":"","overlay-type":"","overlay-color":"","overlay-opacity":"","overlay-gradient":""},"tablet":{"background-color":"","background-image":"","background-repeat":"repeat","background-position":"center center","background-size":"auto","background-attachment":"scroll","background-type":"","background-media":"","overlay-type":"","overlay-color":"","overlay-opacity":"","overlay-gradient":""},"mobile":{"background-color":"","background-image":"","background-repeat":"repeat","background-position":"center center","background-size":"auto","background-attachment":"scroll","background-type":"","background-media":"","overlay-type":"","overlay-color":"","overlay-opacity":"","overlay-gradient":""}},"ast-content-background-meta":{"desktop":{"background-color":"var(--ast-global-color-5)","background-image":"","background-repeat":"repeat","background-position":"center center","background-size":"auto","background-attachment":"scroll","background-type":"","background-media":"","overlay-type":"","overlay-color":"","overlay-opacity":"","overlay-gradient":""},"tablet":{"background-color":"var(--ast-global-color-5)","background-image":"","background-repeat":"repeat","background-position":"center center","background-size":"auto","background-attachment":"scroll","background-type":"","background-media":"","overlay-type":"","overlay-color":"","overlay-opacity":"","overlay-gradient":""},"mobile":{"background-color":"var(--ast-global-color-5)","background-image":"","background-repeat":"repeat","background-position":"center center","background-size":"auto","background-attachment":"scroll","background-type":"","background-media":"","overlay-type":"","overlay-color":"","overlay-opacity":"","overlay-gradient":""}}},"product_brand":[],"product_cat":[41,22],"product_tag":[],"class_list":{"0":"post-1077","1":"product","2":"type-product","3":"status-publish","4":"has-post-thumbnail","6":"product_cat-carton-box-sealer-sealing-machine","7":"product_cat-hot-products","8":"desktop-align-left","9":"tablet-align-left","10":"mobile-align-left","12":"first","13":"instock","14":"shipping-taxable","15":"product-type-simple"},"_links":{"self":[{"href":"https:\/\/higheasy.cn\/de\/wp-json\/wp\/v2\/product\/1077","targetHints":{"allow":["GET"]}}],"collection":[{"href":"https:\/\/higheasy.cn\/de\/wp-json\/wp\/v2\/product"}],"about":[{"href":"https:\/\/higheasy.cn\/de\/wp-json\/wp\/v2\/types\/product"}],"wp:featuredmedia":[{"embeddable":true,"href":"https:\/\/higheasy.cn\/de\/wp-json\/wp\/v2\/media\/1078"}],"wp:attachment":[{"href":"https:\/\/higheasy.cn\/de\/wp-json\/wp\/v2\/media?parent=1077"}],"wp:term":[{"taxonomy":"product_brand","embeddable":true,"href":"https:\/\/higheasy.cn\/de\/wp-json\/wp\/v2\/product_brand?post=1077"},{"taxonomy":"product_cat","embeddable":true,"href":"https:\/\/higheasy.cn\/de\/wp-json\/wp\/v2\/product_cat?post=1077"},{"taxonomy":"product_tag","embeddable":true,"href":"https:\/\/higheasy.cn\/de\/wp-json\/wp\/v2\/product_tag?post=1077"}],"curies":[{"name":"wp","href":"https:\/\/api.w.org\/{rel}","templated":true}]}}