{"id":1075,"date":"2023-10-18T14:51:46","date_gmt":"2023-10-18T14:51:46","guid":{"rendered":"https:\/\/mediumturquoise-pheasant-889000.hostingersite.com\/?post_type=product&#038;p=1075"},"modified":"2023-10-18T14:54:48","modified_gmt":"2023-10-18T14:54:48","slug":"curved-offset-plastic-paper-cup-bowl-digital-printing-machine-cup","status":"publish","type":"product","link":"https:\/\/higheasy.cn\/de\/produkt\/curved-offset-plastic-paper-cup-bowl-digital-printing-machine-cup\/","title":{"rendered":"Gebogene Offset-Kunststoff-Pappbecherschale, Digitaldruckmaschinenbecher"},"content":{"rendered":"<div class=\"J_module\"><\/div>\n<div class=\"J_module\">\n<div class=\"icbu-pc-detailManyImage magic-1\">\n<h3 style=\"text-align: center;\"><span style=\"color: #000000;\"><strong><a style=\"color: #000000;\">Gebogene, versetzte Plastiksch\u00fcssel und -becher<\/a><\/strong><\/span><\/h3>\n<h3 style=\"text-align: center;\"><span style=\"color: #000000;\"><strong><a style=\"color: #000000;\">Druckmaschine<\/a><\/strong><\/span><\/h3>\n<p style=\"text-align: center;\"><img fetchpriority=\"high\" decoding=\"async\" class=\"\" src=\"https:\/\/sc01.alicdn.com\/kf\/H355527d8eca44fef8c041acd7c9b7ef6W\/222958773\/H355527d8eca44fef8c041acd7c9b7ef6W.jpg\" alt=\"Curved offset plastic paper cup bowl digital printing machine cup\" width=\"1035\" height=\"777\" data-src=\"\/\/sc01.alicdn.com\/kf\/H355527d8eca44fef8c041acd7c9b7ef6W\/222958773\/H355527d8eca44fef8c041acd7c9b7ef6W.jpg\" data-alt=\"Curved offset plastic paper cup bowl digital printing machine cup\" \/><\/p>\n<p style=\"text-align: center;\"><a>Tassendruckmaschine<\/a><\/p>\n<p style=\"text-align: center;\"><strong>Proben<\/strong><\/p>\n<p style=\"text-align: center;\"><img decoding=\"async\" src=\"https:\/\/sc01.alicdn.com\/kf\/H9178c97a5a6a46aabdb761d4f1d250faB\/222958773\/H9178c97a5a6a46aabdb761d4f1d250faB.jpg\" alt=\"Curved offset plastic paper cup bowl digital printing machine cup\" width=\"500\" height=\"375\" data-src=\"\/\/sc01.alicdn.com\/kf\/H9178c97a5a6a46aabdb761d4f1d250faB\/222958773\/H9178c97a5a6a46aabdb761d4f1d250faB.jpg\" data-alt=\"Curved offset plastic paper cup bowl digital printing machine cup\" \/><\/p>\n<p style=\"text-align: center;\"><a>Druckmaschine f\u00fcr Plastikbecher<\/a><\/p>\n<p style=\"text-align: center;\"><img decoding=\"async\" src=\"https:\/\/sc01.alicdn.com\/kf\/H51b23a57cda14bcc82afe7daee1c9676g\/222958773\/H51b23a57cda14bcc82afe7daee1c9676g.jpg\" alt=\"Curved offset plastic paper cup bowl digital printing machine cup\" width=\"500\" height=\"375\" data-src=\"\/\/sc01.alicdn.com\/kf\/H51b23a57cda14bcc82afe7daee1c9676g\/222958773\/H51b23a57cda14bcc82afe7daee1c9676g.jpg\" data-alt=\"Curved offset plastic paper cup bowl digital printing machine cup\" \/><\/p>\n<p style=\"text-align: center;\"><a>Druckmaschine f\u00fcr Haustierbecher<\/a><\/p>\n<p style=\"text-align: center;\"><img loading=\"lazy\" decoding=\"async\" src=\"https:\/\/sc02.alicdn.com\/kf\/H3b5d8d85d9194df893f418546d87b171l\/222958773\/H3b5d8d85d9194df893f418546d87b171l.jpg\" alt=\"Curved offset plastic paper cup bowl digital printing machine cup\" width=\"500\" height=\"375\" data-src=\"\/\/sc02.alicdn.com\/kf\/H3b5d8d85d9194df893f418546d87b171l\/222958773\/H3b5d8d85d9194df893f418546d87b171l.jpg\" data-alt=\"Curved offset plastic paper cup bowl digital printing machine cup\" \/><\/p>\n<p style=\"text-align: center;\"><a>Rollenoffsetdruckmaschinen<\/a><\/p>\n<p style=\"text-align: center;\"><img loading=\"lazy\" decoding=\"async\" src=\"https:\/\/sc02.alicdn.com\/kf\/H67858c8badfe4bc3a03ea5dbb768ef11c\/222958773\/H67858c8badfe4bc3a03ea5dbb768ef11c.jpg\" alt=\"Curved offset plastic paper cup bowl digital printing machine cup\" width=\"500\" height=\"375\" data-src=\"\/\/sc02.alicdn.com\/kf\/H67858c8badfe4bc3a03ea5dbb768ef11c\/222958773\/H67858c8badfe4bc3a03ea5dbb768ef11c.jpg\" data-alt=\"Curved offset plastic paper cup bowl digital printing machine cup\" \/><\/p>\n<p style=\"text-align: center;\"><a>Tassendruckmaschine<\/a><\/p>\n<p style=\"text-align: center;\"><img loading=\"lazy\" decoding=\"async\" src=\"https:\/\/sc02.alicdn.com\/kf\/H9cdf24bdbb2747c7954caf102c938b7c6\/222958773\/H9cdf24bdbb2747c7954caf102c938b7c6.jpg\" alt=\"Curved offset plastic paper cup bowl digital printing machine cup\" width=\"500\" height=\"375\" data-src=\"\/\/sc02.alicdn.com\/kf\/H9cdf24bdbb2747c7954caf102c938b7c6\/222958773\/H9cdf24bdbb2747c7954caf102c938b7c6.jpg\" data-alt=\"Curved offset plastic paper cup bowl digital printing machine cup\" \/><\/p>\n<p style=\"text-align: center;\"><a>Papierbecher-Druckmaschine<\/a><\/p>\n<p><img loading=\"lazy\" decoding=\"async\" class=\"\" src=\"https:\/\/sc01.alicdn.com\/kf\/HTB1uMedP4TpK1RjSZFKq6y2wXXaY\/222958773\/HTB1uMedP4TpK1RjSZFKq6y2wXXaY.jpg\" alt=\"Curved offset plastic paper cup bowl digital printing machine cup\" width=\"1071\" height=\"90\" data-src=\"https:\/\/sc01.alicdn.com\/kf\/HTB1uMedP4TpK1RjSZFKq6y2wXXaY\/222958773\/HTB1uMedP4TpK1RjSZFKq6y2wXXaY.jpg\" data-alt=\"Curved offset plastic paper cup bowl digital printing machine cup\" \/><\/p>\n<p>* Ausgereifte und zuverl\u00e4ssige Farbstationsstruktur, basierend auf jahrzehntelanger Fertigungserfahrung.<\/p>\n<p>* Feiner Druckeffekt, jede Farbstation verwendet eine einzelne Druckgummiwalze.<\/p>\n<p>* \u201eDurch die schnelle Installation der Druckplatte kann das Druckplatteninstallationssystem gedruckt werden.\u201c<\/p>\n<p>* Es gibt 6 Farbstationen mit jeweils 8 Farbwalzen.<\/p>\n<p>* Bequemer Platz zum Drucken und Anpassen der Bedienung.<\/p>\n<p>* Der unabh\u00e4ngige, motorbetriebene Schraubbecher-Zuf\u00fchrmechanismus sorgt f\u00fcr eine genauere Produktabgabe.<\/p>\n<p>* Die schnellste Druckgeschwindigkeit kann 380 Tassen pro Minute erreichen.<\/p>\n<p>* Der grafische Betriebsbildschirm erleichtert die Steuerung der Maschine.<\/p>\n<p>* Der Bandzufuhrbecher ist mit einem Druckregulierungsmechanismus ausgestattet.<\/p>\n<p>* Das Corona-Vorbehandlungssystem ist au\u00dferdem mit einem leicht einstellbaren Elektrodenmechanismus ausgestattet.<\/p>\n<p>* Die Montagemethode zum schnellen Austauschen der Kernscheibe kann bei allen Liming Cup-Druckmaschinen verwendet werden.<\/p>\n<p>* Bei allen Vorbehandlungs- und Aush\u00e4rtungsvorg\u00e4ngen wird eine Druckkernrotationssteuerung verwendet.<\/p>\n<p>* Ferndiagnose per Modem.<\/p>\n<p>* Auspresssystem in Riemenform.<\/p>\n<p>* Packtisch mit Servo-Lichtverteilung und Pr\u00e4zisionsstapeltechnologie.<\/p>\n<p><img loading=\"lazy\" decoding=\"async\" class=\"\" src=\"https:\/\/sc02.alicdn.com\/kf\/HTB1YzZ5Q7voK1RjSZPfq6xPKFXaY\/222958773\/HTB1YzZ5Q7voK1RjSZPfq6xPKFXaY.jpg\" alt=\"Curved offset plastic paper cup bowl digital printing machine cup\" width=\"1095\" height=\"92\" data-src=\"https:\/\/sc02.alicdn.com\/kf\/HTB1YzZ5Q7voK1RjSZPfq6xPKFXaY\/222958773\/HTB1YzZ5Q7voK1RjSZPfq6xPKFXaY.jpg\" data-alt=\"Curved offset plastic paper cup bowl digital printing machine cup\" \/><\/p>\n<table border=\"3\">\n<tbody>\n<tr>\n<td><strong>Gedruckter Produkttyp<\/strong><\/td>\n<td><strong>Runde Tasse (Sch\u00fcssel, Blumentopf usw.)<\/strong><\/td>\n<\/tr>\n<tr>\n<td><strong>Anwendbares Material f\u00fcr den Becherdruck<\/strong><\/td>\n<td><strong>PP, PET, PS, EPS usw.<\/strong><\/td>\n<\/tr>\n<tr>\n<td><strong>Druckgeschwindigkeit<\/strong><\/td>\n<td><strong>16000 St\u00fcck\/Stunde<\/strong><\/td>\n<\/tr>\n<tr>\n<td><strong>Druckbecherh\u00f6he<\/strong><\/td>\n<td><strong>30-180 mm<\/strong><\/td>\n<\/tr>\n<tr>\n<td><strong>Becherdurchmesser\u00a0<\/strong><\/td>\n<td><strong>40-160 mm<\/strong><\/td>\n<\/tr>\n<tr>\n<td><strong>Max. Tassen-\/Sch\u00fcsselnranddurchmesser<\/strong><\/td>\n<td><strong>\u03c6180mm<\/strong><\/td>\n<\/tr>\n<tr>\n<td><strong>Druckwinkel<\/strong><\/td>\n<td><strong>0-15\u00b0<\/strong><\/td>\n<\/tr>\n<tr>\n<td><strong>Maximale Druckh\u00f6he<\/strong><\/td>\n<td><strong>160 mm<\/strong><\/td>\n<\/tr>\n<tr>\n<td><strong>Max. Druckl\u00e4nge<\/strong><\/td>\n<td><strong>150\u00b0: 368 mm<\/strong><\/p>\n<p><strong>120\u00b0:420 mm<\/strong><\/p>\n<p><strong>90\u00b0:474mm<\/strong><\/td>\n<\/tr>\n<tr>\n<td><strong>Max. Druckl\u00e4nge<\/strong><\/p>\n<p><strong>(Drei Deckenmuster)<\/strong><\/td>\n<td><strong>540 mm<\/strong><\/td>\n<\/tr>\n<tr>\n<td><strong>Optionen<\/strong><\/td>\n<td><strong>1. Top-Cup-Ger\u00e4t<\/strong><\/p>\n<p><strong>2.Der Tablettbecher-Zuf\u00fchrer ist mit einem Becherpufferbereich ausgestattet<\/strong><\/p>\n<p><strong>3. Packtisch mit automatischer Stapelung und laserpr\u00e4ziser Z\u00e4hlung.<\/strong><\/td>\n<\/tr>\n<\/tbody>\n<\/table>\n<\/div>\n<\/div>\n<div class=\"J_module\">\n<div class=\"icbu-pc-images magic-7\">\n<div class=\"flex-layout-v\">\n<div class=\"flex-layout-h magic-7\">\n<div class=\"magic-10\"><\/div>\n<\/div>\n<\/div>\n<\/div>\n<\/div>\n<p><img loading=\"lazy\" decoding=\"async\" class=\"alignnone wp-image-646\" src=\"http:\/\/higheasy.cn\/wp-content\/uploads\/2023\/07\/HTB1Lnd7QMHqK1RjSZFgq6y7JXXaU.jpg\" alt=\"higheasy\" width=\"1238\" height=\"1836\" srcset=\"https:\/\/higheasy.cn\/wp-content\/uploads\/2023\/07\/HTB1Lnd7QMHqK1RjSZFgq6y7JXXaU.jpg 750w, https:\/\/higheasy.cn\/wp-content\/uploads\/2023\/07\/HTB1Lnd7QMHqK1RjSZFgq6y7JXXaU-300x445.jpg 300w, https:\/\/higheasy.cn\/wp-content\/uploads\/2023\/07\/HTB1Lnd7QMHqK1RjSZFgq6y7JXXaU-202x300.jpg 202w, https:\/\/higheasy.cn\/wp-content\/uploads\/2023\/07\/HTB1Lnd7QMHqK1RjSZFgq6y7JXXaU-691x1024.jpg 691w\" sizes=\"(max-width: 1238px) 100vw, 1238px\" \/><\/p>\n<p>Das Unternehmen verf\u00fcgt \u00fcber eine Gruppe professioneller Forschungs- und Entwicklungsteams f\u00fcr Technologie und fortschrittliche Verarbeitungsger\u00e4te sowie eine Reihe von Erfindungspatenten. Das Unternehmen produziert eine Vielzahl von Verpackungsmaschinen. Die Hauptprodukte sind: vertikale Schlauchbeutelmaschinen (VFFS), Stickpack-Maschinen, Pulververpackungsmaschinen, Fl\u00fcssigkeitsverpackungsmaschinen und Mehrkopfwaagen, die in der Lebensmittel-, Chemie- und Getr\u00e4nkeindustrie weit verbreitet sind , landwirtschaftliche Produkte, Spielzeug und Verpackungen f\u00fcr Industrieprodukte und andere Branchen. Die Produkte werden in die ganze Welt exportiert und haben in vielen L\u00e4ndern und Regionen professionelle Marketingvertreter gewonnen. Die Produkte und Dienstleistungen wurden von den Kunden einhellig anerkannt und gelobt.<\/p>\n<p><img loading=\"lazy\" decoding=\"async\" class=\"alignnone size-full wp-image-662\" src=\"http:\/\/higheasy.cn\/wp-content\/uploads\/2023\/07\/5.jpg\" alt=\"small yogurt production line\" width=\"1200\" height=\"604\" srcset=\"https:\/\/higheasy.cn\/wp-content\/uploads\/2023\/07\/5.jpg 1200w, https:\/\/higheasy.cn\/wp-content\/uploads\/2023\/07\/5-300x151.jpg 300w, https:\/\/higheasy.cn\/wp-content\/uploads\/2023\/07\/5-1024x515.jpg 1024w, https:\/\/higheasy.cn\/wp-content\/uploads\/2023\/07\/5-768x387.jpg 768w\" sizes=\"(max-width: 1200px) 100vw, 1200px\" \/><\/p>","protected":false},"excerpt":{"rendered":"<p>Curved Offset\u00a0 Plastic Paper Bowl and Cup Printing Machine cup printing machine Samples plastic cup printing machine pet cup printing machine web offset printing machines print cup machine paper cup printing machine * Mature and reliable color station structure, based on decades of manufacturing experience. * Fine printing effect, each color station uses a single [&hellip;]<\/p>","protected":false},"featured_media":1076,"template":"","meta":{"site-sidebar-layout":"default","site-content-layout":"default","ast-site-content-layout":"default","site-content-style":"default","site-sidebar-style":"default","ast-global-header-display":"","ast-banner-title-visibility":"","ast-main-header-display":"","ast-hfb-above-header-display":"","ast-hfb-below-header-display":"","ast-hfb-mobile-header-display":"","site-post-title":"","ast-breadcrumbs-content":"","ast-featured-img":"","footer-sml-layout":"","theme-transparent-header-meta":"default","adv-header-id-meta":"","stick-header-meta":"","header-above-stick-meta":"","header-main-stick-meta":"","header-below-stick-meta":"","astra-migrate-meta-layouts":"set","ast-page-background-enabled":"default","ast-page-background-meta":{"desktop":{"background-color":"","background-image":"","background-repeat":"repeat","background-position":"center center","background-size":"auto","background-attachment":"scroll","background-type":"","background-media":"","overlay-type":"","overlay-color":"","overlay-opacity":"","overlay-gradient":""},"tablet":{"background-color":"","background-image":"","background-repeat":"repeat","background-position":"center center","background-size":"auto","background-attachment":"scroll","background-type":"","background-media":"","overlay-type":"","overlay-color":"","overlay-opacity":"","overlay-gradient":""},"mobile":{"background-color":"","background-image":"","background-repeat":"repeat","background-position":"center center","background-size":"auto","background-attachment":"scroll","background-type":"","background-media":"","overlay-type":"","overlay-color":"","overlay-opacity":"","overlay-gradient":""}},"ast-content-background-meta":{"desktop":{"background-color":"var(--ast-global-color-5)","background-image":"","background-repeat":"repeat","background-position":"center center","background-size":"auto","background-attachment":"scroll","background-type":"","background-media":"","overlay-type":"","overlay-color":"","overlay-opacity":"","overlay-gradient":""},"tablet":{"background-color":"var(--ast-global-color-5)","background-image":"","background-repeat":"repeat","background-position":"center center","background-size":"auto","background-attachment":"scroll","background-type":"","background-media":"","overlay-type":"","overlay-color":"","overlay-opacity":"","overlay-gradient":""},"mobile":{"background-color":"var(--ast-global-color-5)","background-image":"","background-repeat":"repeat","background-position":"center center","background-size":"auto","background-attachment":"scroll","background-type":"","background-media":"","overlay-type":"","overlay-color":"","overlay-opacity":"","overlay-gradient":""}}},"product_brand":[],"product_cat":[39],"product_tag":[],"class_list":{"0":"post-1075","1":"product","2":"type-product","3":"status-publish","4":"has-post-thumbnail","6":"product_cat-plastic-cup-making-machine","7":"desktop-align-left","8":"tablet-align-left","9":"mobile-align-left","11":"first","12":"instock","13":"shipping-taxable","14":"product-type-simple"},"_links":{"self":[{"href":"https:\/\/higheasy.cn\/de\/wp-json\/wp\/v2\/product\/1075","targetHints":{"allow":["GET"]}}],"collection":[{"href":"https:\/\/higheasy.cn\/de\/wp-json\/wp\/v2\/product"}],"about":[{"href":"https:\/\/higheasy.cn\/de\/wp-json\/wp\/v2\/types\/product"}],"wp:featuredmedia":[{"embeddable":true,"href":"https:\/\/higheasy.cn\/de\/wp-json\/wp\/v2\/media\/1076"}],"wp:attachment":[{"href":"https:\/\/higheasy.cn\/de\/wp-json\/wp\/v2\/media?parent=1075"}],"wp:term":[{"taxonomy":"product_brand","embeddable":true,"href":"https:\/\/higheasy.cn\/de\/wp-json\/wp\/v2\/product_brand?post=1075"},{"taxonomy":"product_cat","embeddable":true,"href":"https:\/\/higheasy.cn\/de\/wp-json\/wp\/v2\/product_cat?post=1075"},{"taxonomy":"product_tag","embeddable":true,"href":"https:\/\/higheasy.cn\/de\/wp-json\/wp\/v2\/product_tag?post=1075"}],"curies":[{"name":"wp","href":"https:\/\/api.w.org\/{rel}","templated":true}]}}