{"id":1064,"date":"2023-10-18T14:32:10","date_gmt":"2023-10-18T14:32:10","guid":{"rendered":"https:\/\/mediumturquoise-pheasant-889000.hostingersite.com\/?post_type=product&#038;p=1064"},"modified":"2023-10-18T14:39:41","modified_gmt":"2023-10-18T14:39:41","slug":"semi-auto-ready-to-eat-meal-fast-food-tray-lunch-box-sealing-machine","status":"publish","type":"product","link":"https:\/\/higheasy.cn\/de\/produkt\/semi-auto-ready-to-eat-meal-fast-food-tray-lunch-box-sealing-machine\/","title":{"rendered":"Halbautomatische Verschlie\u00dfmaschine f\u00fcr verzehrfertige Mahlzeiten, Fast-Food-Tabletts und Lunchboxen"},"content":{"rendered":"<p><img decoding=\"async\" src=\"https:\/\/sc04.alicdn.com\/kf\/H910e819344154db091c47e58fad0ee9eX\/222958773\/H910e819344154db091c47e58fad0ee9eX.jpg\" alt=\"Automatic ready to eat meal machine for vegetable fish meal food tray lunch Box\" \/><\/p>\n<p><img fetchpriority=\"high\" decoding=\"async\" class=\"aligncenter\" src=\"https:\/\/sc04.alicdn.com\/kf\/Hb5ab9392b35a440d90c184d98fed93d1H\/222958773\/Hb5ab9392b35a440d90c184d98fed93d1H.jpg\" alt=\"Semi-auto ready to eat meal fast food tray lunch box sealing machine\" width=\"970\" height=\"808\" data-src=\"\/\/sc04.alicdn.com\/kf\/Hb5ab9392b35a440d90c184d98fed93d1H\/222958773\/Hb5ab9392b35a440d90c184d98fed93d1H.jpg\" data-alt=\"Semi-auto ready to eat meal fast food tray lunch box sealing machine\" data-spm-anchor-id=\"a2700.details.0.i22.514a3e17uf2d3r\" \/><\/p>\n<p style=\"text-align: center;\"><img decoding=\"async\" class=\"\" src=\"https:\/\/sc04.alicdn.com\/kf\/H484ef23ff2a44084a9b627e6d3ecafb1K\/222958773\/H484ef23ff2a44084a9b627e6d3ecafb1K.jpg\" alt=\"Semi-auto ready to eat meal fast food tray lunch box sealing machine\" width=\"959\" height=\"959\" data-src=\"\/\/sc04.alicdn.com\/kf\/H484ef23ff2a44084a9b627e6d3ecafb1K\/222958773\/H484ef23ff2a44084a9b627e6d3ecafb1K.jpg\" data-alt=\"Semi-auto ready to eat meal fast food tray lunch box sealing machine\" \/><\/p>\n<p style=\"text-align: center;\"><a><img decoding=\"async\" class=\"\" src=\"https:\/\/sc04.alicdn.com\/kf\/H54498a7c45904ad19ed6d3a43666a061P\/222958773\/H54498a7c45904ad19ed6d3a43666a061P.jpg\" alt=\"Semi-auto ready to eat meal fast food tray lunch box sealing machine\" width=\"943\" height=\"943\" data-src=\"\/\/sc04.alicdn.com\/kf\/H54498a7c45904ad19ed6d3a43666a061P\/222958773\/H54498a7c45904ad19ed6d3a43666a061P.jpg\" data-alt=\"Semi-auto ready to eat meal fast food tray lunch box sealing machine\" \/><\/a><\/p>\n<p style=\"text-align: center;\"><a><img loading=\"lazy\" decoding=\"async\" class=\"\" src=\"https:\/\/sc04.alicdn.com\/kf\/Hdba1c4e4a43a47ac865dcd51452a5d9dc\/222958773\/Hdba1c4e4a43a47ac865dcd51452a5d9dc.jpg\" alt=\"Semi-auto ready to eat meal fast food tray lunch box sealing machine\" width=\"1156\" height=\"1156\" data-src=\"\/\/sc04.alicdn.com\/kf\/Hdba1c4e4a43a47ac865dcd51452a5d9dc\/222958773\/Hdba1c4e4a43a47ac865dcd51452a5d9dc.jpg\" data-alt=\"Semi-auto ready to eat meal fast food tray lunch box sealing machine\" \/><\/a><img loading=\"lazy\" decoding=\"async\" class=\"\" src=\"https:\/\/sc04.alicdn.com\/kf\/Hdd8c361791be431189b7a92974ad7c66O\/222958773\/Hdd8c361791be431189b7a92974ad7c66O.jpg\" alt=\"Semi-auto ready to eat meal fast food tray lunch box sealing machine\" width=\"1109\" height=\"1109\" data-src=\"\/\/sc04.alicdn.com\/kf\/Hdd8c361791be431189b7a92974ad7c66O\/222958773\/Hdd8c361791be431189b7a92974ad7c66O.jpg\" data-alt=\"Semi-auto ready to eat meal fast food tray lunch box sealing machine\" \/><img loading=\"lazy\" decoding=\"async\" class=\"\" src=\"https:\/\/sc04.alicdn.com\/kf\/Hd38658ffcd5c4fbfbfa63a8c1fca3a07Z\/222958773\/Hd38658ffcd5c4fbfbfa63a8c1fca3a07Z.jpg\" alt=\"Semi-auto ready to eat meal fast food tray lunch box sealing machine\" width=\"1132\" height=\"1132\" data-src=\"\/\/sc04.alicdn.com\/kf\/Hd38658ffcd5c4fbfbfa63a8c1fca3a07Z\/222958773\/Hd38658ffcd5c4fbfbfa63a8c1fca3a07Z.jpg\" data-alt=\"Semi-auto ready to eat meal fast food tray lunch box sealing machine\" \/><\/p>\n<p style=\"text-align: center;\"><a><img loading=\"lazy\" decoding=\"async\" class=\"\" src=\"https:\/\/sc04.alicdn.com\/kf\/H07702cbb1dae462bbc8c0c00182736efn\/222958773\/H07702cbb1dae462bbc8c0c00182736efn.jpg\" alt=\"Semi-auto ready to eat meal fast food tray lunch box sealing machine\" width=\"1160\" height=\"1160\" data-src=\"\/\/sc04.alicdn.com\/kf\/H07702cbb1dae462bbc8c0c00182736efn\/222958773\/H07702cbb1dae462bbc8c0c00182736efn.jpg\" data-alt=\"Semi-auto ready to eat meal fast food tray lunch box sealing machine\" \/><\/a>Strahlenversiegelungsmaschine;<a>Schalenverschlie\u00dfmaschine aus Kunststoff<\/a><\/p>\n<p style=\"text-align: center;\"><img loading=\"lazy\" decoding=\"async\" class=\"\" src=\"https:\/\/sc04.alicdn.com\/kf\/H7962da82b0e44770ac54fddac3921131k\/222958773\/H7962da82b0e44770ac54fddac3921131k.jpg\" alt=\"Semi-auto ready to eat meal fast food tray lunch box sealing machine\" width=\"1012\" height=\"1012\" data-src=\"\/\/sc04.alicdn.com\/kf\/H7962da82b0e44770ac54fddac3921131k\/222958773\/H7962da82b0e44770ac54fddac3921131k.jpg\" data-alt=\"Semi-auto ready to eat meal fast food tray lunch box sealing machine\" \/><\/p>\n<p><img loading=\"lazy\" decoding=\"async\" class=\"aligncenter\" src=\"https:\/\/sc04.alicdn.com\/kf\/H7a60a574e9284c238c34e6c2f1694682b\/222958773\/H7a60a574e9284c238c34e6c2f1694682b.jpg\" alt=\"Semi-auto ready to eat meal fast food tray lunch box sealing machine\" width=\"1127\" height=\"1127\" data-src=\"\/\/sc04.alicdn.com\/kf\/H7a60a574e9284c238c34e6c2f1694682b\/222958773\/H7a60a574e9284c238c34e6c2f1694682b.jpg\" data-alt=\"Semi-auto ready to eat meal fast food tray lunch box sealing machine\" \/><\/p>\n<p>Die beladene Schale gelangt \u00fcber das F\u00f6rderband zur Versiegelungsmaschine \u2192 der Manipulator f\u00fchrt die Schalen in die Schablone ein \u2192 automatische Folienzuf\u00fchrung \u2192 automatische Versiegelung \u2192 automatisches Folienschneiden \u2192 der Manipulator f\u00fchrt die Schachtel der Etikettiermaschine und dem Tintenstrahl-F\u00f6rderband zu.<\/p>\n<p>&nbsp;<\/p>\n<p><strong>Merkmale:<\/strong><\/p>\n<p>1. Ausgestattet mit einer rostfreien, mit Aluminium verdickten, massiven Schablone (hergestellt in Guangdong),<\/p>\n<p>s\u00e4urebest\u00e4ndiges, alkalisches, rostfreies Aluminium;<\/p>\n<p>2. Die Maschine ist mit einem Luftspeichertank ausgestattet, um die Stabilit\u00e4t des Luftdrucks zu verbessern.<\/p>\n<p>3. Nehmen Sie eine Niederdruckschutztechnologie an, um zu verhindern, dass ein niedriger Luftdruck die Maschine startet, und verbessern Sie die Zuverl\u00e4ssigkeit und Stabilit\u00e4t der Maschine.<\/p>\n<p>4. Nutzen Sie eine zentralisierte Abgastechnologie, um die Umweltverschmutzung zu reduzieren.<\/p>\n<p data-spm-anchor-id=\"a2700.details.0.i20.514a3e17uf2d3r\">5. Die Technologie zur Erh\u00f6hung der Siegelkraft wird eingesetzt, um die Siegelqualit\u00e4t sicherzustellen.<\/p>\n<p>&nbsp;<\/p>\n<p><img loading=\"lazy\" decoding=\"async\" class=\"alignnone wp-image-646\" src=\"http:\/\/higheasy.cn\/wp-content\/uploads\/2023\/07\/HTB1Lnd7QMHqK1RjSZFgq6y7JXXaU.jpg\" alt=\"higheasy\" width=\"1238\" height=\"1836\" srcset=\"https:\/\/higheasy.cn\/wp-content\/uploads\/2023\/07\/HTB1Lnd7QMHqK1RjSZFgq6y7JXXaU.jpg 750w, https:\/\/higheasy.cn\/wp-content\/uploads\/2023\/07\/HTB1Lnd7QMHqK1RjSZFgq6y7JXXaU-300x445.jpg 300w, https:\/\/higheasy.cn\/wp-content\/uploads\/2023\/07\/HTB1Lnd7QMHqK1RjSZFgq6y7JXXaU-202x300.jpg 202w, https:\/\/higheasy.cn\/wp-content\/uploads\/2023\/07\/HTB1Lnd7QMHqK1RjSZFgq6y7JXXaU-691x1024.jpg 691w\" sizes=\"(max-width: 1238px) 100vw, 1238px\" \/><\/p>\n<p>Das Unternehmen verf\u00fcgt \u00fcber eine Gruppe professioneller Forschungs- und Entwicklungsteams f\u00fcr Technologie und fortschrittliche Verarbeitungsger\u00e4te sowie eine Reihe von Erfindungspatenten. Das Unternehmen produziert eine Vielzahl von Verpackungsmaschinen. Die Hauptprodukte sind: vertikale Schlauchbeutelmaschinen (VFFS), Stickpack-Maschinen, Pulververpackungsmaschinen, Fl\u00fcssigkeitsverpackungsmaschinen und Mehrkopfwaagen, die in der Lebensmittel-, Chemie- und Getr\u00e4nkeindustrie weit verbreitet sind , landwirtschaftliche Produkte, Spielzeug und Verpackungen f\u00fcr Industrieprodukte und andere Branchen. Die Produkte werden in die ganze Welt exportiert und haben in vielen L\u00e4ndern und Regionen professionelle Marketingvertreter gewonnen. Die Produkte und Dienstleistungen wurden von den Kunden einhellig anerkannt und gelobt.<\/p>\n<p><img loading=\"lazy\" decoding=\"async\" class=\"alignnone size-full wp-image-662\" src=\"http:\/\/higheasy.cn\/wp-content\/uploads\/2023\/07\/5.jpg\" alt=\"small yogurt production line\" width=\"1200\" height=\"604\" srcset=\"https:\/\/higheasy.cn\/wp-content\/uploads\/2023\/07\/5.jpg 1200w, https:\/\/higheasy.cn\/wp-content\/uploads\/2023\/07\/5-300x151.jpg 300w, https:\/\/higheasy.cn\/wp-content\/uploads\/2023\/07\/5-1024x515.jpg 1024w, https:\/\/higheasy.cn\/wp-content\/uploads\/2023\/07\/5-768x387.jpg 768w\" sizes=\"(max-width: 1200px) 100vw, 1200px\" \/><\/p>","protected":false},"excerpt":{"rendered":"<p>ray sealing machine;tray sealing machine plastic The loaded tray goes to the sealing machine through the conveyor belt \u2192 the manipulator feeds the trays into the template \u2192 automatic film feeding \u2192 automatic sealing \u2192 automatic film cutting \u2192 the manipulator feeds the box into the labeling machine and inkjet conveyor belt. &nbsp; Features: 1. [&hellip;]<\/p>","protected":false},"featured_media":1066,"template":"","meta":{"site-sidebar-layout":"default","site-content-layout":"default","ast-site-content-layout":"default","site-content-style":"default","site-sidebar-style":"default","ast-global-header-display":"","ast-banner-title-visibility":"","ast-main-header-display":"","ast-hfb-above-header-display":"","ast-hfb-below-header-display":"","ast-hfb-mobile-header-display":"","site-post-title":"","ast-breadcrumbs-content":"","ast-featured-img":"","footer-sml-layout":"","theme-transparent-header-meta":"default","adv-header-id-meta":"","stick-header-meta":"","header-above-stick-meta":"","header-main-stick-meta":"","header-below-stick-meta":"","astra-migrate-meta-layouts":"set","ast-page-background-enabled":"default","ast-page-background-meta":{"desktop":{"background-color":"","background-image":"","background-repeat":"repeat","background-position":"center center","background-size":"auto","background-attachment":"scroll","background-type":"","background-media":"","overlay-type":"","overlay-color":"","overlay-opacity":"","overlay-gradient":""},"tablet":{"background-color":"","background-image":"","background-repeat":"repeat","background-position":"center center","background-size":"auto","background-attachment":"scroll","background-type":"","background-media":"","overlay-type":"","overlay-color":"","overlay-opacity":"","overlay-gradient":""},"mobile":{"background-color":"","background-image":"","background-repeat":"repeat","background-position":"center center","background-size":"auto","background-attachment":"scroll","background-type":"","background-media":"","overlay-type":"","overlay-color":"","overlay-opacity":"","overlay-gradient":""}},"ast-content-background-meta":{"desktop":{"background-color":"var(--ast-global-color-5)","background-image":"","background-repeat":"repeat","background-position":"center center","background-size":"auto","background-attachment":"scroll","background-type":"","background-media":"","overlay-type":"","overlay-color":"","overlay-opacity":"","overlay-gradient":""},"tablet":{"background-color":"var(--ast-global-color-5)","background-image":"","background-repeat":"repeat","background-position":"center center","background-size":"auto","background-attachment":"scroll","background-type":"","background-media":"","overlay-type":"","overlay-color":"","overlay-opacity":"","overlay-gradient":""},"mobile":{"background-color":"var(--ast-global-color-5)","background-image":"","background-repeat":"repeat","background-position":"center center","background-size":"auto","background-attachment":"scroll","background-type":"","background-media":"","overlay-type":"","overlay-color":"","overlay-opacity":"","overlay-gradient":""}}},"product_brand":[],"product_cat":[37],"product_tag":[],"class_list":{"0":"post-1064","1":"product","2":"type-product","3":"status-publish","4":"has-post-thumbnail","6":"product_cat-semi-auto-cup-tray-filling-sealing-machine","7":"desktop-align-left","8":"tablet-align-left","9":"mobile-align-left","11":"first","12":"instock","13":"shipping-taxable","14":"product-type-simple"},"_links":{"self":[{"href":"https:\/\/higheasy.cn\/de\/wp-json\/wp\/v2\/product\/1064","targetHints":{"allow":["GET"]}}],"collection":[{"href":"https:\/\/higheasy.cn\/de\/wp-json\/wp\/v2\/product"}],"about":[{"href":"https:\/\/higheasy.cn\/de\/wp-json\/wp\/v2\/types\/product"}],"wp:featuredmedia":[{"embeddable":true,"href":"https:\/\/higheasy.cn\/de\/wp-json\/wp\/v2\/media\/1066"}],"wp:attachment":[{"href":"https:\/\/higheasy.cn\/de\/wp-json\/wp\/v2\/media?parent=1064"}],"wp:term":[{"taxonomy":"product_brand","embeddable":true,"href":"https:\/\/higheasy.cn\/de\/wp-json\/wp\/v2\/product_brand?post=1064"},{"taxonomy":"product_cat","embeddable":true,"href":"https:\/\/higheasy.cn\/de\/wp-json\/wp\/v2\/product_cat?post=1064"},{"taxonomy":"product_tag","embeddable":true,"href":"https:\/\/higheasy.cn\/de\/wp-json\/wp\/v2\/product_tag?post=1064"}],"curies":[{"name":"wp","href":"https:\/\/api.w.org\/{rel}","templated":true}]}}