{"id":1062,"date":"2023-10-18T14:23:36","date_gmt":"2023-10-18T14:23:36","guid":{"rendered":"https:\/\/mediumturquoise-pheasant-889000.hostingersite.com\/?post_type=product&#038;p=1062"},"modified":"2023-10-18T15:13:07","modified_gmt":"2023-10-18T15:13:07","slug":"automatic-ready-to-eat-meal-machine-for-vegetable-fish-meal-food-tray-lunch-box","status":"publish","type":"product","link":"https:\/\/higheasy.cn\/de\/produkt\/automatic-ready-to-eat-meal-machine-for-vegetable-fish-meal-food-tray-lunch-box\/","title":{"rendered":"Automatische Fertiggerichtmaschine f\u00fcr Gem\u00fcse-Fischmehl-Lebensmitteltablett-Brotdose"},"content":{"rendered":"<p><img decoding=\"async\" src=\"https:\/\/sc04.alicdn.com\/kf\/H910e819344154db091c47e58fad0ee9eX\/222958773\/H910e819344154db091c47e58fad0ee9eX.jpg\" alt=\"Automatic ready to eat meal machine for vegetable fish meal food tray lunch Box\" \/><\/p>\n<p><img decoding=\"async\" src=\"https:\/\/sc04.alicdn.com\/kf\/H8a69a0431d9f440aaf6374e93b025af79\/222958773\/H8a69a0431d9f440aaf6374e93b025af79.jpg\" alt=\"Automatic ready to eat meal machine for vegetable fish meal food tray lunch Box\" \/><\/p>\n<p><img decoding=\"async\" src=\"https:\/\/sc04.alicdn.com\/kf\/H27293f65131544e6a8ae55ec109d03c7Z\/222958773\/H27293f65131544e6a8ae55ec109d03c7Z.jpg\" alt=\"Automatic ready to eat meal machine for vegetable fish meal food tray lunch Box\" \/><\/p>\n<p><strong>Anwendung:\u00a0<\/strong><\/p>\n<p>Geeignet zum Abf\u00fcllen des Essens\/Gem\u00fcse in Plastik-\/Metallbeh\u00e4lter und zum Vakuumieren und Versiegeln mit Aluminium-\/Plastikfolie.<\/p>\n<p>&nbsp;<\/p>\n<p><strong>Arbeitsprozess:\u00a0\u00a0<\/strong><\/p>\n<p>Automatische Schalenzuf\u00fchrung \u2192 automatisches Bef\u00fcllen der Lebensmittel oder manuelles Ablegen \u2192 Gewichtspr\u00fcfung (optional) \u2192 Schalen werden \u00fcber F\u00f6rderband transportiert \u2192 Schalen werden durch Manipulator in Form transportiert \u2192 automatische Folienzuf\u00fchrung \u2192 automatisches Vakuum (optional) \u2192 automatisches Versiegeln \u2192 automatischer Folienschnitt \u2192 Entladung \u2192 Etikettiermaschine \u2192 Code-Tintenstrahldruck<\/p>\n<p>&nbsp;<\/p>\n<p><strong>Merkmale:<\/strong><\/p>\n<p>1. Ausgestattet mit einer rostfreien, mit Aluminium verdickten, massiven Schablone (hergestellt in Guangdong),<\/p>\n<p>s\u00e4urebest\u00e4ndiges, alkalisches, rostfreies Aluminium;<\/p>\n<p>2. Die Maschine ist mit einem Luftspeichertank ausgestattet, um die Stabilit\u00e4t des Luftdrucks zu verbessern.<\/p>\n<p>3. Nehmen Sie eine Niederdruckschutztechnologie an, um zu verhindern, dass ein niedriger Luftdruck die Maschine startet, und verbessern Sie die Zuverl\u00e4ssigkeit und Stabilit\u00e4t der Maschine.<\/p>\n<p>4. Nutzen Sie eine zentralisierte Abgastechnologie, um die Umweltverschmutzung zu reduzieren.<\/p>\n<p>5. Die Technologie zur Erh\u00f6hung der Siegelkraft wird eingesetzt, um die Siegelqualit\u00e4t sicherzustellen.<\/p>\n<p>&nbsp;<\/p>\n<p><strong>Verpackungsgeschwindigkeit:\u00a0<\/strong>1000\u201310000 Kartons\/Stunde (kundenspezifisch)<\/p>\n<p><img fetchpriority=\"high\" decoding=\"async\" class=\"alignnone wp-image-646\" src=\"http:\/\/higheasy.cn\/wp-content\/uploads\/2023\/07\/HTB1Lnd7QMHqK1RjSZFgq6y7JXXaU.jpg\" alt=\"higheasy\" width=\"1238\" height=\"1836\" srcset=\"https:\/\/higheasy.cn\/wp-content\/uploads\/2023\/07\/HTB1Lnd7QMHqK1RjSZFgq6y7JXXaU.jpg 750w, https:\/\/higheasy.cn\/wp-content\/uploads\/2023\/07\/HTB1Lnd7QMHqK1RjSZFgq6y7JXXaU-300x445.jpg 300w, https:\/\/higheasy.cn\/wp-content\/uploads\/2023\/07\/HTB1Lnd7QMHqK1RjSZFgq6y7JXXaU-202x300.jpg 202w, https:\/\/higheasy.cn\/wp-content\/uploads\/2023\/07\/HTB1Lnd7QMHqK1RjSZFgq6y7JXXaU-691x1024.jpg 691w\" sizes=\"(max-width: 1238px) 100vw, 1238px\" \/><\/p>\n<p>Das Unternehmen verf\u00fcgt \u00fcber eine Gruppe professioneller Forschungs- und Entwicklungsteams f\u00fcr Technologie und fortschrittliche Verarbeitungsger\u00e4te sowie eine Reihe von Erfindungspatenten. Das Unternehmen produziert eine Vielzahl von Verpackungsmaschinen. Die Hauptprodukte sind: vertikale Schlauchbeutelmaschinen (VFFS), Stickpack-Maschinen, Pulververpackungsmaschinen, Fl\u00fcssigkeitsverpackungsmaschinen und Mehrkopfwaagen, die in der Lebensmittel-, Chemie- und Getr\u00e4nkeindustrie weit verbreitet sind , landwirtschaftliche Produkte, Spielzeug und Verpackungen f\u00fcr Industrieprodukte und andere Branchen. Die Produkte werden in die ganze Welt exportiert und haben in vielen L\u00e4ndern und Regionen professionelle Marketingvertreter gewonnen. Die Produkte und Dienstleistungen wurden von den Kunden einhellig anerkannt und gelobt.<\/p>\n<p><img decoding=\"async\" class=\"alignnone size-full wp-image-662\" src=\"http:\/\/higheasy.cn\/wp-content\/uploads\/2023\/07\/5.jpg\" alt=\"small yogurt production line\" width=\"1200\" height=\"604\" srcset=\"https:\/\/higheasy.cn\/wp-content\/uploads\/2023\/07\/5.jpg 1200w, https:\/\/higheasy.cn\/wp-content\/uploads\/2023\/07\/5-300x151.jpg 300w, https:\/\/higheasy.cn\/wp-content\/uploads\/2023\/07\/5-1024x515.jpg 1024w, https:\/\/higheasy.cn\/wp-content\/uploads\/2023\/07\/5-768x387.jpg 768w\" sizes=\"(max-width: 1200px) 100vw, 1200px\" \/><\/p>","protected":false},"excerpt":{"rendered":"<p>Application:\u00a0 Suitable to fill the meal \/vegetable into plastic\/ metal box and vacuum and seal with aluminium\/plastic film &nbsp; Working process:\u00a0\u00a0 Auto tray\u00a0 feeding\u00a0\u2192auto food filling or manual filing\u00a0\u2192 weight checker(optional) \u2192\u00a0tray transferred through conveyor\u00a0\u2192\u00a0 trays tranfered into mould by manipulator \u2192 auto film feeding \u2192 auto vacuum(optional)\u2192\u00a0auto sealing \u2192 auto film cutting \u2192 discharge\u2192labelling [&hellip;]<\/p>","protected":false},"featured_media":1063,"template":"","meta":{"site-sidebar-layout":"default","site-content-layout":"default","ast-site-content-layout":"default","site-content-style":"default","site-sidebar-style":"default","ast-global-header-display":"","ast-banner-title-visibility":"","ast-main-header-display":"","ast-hfb-above-header-display":"","ast-hfb-below-header-display":"","ast-hfb-mobile-header-display":"","site-post-title":"","ast-breadcrumbs-content":"","ast-featured-img":"","footer-sml-layout":"","theme-transparent-header-meta":"default","adv-header-id-meta":"","stick-header-meta":"","header-above-stick-meta":"","header-main-stick-meta":"","header-below-stick-meta":"","astra-migrate-meta-layouts":"set","ast-page-background-enabled":"default","ast-page-background-meta":{"desktop":{"background-color":"","background-image":"","background-repeat":"repeat","background-position":"center center","background-size":"auto","background-attachment":"scroll","background-type":"","background-media":"","overlay-type":"","overlay-color":"","overlay-opacity":"","overlay-gradient":""},"tablet":{"background-color":"","background-image":"","background-repeat":"repeat","background-position":"center center","background-size":"auto","background-attachment":"scroll","background-type":"","background-media":"","overlay-type":"","overlay-color":"","overlay-opacity":"","overlay-gradient":""},"mobile":{"background-color":"","background-image":"","background-repeat":"repeat","background-position":"center center","background-size":"auto","background-attachment":"scroll","background-type":"","background-media":"","overlay-type":"","overlay-color":"","overlay-opacity":"","overlay-gradient":""}},"ast-content-background-meta":{"desktop":{"background-color":"var(--ast-global-color-5)","background-image":"","background-repeat":"repeat","background-position":"center center","background-size":"auto","background-attachment":"scroll","background-type":"","background-media":"","overlay-type":"","overlay-color":"","overlay-opacity":"","overlay-gradient":""},"tablet":{"background-color":"var(--ast-global-color-5)","background-image":"","background-repeat":"repeat","background-position":"center center","background-size":"auto","background-attachment":"scroll","background-type":"","background-media":"","overlay-type":"","overlay-color":"","overlay-opacity":"","overlay-gradient":""},"mobile":{"background-color":"var(--ast-global-color-5)","background-image":"","background-repeat":"repeat","background-position":"center center","background-size":"auto","background-attachment":"scroll","background-type":"","background-media":"","overlay-type":"","overlay-color":"","overlay-opacity":"","overlay-gradient":""}}},"product_brand":[],"product_cat":[22,37],"product_tag":[],"class_list":{"0":"post-1062","1":"product","2":"type-product","3":"status-publish","4":"has-post-thumbnail","6":"product_cat-hot-products","7":"product_cat-semi-auto-cup-tray-filling-sealing-machine","8":"desktop-align-left","9":"tablet-align-left","10":"mobile-align-left","12":"first","13":"instock","14":"shipping-taxable","15":"product-type-simple"},"_links":{"self":[{"href":"https:\/\/higheasy.cn\/de\/wp-json\/wp\/v2\/product\/1062","targetHints":{"allow":["GET"]}}],"collection":[{"href":"https:\/\/higheasy.cn\/de\/wp-json\/wp\/v2\/product"}],"about":[{"href":"https:\/\/higheasy.cn\/de\/wp-json\/wp\/v2\/types\/product"}],"wp:featuredmedia":[{"embeddable":true,"href":"https:\/\/higheasy.cn\/de\/wp-json\/wp\/v2\/media\/1063"}],"wp:attachment":[{"href":"https:\/\/higheasy.cn\/de\/wp-json\/wp\/v2\/media?parent=1062"}],"wp:term":[{"taxonomy":"product_brand","embeddable":true,"href":"https:\/\/higheasy.cn\/de\/wp-json\/wp\/v2\/product_brand?post=1062"},{"taxonomy":"product_cat","embeddable":true,"href":"https:\/\/higheasy.cn\/de\/wp-json\/wp\/v2\/product_cat?post=1062"},{"taxonomy":"product_tag","embeddable":true,"href":"https:\/\/higheasy.cn\/de\/wp-json\/wp\/v2\/product_tag?post=1062"}],"curies":[{"name":"wp","href":"https:\/\/api.w.org\/{rel}","templated":true}]}}