{"id":1060,"date":"2023-10-18T14:14:09","date_gmt":"2023-10-18T14:14:09","guid":{"rendered":"https:\/\/mediumturquoise-pheasant-889000.hostingersite.com\/?post_type=product&#038;p=1060"},"modified":"2023-10-18T14:23:28","modified_gmt":"2023-10-18T14:23:28","slug":"semi-auto-vegetables-food-tray-lunch-box-sealing-machine","status":"publish","type":"product","link":"https:\/\/higheasy.cn\/de\/produkt\/semi-auto-vegetables-food-tray-lunch-box-sealing-machine\/","title":{"rendered":"Halbautomatische Verschlie\u00dfmaschine f\u00fcr Gem\u00fcse- und Lebensmittelschalen, Lunchboxen"},"content":{"rendered":"<h3 style=\"text-align: center;\"><span data-spm-anchor-id=\"a2700.details.0.i22.6bee4bffkpiYP8\">Halbautomatisches Gem\u00fcsetablett<\/span><\/h3>\n<h3 style=\"text-align: center;\">Lunchbox-Verschlie\u00dfmaschine<\/h3>\n<p>&nbsp;<\/p>\n<p><img decoding=\"async\" class=\"aligncenter\" src=\"https:\/\/sc02.alicdn.com\/kf\/H6d322f0ec7b24ad385cfdac2737497d0O\/222958773\/H6d322f0ec7b24ad385cfdac2737497d0O.jpg\" alt=\"Semi-auto vegetables food tray lunch box sealing machine\" width=\"750\" height=\"421.875\" data-src=\"\/\/sc02.alicdn.com\/kf\/H6d322f0ec7b24ad385cfdac2737497d0O\/222958773\/H6d322f0ec7b24ad385cfdac2737497d0O.jpg\" data-alt=\"Semi-auto vegetables food tray lunch box sealing machine\" \/><\/p>\n<p style=\"text-align: center;\">\u00a0<a>Lunchbox-Verschlie\u00dfmaschine<\/a><\/p>\n<p style=\"text-align: center;\"><img decoding=\"async\" src=\"https:\/\/sc01.alicdn.com\/kf\/Ha10dfee6c2234812a74ad3c15f595638c\/222958773\/Ha10dfee6c2234812a74ad3c15f595638c.jpg\" alt=\"Semi-auto vegetables food tray lunch box sealing machine\" width=\"750\" height=\"421.875\" data-src=\"\/\/sc01.alicdn.com\/kf\/Ha10dfee6c2234812a74ad3c15f595638c\/222958773\/Ha10dfee6c2234812a74ad3c15f595638c.jpg\" data-alt=\"Semi-auto vegetables food tray lunch box sealing machine\" \/><\/p>\n<p style=\"text-align: center;\">\u00a0<a>Kartonverschlie\u00dfmaschine<\/a><\/p>\n<p style=\"text-align: center;\"><img decoding=\"async\" src=\"https:\/\/sc02.alicdn.com\/kf\/H46213a34e9cb41d2970f3e9e8a9fa5b5I\/222958773\/H46213a34e9cb41d2970f3e9e8a9fa5b5I.jpg\" alt=\"Semi-auto vegetables food tray lunch box sealing machine\" width=\"750\" height=\"421.875\" data-src=\"\/\/sc02.alicdn.com\/kf\/H46213a34e9cb41d2970f3e9e8a9fa5b5I\/222958773\/H46213a34e9cb41d2970f3e9e8a9fa5b5I.jpg\" data-alt=\"Semi-auto vegetables food tray lunch box sealing machine\" \/><\/p>\n<p style=\"text-align: center;\">\u00a0<a>Verschlie\u00dfmaschine f\u00fcr Fast-Food-Kartons<\/a><\/p>\n<p style=\"text-align: center;\"><img decoding=\"async\" src=\"https:\/\/sc02.alicdn.com\/kf\/H1bafc04d4ff14d35ae5b92336c0b021bH\/222958773\/H1bafc04d4ff14d35ae5b92336c0b021bH.jpg\" alt=\"Semi-auto vegetables food tray lunch box sealing machine\" width=\"750\" height=\"421.875\" data-src=\"\/\/sc02.alicdn.com\/kf\/H1bafc04d4ff14d35ae5b92336c0b021bH\/222958773\/H1bafc04d4ff14d35ae5b92336c0b021bH.jpg\" data-alt=\"Semi-auto vegetables food tray lunch box sealing machine\" \/><\/p>\n<p style=\"text-align: center;\">\u00a0<a>Maschine zum Verschlie\u00dfen von Kartons mit Klebeband<\/a><\/p>\n<p style=\"text-align: center;\"><img decoding=\"async\" src=\"https:\/\/sc01.alicdn.com\/kf\/H0e3e26603acc4914aa77abab7b9a68a3y\/222958773\/H0e3e26603acc4914aa77abab7b9a68a3y.jpg\" alt=\"Semi-auto vegetables food tray lunch box sealing machine\" width=\"750\" height=\"421.875\" data-src=\"\/\/sc01.alicdn.com\/kf\/H0e3e26603acc4914aa77abab7b9a68a3y\/222958773\/H0e3e26603acc4914aa77abab7b9a68a3y.jpg\" data-alt=\"Semi-auto vegetables food tray lunch box sealing machine\" \/><\/p>\n<p style=\"text-align: center;\">\u00a0<a>Kartonverschlie\u00dfmaschine<\/a><\/p>\n<p style=\"text-align: center;\"><img decoding=\"async\" src=\"https:\/\/sc02.alicdn.com\/kf\/Hcae0868f088b4b53b0de3cfd50b23955O\/222958773\/Hcae0868f088b4b53b0de3cfd50b23955O.jpg\" alt=\"Semi-auto vegetables food tray lunch box sealing machine\" width=\"750\" height=\"421.875\" data-src=\"\/\/sc02.alicdn.com\/kf\/Hcae0868f088b4b53b0de3cfd50b23955O\/222958773\/Hcae0868f088b4b53b0de3cfd50b23955O.jpg\" data-alt=\"Semi-auto vegetables food tray lunch box sealing machine\" \/><\/p>\n<p style=\"text-align: center;\">\u00a0<a>automatische Fast-Food-Box-Verschlie\u00dfmaschine<\/a><\/p>\n<p style=\"text-align: center;\"><img decoding=\"async\" src=\"https:\/\/sc01.alicdn.com\/kf\/H3c687b457eed4b588090e7f316ac07190\/222958773\/H3c687b457eed4b588090e7f316ac07190.jpg\" alt=\"Semi-auto vegetables food tray lunch box sealing machine\" width=\"750\" height=\"421.875\" data-src=\"\/\/sc01.alicdn.com\/kf\/H3c687b457eed4b588090e7f316ac07190\/222958773\/H3c687b457eed4b588090e7f316ac07190.jpg\" data-alt=\"Semi-auto vegetables food tray lunch box sealing machine\" \/><\/p>\n<p style=\"text-align: center;\">\u00a0<a>Lunchbox-Versiegelungsfolienmaschine<\/a><\/p>\n<p style=\"text-align: center;\"><img decoding=\"async\" src=\"https:\/\/sc02.alicdn.com\/kf\/He8d8477847d344a88e78840b3d63d6fbf\/222958773\/He8d8477847d344a88e78840b3d63d6fbf.jpg\" alt=\"Semi-auto vegetables food tray lunch box sealing machine\" width=\"750\" height=\"421.875\" data-src=\"\/\/sc02.alicdn.com\/kf\/He8d8477847d344a88e78840b3d63d6fbf\/222958773\/He8d8477847d344a88e78840b3d63d6fbf.jpg\" data-alt=\"Semi-auto vegetables food tray lunch box sealing machine\" \/><\/p>\n<p style=\"text-align: center;\">\u00a0<a>Schalenverschlie\u00dfmaschine aus Kunststoff;<\/a><a>Plastik-Lebensmittelschale f\u00fcr Versiegelungsmaschine<\/a><\/p>\n<p style=\"text-align: center;\"><img decoding=\"async\" src=\"https:\/\/sc02.alicdn.com\/kf\/Hfa23573b7ec84cafa933130096a4bd3e6\/222958773\/Hfa23573b7ec84cafa933130096a4bd3e6.jpg\" alt=\"Semi-auto vegetables food tray lunch box sealing machine\" width=\"750\" height=\"421.875\" data-src=\"\/\/sc02.alicdn.com\/kf\/Hfa23573b7ec84cafa933130096a4bd3e6\/222958773\/Hfa23573b7ec84cafa933130096a4bd3e6.jpg\" data-alt=\"Semi-auto vegetables food tray lunch box sealing machine\" \/><\/p>\n<p style=\"text-align: center;\">\n<p style=\"text-align: center;\"><img decoding=\"async\" src=\"https:\/\/sc02.alicdn.com\/kf\/Hcd7b9801e2a840029f8d6441590f853f3\/222958773\/Hcd7b9801e2a840029f8d6441590f853f3.jpg\" alt=\"Semi-auto vegetables food tray lunch box sealing machine\" width=\"750\" height=\"421.875\" data-src=\"\/\/sc02.alicdn.com\/kf\/Hcd7b9801e2a840029f8d6441590f853f3\/222958773\/Hcd7b9801e2a840029f8d6441590f853f3.jpg\" data-alt=\"Semi-auto vegetables food tray lunch box sealing machine\" \/><\/p>\n<p style=\"text-align: center;\">\n<p style=\"text-align: center;\"><img decoding=\"async\" src=\"https:\/\/sc02.alicdn.com\/kf\/H8fc0d49a6c2949cca9bfde061307c91fZ\/222958773\/H8fc0d49a6c2949cca9bfde061307c91fZ.jpg\" alt=\"Semi-auto vegetables food tray lunch box sealing machine\" width=\"750\" height=\"421.875\" data-src=\"\/\/sc02.alicdn.com\/kf\/H8fc0d49a6c2949cca9bfde061307c91fZ\/222958773\/H8fc0d49a6c2949cca9bfde061307c91fZ.jpg\" data-alt=\"Semi-auto vegetables food tray lunch box sealing machine\" \/><\/p>\n<p style=\"text-align: center;\">\u00a0<a>Maschine zum Versiegeln von Lebensmittelschalen<\/a><\/p>\n<p><img fetchpriority=\"high\" decoding=\"async\" class=\"aligncenter\" src=\"https:\/\/sc02.alicdn.com\/kf\/Hb4f089d7f8e84db8b4f4e7eddba9715as\/222958773\/Hb4f089d7f8e84db8b4f4e7eddba9715as.png\" alt=\"Semi-auto vegetables food tray lunch box sealing machine\" width=\"680\" height=\"680\" data-src=\"\/\/sc02.alicdn.com\/kf\/Hb4f089d7f8e84db8b4f4e7eddba9715as\/222958773\/Hb4f089d7f8e84db8b4f4e7eddba9715as.png\" data-alt=\"Semi-auto vegetables food tray lunch box sealing machine\" \/><\/p>\n<p><a>manuelle Schalenversiegelungsmaschine;<\/a><a>Schalenversiegelungsmaschine f\u00fcr Lebensmittel;<\/a><a>Hei\u00dfsiegelmaschine f\u00fcr Lebensmittelschalen;<\/a><a>Schalenversiegelungsmaschine;<\/a><a>Versiegelungsmaschine f\u00fcr Schalen;<\/a><\/p>\n<p><a>automatische Versiegelungsschalenmaschine;<\/a><a>Vakuumschalen-Versiegelungsmaschine;<\/a><a>Maschine zum Versiegeln von Obstschalen;<\/a><a>Schalenverschlie\u00dfmaschine aus Kunststoff<\/a><\/p>\n<p><img decoding=\"async\" class=\"\" src=\"https:\/\/sc01.alicdn.com\/kf\/HTB1uMedP4TpK1RjSZFKq6y2wXXaY\/222958773\/HTB1uMedP4TpK1RjSZFKq6y2wXXaY.jpg\" alt=\"Semi-auto vegetables food tray lunch box sealing machine\" width=\"1036\" height=\"87\" data-src=\"https:\/\/sc01.alicdn.com\/kf\/HTB1uMedP4TpK1RjSZFKq6y2wXXaY\/222958773\/HTB1uMedP4TpK1RjSZFKq6y2wXXaY.jpg\" data-alt=\"Semi-auto vegetables food tray lunch box sealing machine\" \/><\/p>\n<p>Das beladene Tablett gelangt \u00fcber das F\u00f6rderband zur Versiegelungsmaschine \u2192 der Manipulator f\u00fchrt die Schachtel in die Schablone ein \u2192 automatische Folienzufuhr \u2192 automatisches Versiegeln \u2192 automatischer Folienschnitt \u2192 der Manipulator f\u00fchrt die Schachtel in die Etikettiermaschine und das Tintenstrahl-F\u00f6rderband ein.<\/p>\n<p>&nbsp;<\/p>\n<p><strong>Merkmale:<\/strong><\/p>\n<p>1. Ausgestattet mit einer rostfreien, mit Aluminium verdickten, massiven Schablone (hergestellt in Guangdong),<\/p>\n<p>s\u00e4urebest\u00e4ndiges, alkalisches, rostfreies Aluminium;<\/p>\n<p>2. Die Maschine ist mit einem Luftspeichertank ausgestattet, um die Stabilit\u00e4t des Luftdrucks zu verbessern.<\/p>\n<p>3. Nehmen Sie eine Niederdruckschutztechnologie an, um zu verhindern, dass ein niedriger Luftdruck die Maschine startet, und verbessern Sie die Zuverl\u00e4ssigkeit und Stabilit\u00e4t der Maschine.<\/p>\n<p>4. Nutzen Sie eine zentralisierte Abgastechnologie, um die Umweltverschmutzung zu reduzieren.<\/p>\n<p>5. Die Technologie zur Erh\u00f6hung der Siegelkraft wird eingesetzt, um die Siegelqualit\u00e4t sicherzustellen.<\/p>\n<p><img decoding=\"async\" class=\"alignnone wp-image-646\" src=\"http:\/\/higheasy.cn\/wp-content\/uploads\/2023\/07\/HTB1Lnd7QMHqK1RjSZFgq6y7JXXaU.jpg\" alt=\"higheasy\" width=\"1238\" height=\"1836\" srcset=\"https:\/\/higheasy.cn\/wp-content\/uploads\/2023\/07\/HTB1Lnd7QMHqK1RjSZFgq6y7JXXaU.jpg 750w, https:\/\/higheasy.cn\/wp-content\/uploads\/2023\/07\/HTB1Lnd7QMHqK1RjSZFgq6y7JXXaU-300x445.jpg 300w, https:\/\/higheasy.cn\/wp-content\/uploads\/2023\/07\/HTB1Lnd7QMHqK1RjSZFgq6y7JXXaU-202x300.jpg 202w, https:\/\/higheasy.cn\/wp-content\/uploads\/2023\/07\/HTB1Lnd7QMHqK1RjSZFgq6y7JXXaU-691x1024.jpg 691w\" sizes=\"(max-width: 1238px) 100vw, 1238px\" \/><\/p>\n<p>Das Unternehmen verf\u00fcgt \u00fcber eine Gruppe professioneller Forschungs- und Entwicklungsteams f\u00fcr Technologie und fortschrittliche Verarbeitungsger\u00e4te sowie eine Reihe von Erfindungspatenten. Das Unternehmen produziert eine Vielzahl von Verpackungsmaschinen. Die Hauptprodukte sind: vertikale Schlauchbeutelmaschinen (VFFS), Stickpack-Maschinen, Pulververpackungsmaschinen, Fl\u00fcssigkeitsverpackungsmaschinen und Mehrkopfwaagen, die in der Lebensmittel-, Chemie- und Getr\u00e4nkeindustrie weit verbreitet sind , landwirtschaftliche Produkte, Spielzeug und Verpackungen f\u00fcr Industrieprodukte und andere Branchen. Die Produkte werden in die ganze Welt exportiert und haben in vielen L\u00e4ndern und Regionen professionelle Marketingvertreter gewonnen. Die Produkte und Dienstleistungen wurden von den Kunden einhellig anerkannt und gelobt.<\/p>\n<p><img loading=\"lazy\" decoding=\"async\" class=\"alignnone size-full wp-image-662\" src=\"http:\/\/higheasy.cn\/wp-content\/uploads\/2023\/07\/5.jpg\" alt=\"small yogurt production line\" width=\"1200\" height=\"604\" srcset=\"https:\/\/higheasy.cn\/wp-content\/uploads\/2023\/07\/5.jpg 1200w, https:\/\/higheasy.cn\/wp-content\/uploads\/2023\/07\/5-300x151.jpg 300w, https:\/\/higheasy.cn\/wp-content\/uploads\/2023\/07\/5-1024x515.jpg 1024w, https:\/\/higheasy.cn\/wp-content\/uploads\/2023\/07\/5-768x387.jpg 768w\" sizes=\"(max-width: 1200px) 100vw, 1200px\" \/><\/p>","protected":false},"excerpt":{"rendered":"<p>Semi-auto vegetables food\u00a0tray lunch box sealing machine &nbsp; \u00a0lunch box sealing machine \u00a0box sealing machine \u00a0fast food box sealing machine \u00a0box sealing tape machine \u00a0carton sealing machine box \u00a0automatic fast food box sealing machine \u00a0lunch box sealing foil machine \u00a0tray sealing machine plastic;plastic food tray for sealing machine \u00a0food sealing tray machine manual tray sealing [&hellip;]<\/p>","protected":false},"featured_media":1061,"template":"","meta":{"site-sidebar-layout":"default","site-content-layout":"default","ast-site-content-layout":"default","site-content-style":"default","site-sidebar-style":"default","ast-global-header-display":"","ast-banner-title-visibility":"","ast-main-header-display":"","ast-hfb-above-header-display":"","ast-hfb-below-header-display":"","ast-hfb-mobile-header-display":"","site-post-title":"","ast-breadcrumbs-content":"","ast-featured-img":"","footer-sml-layout":"","theme-transparent-header-meta":"default","adv-header-id-meta":"","stick-header-meta":"","header-above-stick-meta":"","header-main-stick-meta":"","header-below-stick-meta":"","astra-migrate-meta-layouts":"set","ast-page-background-enabled":"default","ast-page-background-meta":{"desktop":{"background-color":"","background-image":"","background-repeat":"repeat","background-position":"center center","background-size":"auto","background-attachment":"scroll","background-type":"","background-media":"","overlay-type":"","overlay-color":"","overlay-opacity":"","overlay-gradient":""},"tablet":{"background-color":"","background-image":"","background-repeat":"repeat","background-position":"center center","background-size":"auto","background-attachment":"scroll","background-type":"","background-media":"","overlay-type":"","overlay-color":"","overlay-opacity":"","overlay-gradient":""},"mobile":{"background-color":"","background-image":"","background-repeat":"repeat","background-position":"center center","background-size":"auto","background-attachment":"scroll","background-type":"","background-media":"","overlay-type":"","overlay-color":"","overlay-opacity":"","overlay-gradient":""}},"ast-content-background-meta":{"desktop":{"background-color":"var(--ast-global-color-5)","background-image":"","background-repeat":"repeat","background-position":"center center","background-size":"auto","background-attachment":"scroll","background-type":"","background-media":"","overlay-type":"","overlay-color":"","overlay-opacity":"","overlay-gradient":""},"tablet":{"background-color":"var(--ast-global-color-5)","background-image":"","background-repeat":"repeat","background-position":"center center","background-size":"auto","background-attachment":"scroll","background-type":"","background-media":"","overlay-type":"","overlay-color":"","overlay-opacity":"","overlay-gradient":""},"mobile":{"background-color":"var(--ast-global-color-5)","background-image":"","background-repeat":"repeat","background-position":"center center","background-size":"auto","background-attachment":"scroll","background-type":"","background-media":"","overlay-type":"","overlay-color":"","overlay-opacity":"","overlay-gradient":""}}},"product_brand":[],"product_cat":[37],"product_tag":[],"class_list":{"0":"post-1060","1":"product","2":"type-product","3":"status-publish","4":"has-post-thumbnail","6":"product_cat-semi-auto-cup-tray-filling-sealing-machine","7":"desktop-align-left","8":"tablet-align-left","9":"mobile-align-left","11":"first","12":"instock","13":"shipping-taxable","14":"product-type-simple"},"_links":{"self":[{"href":"https:\/\/higheasy.cn\/de\/wp-json\/wp\/v2\/product\/1060","targetHints":{"allow":["GET"]}}],"collection":[{"href":"https:\/\/higheasy.cn\/de\/wp-json\/wp\/v2\/product"}],"about":[{"href":"https:\/\/higheasy.cn\/de\/wp-json\/wp\/v2\/types\/product"}],"wp:featuredmedia":[{"embeddable":true,"href":"https:\/\/higheasy.cn\/de\/wp-json\/wp\/v2\/media\/1061"}],"wp:attachment":[{"href":"https:\/\/higheasy.cn\/de\/wp-json\/wp\/v2\/media?parent=1060"}],"wp:term":[{"taxonomy":"product_brand","embeddable":true,"href":"https:\/\/higheasy.cn\/de\/wp-json\/wp\/v2\/product_brand?post=1060"},{"taxonomy":"product_cat","embeddable":true,"href":"https:\/\/higheasy.cn\/de\/wp-json\/wp\/v2\/product_cat?post=1060"},{"taxonomy":"product_tag","embeddable":true,"href":"https:\/\/higheasy.cn\/de\/wp-json\/wp\/v2\/product_tag?post=1060"}],"curies":[{"name":"wp","href":"https:\/\/api.w.org\/{rel}","templated":true}]}}