{"id":1058,"date":"2023-10-18T14:10:22","date_gmt":"2023-10-18T14:10:22","guid":{"rendered":"https:\/\/mediumturquoise-pheasant-889000.hostingersite.com\/?post_type=product&#038;p=1058"},"modified":"2023-10-18T14:12:46","modified_gmt":"2023-10-18T14:12:46","slug":"automatic-horizontal-packing-machine","status":"publish","type":"product","link":"https:\/\/higheasy.cn\/de\/produkt\/automatic-horizontal-packing-machine\/","title":{"rendered":"Automatische horizontale Verpackungsmaschine"},"content":{"rendered":"<p><img fetchpriority=\"high\" decoding=\"async\" class=\"\" src=\"https:\/\/sc01.alicdn.com\/kf\/HTB1uMedP4TpK1RjSZFKq6y2wXXaY\/222958773\/HTB1uMedP4TpK1RjSZFKq6y2wXXaY.jpg\" alt=\"Automatic flow packer horizontal packing machine for biscuit dish wash tablet soap toy vegetable bread tissue\" width=\"1071\" height=\"90\" data-src=\"https:\/\/sc01.alicdn.com\/kf\/HTB1uMedP4TpK1RjSZFKq6y2wXXaY\/222958773\/HTB1uMedP4TpK1RjSZFKq6y2wXXaY.jpg\" data-alt=\"Automatic flow packer horizontal packing machine for biscuit dish wash tablet soap toy vegetable bread tissue\" \/><\/p>\n<p><strong>Anwendung:\u00a0<\/strong><\/p>\n<p><strong>Es eignet sich zum Verpacken von Keksen, Schokolade, Mondkuchen, Brot, Eis, Eigelbkuchen, Toilettenpapier, Geschirrsp\u00fcltabletten, Taschent\u00fcchern und Karton usw<\/strong><\/p>\n<p><strong>Merkmale:<\/strong><\/p>\n<p><strong>* Computerprogrammierung und schnelle photoelektrische Orientierung<\/strong><\/p>\n<p><strong>* Hervorragende Leistung, einfache Bedienung und Hochgeschwindigkeitsverpackung\u00a0<\/strong><\/p>\n<p>&nbsp;<\/p>\n<p><strong>M\u00f6glichkeit:\u00a0<\/strong><\/p>\n<p><strong>1. Datumsdrucker 2. Kann mit einem automatischen Zufuhrsystem ausgestattet werden. 3. Stickstoffladeger\u00e4t<\/strong><\/p>\n<p><img decoding=\"async\" class=\"\" src=\"https:\/\/sc04.alicdn.com\/kf\/HTB1iXmEPIbpK1RjSZFyq6x_qFXaD\/222958773\/HTB1iXmEPIbpK1RjSZFyq6x_qFXaD.jpg\" alt=\"Automatic flow packer horizontal packing machine for biscuit dish wash tablet soap toy vegetable bread tissue\" width=\"1095\" height=\"92\" data-src=\"\/\/sc04.alicdn.com\/kf\/HTB1iXmEPIbpK1RjSZFyq6x_qFXaD\/222958773\/HTB1iXmEPIbpK1RjSZFyq6x_qFXaD.jpg\" data-alt=\"Automatic flow packer horizontal packing machine for biscuit dish wash tablet soap toy vegetable bread tissue\" \/><\/p>\n<table border=\"1\">\n<tbody>\n<tr>\n<td><strong>\u00a0 \u00a0 Taschenform\u00a0 \u00a0<\/strong><\/td>\n<td><strong>\u00a0 Kissenbeutel mit r\u00fcckseitiger Versiegelung<\/strong><\/td>\n<\/tr>\n<tr>\n<td><strong>Verpackungsspezifikation\u00a0<\/strong><\/td>\n<td><strong>L: 70\u2013260 mm, B: 50\u2013260 mm, H\u226450 mm<\/strong><\/td>\n<\/tr>\n<tr>\n<td><strong>Packgeschwindigkeit\u00a0<\/strong><\/td>\n<td><strong>80-200 Beutel\/Min\u00a0<\/strong><\/td>\n<\/tr>\n<tr>\n<td><strong>Totale Kraft\u00a0<\/strong><\/td>\n<td><strong>\u00a02,2 kW<\/strong><\/td>\n<\/tr>\n<tr>\n<td><strong>Stromversorgung\u00a0<\/strong><\/td>\n<td><strong>220 V\/50 Hz<\/strong><\/td>\n<\/tr>\n<tr>\n<td><strong>Maschinengr\u00f6\u00dfe\u00a0<\/strong><\/td>\n<td><strong>4000*950*1450mm (L*B*H)<\/strong><\/td>\n<\/tr>\n<tr>\n<td><strong>Maschinengewicht\u00a0<\/strong><\/td>\n<td data-spm-anchor-id=\"a2700.details.0.i21.17254d2drQrNuH\"><strong>500kg\u00a0<\/strong><\/td>\n<\/tr>\n<\/tbody>\n<\/table>\n<p><img decoding=\"async\" class=\"alignnone wp-image-646\" src=\"http:\/\/higheasy.cn\/wp-content\/uploads\/2023\/07\/HTB1Lnd7QMHqK1RjSZFgq6y7JXXaU.jpg\" alt=\"higheasy\" width=\"1238\" height=\"1836\" srcset=\"https:\/\/higheasy.cn\/wp-content\/uploads\/2023\/07\/HTB1Lnd7QMHqK1RjSZFgq6y7JXXaU.jpg 750w, https:\/\/higheasy.cn\/wp-content\/uploads\/2023\/07\/HTB1Lnd7QMHqK1RjSZFgq6y7JXXaU-300x445.jpg 300w, https:\/\/higheasy.cn\/wp-content\/uploads\/2023\/07\/HTB1Lnd7QMHqK1RjSZFgq6y7JXXaU-202x300.jpg 202w, https:\/\/higheasy.cn\/wp-content\/uploads\/2023\/07\/HTB1Lnd7QMHqK1RjSZFgq6y7JXXaU-691x1024.jpg 691w\" sizes=\"(max-width: 1238px) 100vw, 1238px\" \/><\/p>\n<p>Das Unternehmen verf\u00fcgt \u00fcber eine Gruppe professioneller Forschungs- und Entwicklungsteams f\u00fcr Technologie und fortschrittliche Verarbeitungsger\u00e4te sowie eine Reihe von Erfindungspatenten. Das Unternehmen produziert eine Vielzahl von Verpackungsmaschinen. Die Hauptprodukte sind: vertikale Schlauchbeutelmaschinen (VFFS), Stickpack-Maschinen, Pulververpackungsmaschinen, Fl\u00fcssigkeitsverpackungsmaschinen und Mehrkopfwaagen, die in der Lebensmittel-, Chemie- und Getr\u00e4nkeindustrie weit verbreitet sind , landwirtschaftliche Produkte, Spielzeug und Verpackungen f\u00fcr Industrieprodukte und andere Branchen. Die Produkte werden in die ganze Welt exportiert und haben in vielen L\u00e4ndern und Regionen professionelle Marketingvertreter gewonnen. Die Produkte und Dienstleistungen wurden von den Kunden einhellig anerkannt und gelobt.<\/p>\n<p><img loading=\"lazy\" decoding=\"async\" class=\"alignnone size-full wp-image-662\" src=\"http:\/\/higheasy.cn\/wp-content\/uploads\/2023\/07\/5.jpg\" alt=\"small yogurt production line\" width=\"1200\" height=\"604\" srcset=\"https:\/\/higheasy.cn\/wp-content\/uploads\/2023\/07\/5.jpg 1200w, https:\/\/higheasy.cn\/wp-content\/uploads\/2023\/07\/5-300x151.jpg 300w, https:\/\/higheasy.cn\/wp-content\/uploads\/2023\/07\/5-1024x515.jpg 1024w, https:\/\/higheasy.cn\/wp-content\/uploads\/2023\/07\/5-768x387.jpg 768w\" sizes=\"(max-width: 1200px) 100vw, 1200px\" \/><\/p>","protected":false},"excerpt":{"rendered":"<p>Application:\u00a0 It is suitable for packing biscuit, chocolate, moon cake, bread,ice-cream, yolk pie,toilet sap,dishwash tablet,tissue and card etc Features: * Computer programming and rapid photeoelectric orientation * Excellent performance, simple operation and high-speed packaging\u00a0 &nbsp; Option:\u00a0 1. Date printer\u00a0 \u00a02. Able to equip with auto feeding system\u00a0 3. Nitrogen charging device \u00a0 \u00a0 Bag shape\u00a0 [&hellip;]<\/p>","protected":false},"featured_media":1059,"template":"","meta":{"site-sidebar-layout":"default","site-content-layout":"default","ast-site-content-layout":"default","site-content-style":"default","site-sidebar-style":"default","ast-global-header-display":"","ast-banner-title-visibility":"","ast-main-header-display":"","ast-hfb-above-header-display":"","ast-hfb-below-header-display":"","ast-hfb-mobile-header-display":"","site-post-title":"","ast-breadcrumbs-content":"","ast-featured-img":"","footer-sml-layout":"","theme-transparent-header-meta":"default","adv-header-id-meta":"","stick-header-meta":"","header-above-stick-meta":"","header-main-stick-meta":"","header-below-stick-meta":"","astra-migrate-meta-layouts":"set","ast-page-background-enabled":"default","ast-page-background-meta":{"desktop":{"background-color":"","background-image":"","background-repeat":"repeat","background-position":"center center","background-size":"auto","background-attachment":"scroll","background-type":"","background-media":"","overlay-type":"","overlay-color":"","overlay-opacity":"","overlay-gradient":""},"tablet":{"background-color":"","background-image":"","background-repeat":"repeat","background-position":"center center","background-size":"auto","background-attachment":"scroll","background-type":"","background-media":"","overlay-type":"","overlay-color":"","overlay-opacity":"","overlay-gradient":""},"mobile":{"background-color":"","background-image":"","background-repeat":"repeat","background-position":"center center","background-size":"auto","background-attachment":"scroll","background-type":"","background-media":"","overlay-type":"","overlay-color":"","overlay-opacity":"","overlay-gradient":""}},"ast-content-background-meta":{"desktop":{"background-color":"var(--ast-global-color-5)","background-image":"","background-repeat":"repeat","background-position":"center center","background-size":"auto","background-attachment":"scroll","background-type":"","background-media":"","overlay-type":"","overlay-color":"","overlay-opacity":"","overlay-gradient":""},"tablet":{"background-color":"var(--ast-global-color-5)","background-image":"","background-repeat":"repeat","background-position":"center center","background-size":"auto","background-attachment":"scroll","background-type":"","background-media":"","overlay-type":"","overlay-color":"","overlay-opacity":"","overlay-gradient":""},"mobile":{"background-color":"var(--ast-global-color-5)","background-image":"","background-repeat":"repeat","background-position":"center center","background-size":"auto","background-attachment":"scroll","background-type":"","background-media":"","overlay-type":"","overlay-color":"","overlay-opacity":"","overlay-gradient":""}}},"product_brand":[],"product_cat":[36],"product_tag":[],"class_list":{"0":"post-1058","1":"product","2":"type-product","3":"status-publish","4":"has-post-thumbnail","6":"product_cat-horizontal-packing-machine","7":"desktop-align-left","8":"tablet-align-left","9":"mobile-align-left","11":"first","12":"instock","13":"shipping-taxable","14":"product-type-simple"},"_links":{"self":[{"href":"https:\/\/higheasy.cn\/de\/wp-json\/wp\/v2\/product\/1058","targetHints":{"allow":["GET"]}}],"collection":[{"href":"https:\/\/higheasy.cn\/de\/wp-json\/wp\/v2\/product"}],"about":[{"href":"https:\/\/higheasy.cn\/de\/wp-json\/wp\/v2\/types\/product"}],"wp:featuredmedia":[{"embeddable":true,"href":"https:\/\/higheasy.cn\/de\/wp-json\/wp\/v2\/media\/1059"}],"wp:attachment":[{"href":"https:\/\/higheasy.cn\/de\/wp-json\/wp\/v2\/media?parent=1058"}],"wp:term":[{"taxonomy":"product_brand","embeddable":true,"href":"https:\/\/higheasy.cn\/de\/wp-json\/wp\/v2\/product_brand?post=1058"},{"taxonomy":"product_cat","embeddable":true,"href":"https:\/\/higheasy.cn\/de\/wp-json\/wp\/v2\/product_cat?post=1058"},{"taxonomy":"product_tag","embeddable":true,"href":"https:\/\/higheasy.cn\/de\/wp-json\/wp\/v2\/product_tag?post=1058"}],"curies":[{"name":"wp","href":"https:\/\/api.w.org\/{rel}","templated":true}]}}