{"id":1054,"date":"2023-10-18T14:02:23","date_gmt":"2023-10-18T14:02:23","guid":{"rendered":"https:\/\/mediumturquoise-pheasant-889000.hostingersite.com\/?post_type=product&#038;p=1054"},"modified":"2023-10-18T15:13:16","modified_gmt":"2023-10-18T15:13:16","slug":"fully-automatic-l-type-box-tray-bag-sealer-heat-shrink-sealing-packing-machine","status":"publish","type":"product","link":"https:\/\/higheasy.cn\/de\/produkt\/fully-automatic-l-type-box-tray-bag-sealer-heat-shrink-sealing-packing-machine\/","title":{"rendered":"Vollautomatische Hei\u00dfschrumpf-Verpackungsmaschine f\u00fcr Boxen\/Tabletts\/Beutel vom Typ L"},"content":{"rendered":"<h3 style=\"text-align: center;\"><span style=\"font-style: inherit; font-weight: inherit;\" data-spm-anchor-id=\"a2700.details.0.i18.6dbc61df089Gjo\">Vollautomatischer L-Typ-Tablett-\/Beutelversiegler<\/span><\/h3>\n<h3 style=\"text-align: center;\">Versiegelungsverpackung\/Verpackung\/Verpackungsmaschine<\/h3>\n<p>&nbsp;<\/p>\n<p style=\"font-style: inherit; font-weight: inherit;\" data-id=\"paragraph0\">Die Maschine erm\u00f6glicht eine einfache und pr\u00e4zise Steuerung aller Maschinenvorg\u00e4nge, wie zum Beispiel:<br \/>\n\u2013 M\u00f6glichkeit zur Speicherung von bis zu 10 verschiedenen Betriebsprogrammen<\/p>\n<p>\u2013 Automatische Regelung der Schwei\u00dfbalkenh\u00f6he \u2013 doppelte Einstellung der Schwei\u00dfbalkentemperatur, sowohl l\u00e4ngs als auch quer<\/p>\n<p>\u2013 M\u00f6glichkeit zum Verpacken von Einzelpackungen oder Multipacks<\/p>\n<p>\u2013 Geschwindigkeit der F\u00f6rderb\u00e4nder elektronisch \u00fcber das Bedienfeld einstellbar<\/p>\n<p>Merkmale<br \/>\n\u2013 Motorisiertes Mitteldichtungssystem serienm\u00e4\u00dfig<\/p>\n<p>\u2013 St\u00fcckz\u00e4hler, Einstellung der Batchproduktion m\u00f6glich<\/p>\n<p>\u2013 Messung der Packungsl\u00e4nge<\/p>\n<p>-Echtzeitausgabe<\/p>\n<p>\u2013 Kontrolle unregelm\u00e4\u00dfiger Packungen<\/p>\n<p>\u2013 Reduzierter Stromverbrauch<br \/>\n\u2013 Verpackungsfolienbedarf: Polyolefin, Polyethylen mikroperforierte Folie, Dicke von 10 bis 50 \u03bc<br \/>\n\u2013 Einhaltung der CE-Vorschriften<\/p>\n<p><span style=\"font-style: inherit; font-weight: inherit;\">Verf\u00fcgbare Optionen:<br \/>\n1. Kussg\u00fcrtel<br \/>\n2. Markierungsleseger\u00e4t f\u00fcr bedruckten Film<br \/>\n3. Edelstahlgeh\u00e4use<br \/>\n4. Ein- und Auslauf-Fotozellen<br \/>\n5. Zuf\u00fchr- und Abf\u00fchrb\u00e4nder<\/span><\/p>\n<p style=\"font-weight: inherit;\" data-section=\"AliMagic-lneyrf\" data-section-title=\"FEATURES AT A GLANCE\">FUNKTIONEN IM \u00dcBERBLICK<\/p>\n<p style=\"font-style: inherit; font-weight: inherit;\" data-id=\"left-content\">\u2013 Motorisiertes Mitteldichtungssystem serienm\u00e4\u00dfig<br \/>\n\u2013 St\u00fcckz\u00e4hler, Einstellung der Batchproduktion m\u00f6glich<br \/>\n\u2013 Messung der Packungsl\u00e4nge<br \/>\n-Echtzeitausgabe<br \/>\n\u2013 Kontrolle unregelm\u00e4\u00dfiger Packungen<br \/>\n\u2013 Reduzierter Stromverbrauch<br \/>\n\u2013 Verpackungsfolienbedarf: Polyolefin, Polyethylen mikroperforierte Folie, Dicke von 10 bis 50 \u03bc<br \/>\n\u2013 Einhaltung der CE-Vorschriften<\/p>\n<p data-id=\"left-content\"><img fetchpriority=\"high\" decoding=\"async\" class=\"aligncenter\" src=\"https:\/\/sc01.alicdn.com\/kf\/H2f18511af25d480d9c15d0b493d5cb4aS\/222958773\/H2f18511af25d480d9c15d0b493d5cb4aS.png\" width=\"559\" height=\"510\" \/><img decoding=\"async\" class=\"aligncenter\" src=\"https:\/\/sc01.alicdn.com\/kf\/H8c706bea2dcc4095aa08dbed7b2ea36dZ\/222958773\/H8c706bea2dcc4095aa08dbed7b2ea36dZ.png\" width=\"593\" height=\"566\" \/><\/p>\n<p data-id=\"left-content\"><img decoding=\"async\" class=\"aligncenter\" src=\"https:\/\/sc02.alicdn.com\/kf\/H9e1ad8658e814091834eb654cc2a598a0\/222958773\/H9e1ad8658e814091834eb654cc2a598a0.png\" width=\"549\" height=\"534\" \/><img loading=\"lazy\" decoding=\"async\" class=\"aligncenter\" src=\"https:\/\/sc01.alicdn.com\/kf\/H2f18511af25d480d9c15d0b493d5cb4aS\/222958773\/H2f18511af25d480d9c15d0b493d5cb4aS.png\" width=\"607\" height=\"555\" \/><\/p>\n<div class=\"J_module\">\n<div id=\"ali-anchor-AliMagic-tcqr6a\" class=\"magic-0\" data-section=\"AliMagic-tcqr6a\" data-section-title=\"PRODUCT SPECIFICATIONS\" data-spm-anchor-id=\"a2700.details.0.i29.6dbc61df089Gjo\">PRODUKTSPEZIFIKATIONEN<\/div>\n<\/div>\n<div class=\"J_module\">\n<div class=\"ife-detail-decorate-table\">\n<table class=\"all magic-23\">\n<tbody>\n<tr>\n<td colspan=\"1\" rowspan=\"1\">\n<div class=\"magic-24\">\n<div class=\"magic-3\" data-spm-anchor-id=\"a2700.pc-decorate.0.i130.609a3333Cx9nfs\">Artikel<\/div>\n<\/div>\n<\/td>\n<td colspan=\"1\" rowspan=\"1\">\n<div class=\"magic-25\">HYLA-6000\/ HYLA-6000CS<\/div>\n<\/td>\n<td colspan=\"1\" rowspan=\"1\">\n<div class=\"magic-26\">\n<div class=\"magic-3\" data-spm-anchor-id=\"a2700.pc-decorate.0.i44.325d3333t5xzQD\">HYLA-8000\/HYLA-8000CS<\/div>\n<\/div>\n<\/td>\n<\/tr>\n<tr>\n<td colspan=\"1\" rowspan=\"1\">\n<div class=\"magic-24\">\n<div class=\"magic-3\" data-spm-anchor-id=\"a2700.pc-decorate.0.i55.325d3333t5xzQD\">Stromversorgung\/ Installierte Leistung<\/div>\n<\/div>\n<\/td>\n<td colspan=\"2\" rowspan=\"1\">\n<div class=\"magic-27\">\n<div class=\"magic-3\" data-spm-anchor-id=\"a2700.pc-decorate.0.i41.325d3333t5xzQD\">220 \u2013 240 V, 1PH \u2013 N \u2013 PE, 50\/60 Hz\/ 3200 W<\/div>\n<\/div>\n<\/td>\n<\/tr>\n<tr>\n<td colspan=\"1\" rowspan=\"1\">\n<div class=\"magic-24\">\n<div class=\"magic-3\" data-spm-anchor-id=\"a2700.pc-decorate.0.i60.325d3333t5xzQD\">Druckluftdruck\/ Druckluftverbrauch<\/div>\n<\/div>\n<\/td>\n<td colspan=\"2\" rowspan=\"1\">\n<div class=\"magic-27\">\n<div class=\"magic-3\">5 bar\/ 6 Nl\/p<\/div>\n<\/div>\n<\/td>\n<\/tr>\n<tr>\n<td colspan=\"1\" rowspan=\"1\">\n<div class=\"magic-24\">\n<div class=\"magic-3\" data-spm-anchor-id=\"a2700.pc-decorate.0.i70.325d3333t5xzQD\">Schwei\u00dfbalken Abmessung<\/div>\n<\/div>\n<\/td>\n<td colspan=\"1\" rowspan=\"1\">\n<div class=\"magic-25\">\n<div class=\"magic-3\">610 x 480 mm<\/div>\n<\/div>\n<\/td>\n<td colspan=\"1\" rowspan=\"1\">\n<div class=\"magic-26\">\n<div class=\"magic-3\">860 x 670 mm<\/div>\n<\/div>\n<\/td>\n<\/tr>\n<tr>\n<td colspan=\"1\" rowspan=\"1\">\n<div class=\"magic-24\">\n<div class=\"magic-3\" data-spm-anchor-id=\"a2700.pc-decorate.0.i78.325d3333t5xzQD\">Maximale Packungsh\u00f6he<\/div>\n<\/div>\n<\/td>\n<td colspan=\"1\" rowspan=\"1\">\n<div class=\"magic-25\">\n<div class=\"magic-3\" data-spm-anchor-id=\"a2700.pc-decorate.0.i75.325d3333t5xzQD\">200 mmf\u00fcr Mitteldichtung<\/div>\n<\/div>\n<\/td>\n<td colspan=\"1\" rowspan=\"1\">\n<div class=\"magic-26\">\n<div class=\"magic-3\" data-spm-anchor-id=\"a2700.pc-decorate.0.i67.325d3333t5xzQD\">250 mmf\u00fcr Mitteldichtung<\/div>\n<\/div>\n<\/td>\n<\/tr>\n<tr>\n<td colspan=\"1\" rowspan=\"1\">\n<div class=\"magic-24\">\n<div class=\"magic-3\" data-spm-anchor-id=\"a2700.pc-decorate.0.i79.325d3333t5xzQD\">Geschwindigkeit der F\u00f6rderb\u00e4nder<\/div>\n<\/div>\n<\/td>\n<td colspan=\"2\" rowspan=\"1\">\n<div class=\"magic-27\">\n<div class=\"magic-3\">10 \u2013 30 M\/min<\/div>\n<\/div>\n<\/td>\n<\/tr>\n<tr>\n<td colspan=\"1\" rowspan=\"1\">\n<div class=\"magic-24\">\n<div class=\"magic-3\" data-spm-anchor-id=\"a2700.pc-decorate.0.i86.325d3333t5xzQD\">Durchschnittliche Leistung pro Stunde<\/div>\n<\/div>\n<\/td>\n<td colspan=\"1\" rowspan=\"1\">\n<div class=\"magic-25\">\n<div class=\"magic-3\">600 &#8211; 2400<\/div>\n<\/div>\n<\/td>\n<td colspan=\"1\" rowspan=\"1\">\n<div class=\"magic-26\">\n<div class=\"magic-3\">600 &#8211; 1800<\/div>\n<\/div>\n<\/td>\n<\/tr>\n<tr>\n<td colspan=\"1\" rowspan=\"1\">\n<div class=\"magic-24\">\n<div class=\"magic-3\">Maximale Gr\u00f6\u00dfe der Filmrolle<\/div>\n<\/div>\n<\/td>\n<td colspan=\"2\" rowspan=\"1\">\n<div class=\"magic-27\">\n<div class=\"magic-3\">600 \u2013 \u00f8 300 mm<\/div>\n<\/div>\n<\/td>\n<\/tr>\n<tr>\n<td colspan=\"1\" rowspan=\"1\">\n<div class=\"magic-24\">\n<div class=\"magic-3\">Maschinengr\u00f6\u00dfe<\/div>\n<\/div>\n<\/td>\n<td colspan=\"1\" rowspan=\"1\">\n<div class=\"magic-25\">\n<div class=\"magic-3\">L2040 \u00d7 B1550 \u00d7 H1340 mm<\/div>\n<\/div>\n<\/td>\n<td colspan=\"1\" rowspan=\"1\">\n<div class=\"magic-26\">\n<div class=\"magic-3\">L2580 \u00d7 B1840 \u00d7 H1620 mm<\/div>\n<\/div>\n<\/td>\n<\/tr>\n<tr>\n<td colspan=\"1\" rowspan=\"1\">\n<div class=\"magic-24\">\n<div class=\"magic-3\">Verpackte Maschinengr\u00f6\u00dfe<\/div>\n<\/div>\n<\/td>\n<td colspan=\"1\" rowspan=\"1\">\n<div class=\"magic-25\">\n<div class=\"magic-3\">L2160 \u00d7 B1730 \u00d7 H1620 mm<\/div>\n<\/div>\n<\/td>\n<td colspan=\"1\" rowspan=\"1\">\n<div class=\"magic-26\">\n<div class=\"magic-3\">L2469 \u00d7 B1740 \u00d7 H1340 mm<\/div>\n<\/div>\n<\/td>\n<\/tr>\n<tr>\n<td colspan=\"1\" rowspan=\"1\">\n<div class=\"magic-24\">\n<div class=\"magic-3\">Maschinengewicht<\/div>\n<\/div>\n<\/td>\n<td colspan=\"1\" rowspan=\"1\">\n<div class=\"magic-25\">\n<div class=\"magic-3\">Nettogewicht: 610 Kg Bruttogewicht: 850 Kg<\/div>\n<\/div>\n<\/td>\n<td colspan=\"1\" rowspan=\"1\">\n<div class=\"magic-26\">\n<div class=\"magic-3\" data-spm-anchor-id=\"a2700.details.0.i28.6dbc61df089Gjo\">Nettogewicht: 750 Kg Bruttogewicht: 930 Kg<\/div>\n<\/div>\n<\/td>\n<\/tr>\n<\/tbody>\n<\/table>\n<\/div>\n<\/div>\n<p><img loading=\"lazy\" decoding=\"async\" class=\"alignnone wp-image-646\" src=\"http:\/\/higheasy.cn\/wp-content\/uploads\/2023\/07\/HTB1Lnd7QMHqK1RjSZFgq6y7JXXaU.jpg\" alt=\"higheasy\" width=\"1238\" height=\"1836\" srcset=\"https:\/\/higheasy.cn\/wp-content\/uploads\/2023\/07\/HTB1Lnd7QMHqK1RjSZFgq6y7JXXaU.jpg 750w, https:\/\/higheasy.cn\/wp-content\/uploads\/2023\/07\/HTB1Lnd7QMHqK1RjSZFgq6y7JXXaU-300x445.jpg 300w, https:\/\/higheasy.cn\/wp-content\/uploads\/2023\/07\/HTB1Lnd7QMHqK1RjSZFgq6y7JXXaU-202x300.jpg 202w, https:\/\/higheasy.cn\/wp-content\/uploads\/2023\/07\/HTB1Lnd7QMHqK1RjSZFgq6y7JXXaU-691x1024.jpg 691w\" sizes=\"(max-width: 1238px) 100vw, 1238px\" \/><\/p>\n<p>Das Unternehmen verf\u00fcgt \u00fcber eine Gruppe professioneller Forschungs- und Entwicklungsteams f\u00fcr Technologie und fortschrittliche Verarbeitungsger\u00e4te sowie eine Reihe von Erfindungspatenten. Das Unternehmen produziert eine Vielzahl von Verpackungsmaschinen. Die Hauptprodukte sind: vertikale Schlauchbeutelmaschinen (VFFS), Stickpack-Maschinen, Pulververpackungsmaschinen, Fl\u00fcssigkeitsverpackungsmaschinen und Mehrkopfwaagen, die in der Lebensmittel-, Chemie- und Getr\u00e4nkeindustrie weit verbreitet sind , landwirtschaftliche Produkte, Spielzeug und Verpackungen f\u00fcr Industrieprodukte und andere Branchen. Die Produkte werden in die ganze Welt exportiert und haben in vielen L\u00e4ndern und Regionen professionelle Marketingvertreter gewonnen. Die Produkte und Dienstleistungen wurden von den Kunden einhellig anerkannt und gelobt.<\/p>\n<p><img loading=\"lazy\" decoding=\"async\" class=\"alignnone size-full wp-image-662\" src=\"http:\/\/higheasy.cn\/wp-content\/uploads\/2023\/07\/5.jpg\" alt=\"small yogurt production line\" width=\"1200\" height=\"604\" srcset=\"https:\/\/higheasy.cn\/wp-content\/uploads\/2023\/07\/5.jpg 1200w, https:\/\/higheasy.cn\/wp-content\/uploads\/2023\/07\/5-300x151.jpg 300w, https:\/\/higheasy.cn\/wp-content\/uploads\/2023\/07\/5-1024x515.jpg 1024w, https:\/\/higheasy.cn\/wp-content\/uploads\/2023\/07\/5-768x387.jpg 768w\" sizes=\"(max-width: 1200px) 100vw, 1200px\" \/><\/p>","protected":false},"excerpt":{"rendered":"<p>Vollautomatische L-Typ-Schalen-\/Beutelversiegelungs-, Versiegelungs-, Verpackungs-\/Verpackungsmaschine. Die Maschine erm\u00f6glicht eine einfache und pr\u00e4zise Steuerung aller Maschinenvorg\u00e4nge, wie z. B.: \u2013 M\u00f6glichkeit zum Speichern von bis zu 10 verschiedenen Betriebsprogrammen \u2013 Automatische Steuerung der Schwei\u00dfbalkenh\u00f6he \u2013 Doppelte Einstellung der Schwei\u00dfklingentemperatur, sowohl l\u00e4ngs als auch quer \u2013 [\u2026]<\/p>","protected":false},"featured_media":1055,"template":"","meta":{"site-sidebar-layout":"default","site-content-layout":"default","ast-site-content-layout":"default","site-content-style":"default","site-sidebar-style":"default","ast-global-header-display":"","ast-banner-title-visibility":"","ast-main-header-display":"","ast-hfb-above-header-display":"","ast-hfb-below-header-display":"","ast-hfb-mobile-header-display":"","site-post-title":"","ast-breadcrumbs-content":"","ast-featured-img":"","footer-sml-layout":"","theme-transparent-header-meta":"default","adv-header-id-meta":"","stick-header-meta":"","header-above-stick-meta":"","header-main-stick-meta":"","header-below-stick-meta":"","astra-migrate-meta-layouts":"set","ast-page-background-enabled":"default","ast-page-background-meta":{"desktop":{"background-color":"","background-image":"","background-repeat":"repeat","background-position":"center center","background-size":"auto","background-attachment":"scroll","background-type":"","background-media":"","overlay-type":"","overlay-color":"","overlay-opacity":"","overlay-gradient":""},"tablet":{"background-color":"","background-image":"","background-repeat":"repeat","background-position":"center center","background-size":"auto","background-attachment":"scroll","background-type":"","background-media":"","overlay-type":"","overlay-color":"","overlay-opacity":"","overlay-gradient":""},"mobile":{"background-color":"","background-image":"","background-repeat":"repeat","background-position":"center center","background-size":"auto","background-attachment":"scroll","background-type":"","background-media":"","overlay-type":"","overlay-color":"","overlay-opacity":"","overlay-gradient":""}},"ast-content-background-meta":{"desktop":{"background-color":"var(--ast-global-color-5)","background-image":"","background-repeat":"repeat","background-position":"center center","background-size":"auto","background-attachment":"scroll","background-type":"","background-media":"","overlay-type":"","overlay-color":"","overlay-opacity":"","overlay-gradient":""},"tablet":{"background-color":"var(--ast-global-color-5)","background-image":"","background-repeat":"repeat","background-position":"center center","background-size":"auto","background-attachment":"scroll","background-type":"","background-media":"","overlay-type":"","overlay-color":"","overlay-opacity":"","overlay-gradient":""},"mobile":{"background-color":"var(--ast-global-color-5)","background-image":"","background-repeat":"repeat","background-position":"center center","background-size":"auto","background-attachment":"scroll","background-type":"","background-media":"","overlay-type":"","overlay-color":"","overlay-opacity":"","overlay-gradient":""}}},"product_brand":[],"product_cat":[22,35],"product_tag":[],"class_list":{"0":"post-1054","1":"product","2":"type-product","3":"status-publish","4":"has-post-thumbnail","6":"product_cat-hot-products","7":"product_cat-vffs-vertical-packing-machine","8":"desktop-align-left","9":"tablet-align-left","10":"mobile-align-left","12":"first","13":"instock","14":"shipping-taxable","15":"product-type-simple"},"_links":{"self":[{"href":"https:\/\/higheasy.cn\/de\/wp-json\/wp\/v2\/product\/1054","targetHints":{"allow":["GET"]}}],"collection":[{"href":"https:\/\/higheasy.cn\/de\/wp-json\/wp\/v2\/product"}],"about":[{"href":"https:\/\/higheasy.cn\/de\/wp-json\/wp\/v2\/types\/product"}],"wp:featuredmedia":[{"embeddable":true,"href":"https:\/\/higheasy.cn\/de\/wp-json\/wp\/v2\/media\/1055"}],"wp:attachment":[{"href":"https:\/\/higheasy.cn\/de\/wp-json\/wp\/v2\/media?parent=1054"}],"wp:term":[{"taxonomy":"product_brand","embeddable":true,"href":"https:\/\/higheasy.cn\/de\/wp-json\/wp\/v2\/product_brand?post=1054"},{"taxonomy":"product_cat","embeddable":true,"href":"https:\/\/higheasy.cn\/de\/wp-json\/wp\/v2\/product_cat?post=1054"},{"taxonomy":"product_tag","embeddable":true,"href":"https:\/\/higheasy.cn\/de\/wp-json\/wp\/v2\/product_tag?post=1054"}],"curies":[{"name":"wp","href":"https:\/\/api.w.org\/{rel}","templated":true}]}}