{"id":1020,"date":"2023-10-18T08:13:50","date_gmt":"2023-10-18T08:13:50","guid":{"rendered":"https:\/\/mediumturquoise-pheasant-889000.hostingersite.com\/?post_type=product&#038;p=1020"},"modified":"2023-10-18T15:13:22","modified_gmt":"2023-10-18T15:13:22","slug":"factory-price-puffed-food-pet-food-pop-corn-oatflake-candy-multihead-weigher-packing-machine","status":"publish","type":"product","link":"https:\/\/higheasy.cn\/de\/produkt\/factory-price-puffed-food-pet-food-pop-corn-oatflake-candy-multihead-weigher-packing-machine\/","title":{"rendered":"Fabrikpreis Puffnahrung PET-Lebensmittel Popcorn Haferflocken S\u00fc\u00dfigkeiten Mehrkopfwaage Verpackungsmaschine"},"content":{"rendered":"<p><img fetchpriority=\"high\" decoding=\"async\" class=\"\" src=\"https:\/\/sc01.alicdn.com\/kf\/HTB1uMedP4TpK1RjSZFKq6y2wXXaY\/222958773\/HTB1uMedP4TpK1RjSZFKq6y2wXXaY.jpg\" alt=\"Factory price sugar tea salt coffee seed peanut puffed food sachet packing machine\" width=\"1179\" height=\"99\" data-src=\"\/\/sc01.alicdn.com\/kf\/HTB1uMedP4TpK1RjSZFKq6y2wXXaY\/222958773\/HTB1uMedP4TpK1RjSZFKq6y2wXXaY.jpg\" data-alt=\"Factory price sugar tea salt coffee seed peanut puffed food sachet packing machine\" \/><\/p>\n<p>\u2666Es wird zum Verpacken von k\u00f6rnigen, blatt- und streifenf\u00f6rmigen Produkten wie aufgeblasenen Lebensmitteln, Tiernahrung, Popcorn, Haferflocken, S\u00fc\u00dfigkeiten usw. verwendet.<\/p>\n<p>\u2666Die Maschine verf\u00fcgt \u00fcber ein intelligentes Steuerungssystem mit Servomotor, SPS und Touchscreen. Stabile Leistung und einfache Bedienung.<\/p>\n<p>\u2666Spezielles Beutelherstellungssystem, Pneumatik- und Servokombination, um sicherzustellen, dass der Verpackungsproduktbeutel glatt und sch\u00f6n aussieht und den Mehrwert des Produkts verbessert. Fr\u00e4ser k\u00f6nnen je nach Kundenwunsch angepasst werden, runde Ecken, Z\u00e4hne, Zahnform oder andere Sonderformen.<\/p>\n<p>\u2666 Diversifizierung der Verpackung, z. B. Beutel mit r\u00fcckseitiger Versiegelung, Beutel mit Seitenfalte, verbundener Beutel, gelochter Beutel usw.<\/p>\n<p>\u2666 Vollautomatische Beutelherstellung, Messung, Bef\u00fcllung, Versiegelung, Z\u00e4hlung und Datumsdruck.<\/p>\n<p>\u2666 Mehrkopfwaage-F\u00fcllsystem f\u00fcr genaues F\u00fcllen und gute Anwendung auf verschiedene Produktarten.<\/p>\n<p data-spm-anchor-id=\"a2700.details.0.i21.1b007b52iS5FnC\">\u2666 \u00c4ndern Sie die F\u00fcllvorrichtung in eine Kolbenpumpe f\u00fcr fl\u00fcssige\/past\u00f6se Produkte, \u00e4ndern Sie sie in einen Schneckentyp f\u00fcr die Pulverbef\u00fcllung.<\/p>\n<p><img decoding=\"async\" class=\"\" src=\"https:\/\/sc02.alicdn.com\/kf\/HTB1iXmEPIbpK1RjSZFyq6x_qFXaD\/222958773\/HTB1iXmEPIbpK1RjSZFyq6x_qFXaD.jpg\" alt=\"Factory price sugar tea salt coffee seed peanut puffed food sachet packing machine\" width=\"1107\" height=\"93\" data-src=\"\/\/sc02.alicdn.com\/kf\/HTB1iXmEPIbpK1RjSZFyq6x_qFXaD\/222958773\/HTB1iXmEPIbpK1RjSZFyq6x_qFXaD.jpg\" data-alt=\"Factory price sugar tea salt coffee seed peanut puffed food sachet packing machine\" \/><\/p>\n<table border=\"2\">\n<tbody>\n<tr>\n<td><span data-spm-anchor-id=\"a2700.details.0.i24.1b007b52iS5FnC\">Siegel- und Schneidmethode\u00a0<\/span><\/td>\n<td><strong>\u00a0R\u00fcckenversiegelung, Seitenfaltenbeutel\u00a0<\/strong><\/td>\n<\/tr>\n<tr>\n<td><span data-spm-anchor-id=\"a2700.details.0.i23.1b007b52iS5FnC\">Verpackungsgeschwindigkeit (Beutel\/Minute)<\/span><\/td>\n<td><strong>10-30<\/strong><\/td>\n<\/tr>\n<tr>\n<td>Beutelgr\u00f6\u00dfe (mm)<\/td>\n<td>(L) 80\u2013380 mm (B) 70\u2013250 mm<\/td>\n<\/tr>\n<tr>\n<td data-spm-anchor-id=\"a2700.details.0.i22.1b007b52iS5FnC\">Maximaler Au\u00dfendurchmesser der Folienrolle (mm)<\/td>\n<td>\u00a0\u2264\u2205450<\/td>\n<\/tr>\n<tr>\n<td>Maximale Filmbreite (mm)<\/td>\n<td>\u00a0420mm<\/td>\n<\/tr>\n<tr>\n<td>Dicke der Verpackungsfolie (mm)<\/td>\n<td>\u00a00.05-0.10<\/td>\n<\/tr>\n<tr>\n<td>Gesamtleistung (KW)<\/td>\n<td>\u00a03.5<\/td>\n<\/tr>\n<tr>\n<td>Spannung (V)<\/td>\n<td>\u00a0220 V\/50 Hz<\/td>\n<\/tr>\n<tr>\n<td>F\u00fcllbereich (Gramm)<\/td>\n<td>\u00a0100-1000g<\/td>\n<\/tr>\n<tr>\n<td>Luftverbrauch (m3\/min)<\/td>\n<td>\u00a00.3<\/td>\n<\/tr>\n<tr>\n<td>\u00a0Maschinengr\u00f6\u00dfe (mm)<\/td>\n<td>\u00a05258*2000*4550<\/td>\n<\/tr>\n<tr>\n<td>\u00a0Maschinengewicht (kg)<\/td>\n<td>\u00a01400<\/td>\n<\/tr>\n<\/tbody>\n<\/table>\n<p><img decoding=\"async\" class=\"alignnone wp-image-646\" src=\"http:\/\/higheasy.cn\/wp-content\/uploads\/2023\/07\/HTB1Lnd7QMHqK1RjSZFgq6y7JXXaU.jpg\" alt=\"higheasy\" width=\"1238\" height=\"1836\" srcset=\"https:\/\/higheasy.cn\/wp-content\/uploads\/2023\/07\/HTB1Lnd7QMHqK1RjSZFgq6y7JXXaU.jpg 750w, https:\/\/higheasy.cn\/wp-content\/uploads\/2023\/07\/HTB1Lnd7QMHqK1RjSZFgq6y7JXXaU-300x445.jpg 300w, https:\/\/higheasy.cn\/wp-content\/uploads\/2023\/07\/HTB1Lnd7QMHqK1RjSZFgq6y7JXXaU-202x300.jpg 202w, https:\/\/higheasy.cn\/wp-content\/uploads\/2023\/07\/HTB1Lnd7QMHqK1RjSZFgq6y7JXXaU-691x1024.jpg 691w\" sizes=\"(max-width: 1238px) 100vw, 1238px\" \/><\/p>\n<p>Das Unternehmen verf\u00fcgt \u00fcber eine Gruppe professioneller Forschungs- und Entwicklungsteams f\u00fcr Technologie und fortschrittliche Verarbeitungsger\u00e4te sowie eine Reihe von Erfindungspatenten. Das Unternehmen produziert eine Vielzahl von Verpackungsmaschinen. Die Hauptprodukte sind: vertikale Schlauchbeutelmaschinen (VFFS), Stickpack-Maschinen, Pulververpackungsmaschinen, Fl\u00fcssigkeitsverpackungsmaschinen und Mehrkopfwaagen, die in der Lebensmittel-, Chemie- und Getr\u00e4nkeindustrie weit verbreitet sind , landwirtschaftliche Produkte, Spielzeug und Verpackungen f\u00fcr Industrieprodukte und andere Branchen. Die Produkte werden in die ganze Welt exportiert und haben in vielen L\u00e4ndern und Regionen professionelle Marketingvertreter gewonnen. Die Produkte und Dienstleistungen wurden von den Kunden einhellig anerkannt und gelobt.<\/p>\n<p><img loading=\"lazy\" decoding=\"async\" class=\"alignnone size-full wp-image-662\" src=\"http:\/\/higheasy.cn\/wp-content\/uploads\/2023\/07\/5.jpg\" alt=\"small yogurt production line\" width=\"1200\" height=\"604\" srcset=\"https:\/\/higheasy.cn\/wp-content\/uploads\/2023\/07\/5.jpg 1200w, https:\/\/higheasy.cn\/wp-content\/uploads\/2023\/07\/5-300x151.jpg 300w, https:\/\/higheasy.cn\/wp-content\/uploads\/2023\/07\/5-1024x515.jpg 1024w, https:\/\/higheasy.cn\/wp-content\/uploads\/2023\/07\/5-768x387.jpg 768w\" sizes=\"(max-width: 1200px) 100vw, 1200px\" \/><\/p>","protected":false},"excerpt":{"rendered":"<p>&#x2666;It is used to pack the grain, sheet type and strip type product such as\u00a0 puffed food, PET food ,pop corn, oatflake,candy etc. &#x2666;The machine adopts servo motor, PLC and touch screen intelligent control system. Stable performance and easy operation. &#x2666;Special bag making system, pneumatic and servo combination, to ensure the packaging product bag appearance [&hellip;]<\/p>","protected":false},"featured_media":1021,"template":"","meta":{"site-sidebar-layout":"default","site-content-layout":"default","ast-site-content-layout":"default","site-content-style":"default","site-sidebar-style":"default","ast-global-header-display":"","ast-banner-title-visibility":"","ast-main-header-display":"","ast-hfb-above-header-display":"","ast-hfb-below-header-display":"","ast-hfb-mobile-header-display":"","site-post-title":"","ast-breadcrumbs-content":"","ast-featured-img":"","footer-sml-layout":"","theme-transparent-header-meta":"default","adv-header-id-meta":"","stick-header-meta":"","header-above-stick-meta":"","header-main-stick-meta":"","header-below-stick-meta":"","astra-migrate-meta-layouts":"set","ast-page-background-enabled":"default","ast-page-background-meta":{"desktop":{"background-color":"","background-image":"","background-repeat":"repeat","background-position":"center center","background-size":"auto","background-attachment":"scroll","background-type":"","background-media":"","overlay-type":"","overlay-color":"","overlay-opacity":"","overlay-gradient":""},"tablet":{"background-color":"","background-image":"","background-repeat":"repeat","background-position":"center center","background-size":"auto","background-attachment":"scroll","background-type":"","background-media":"","overlay-type":"","overlay-color":"","overlay-opacity":"","overlay-gradient":""},"mobile":{"background-color":"","background-image":"","background-repeat":"repeat","background-position":"center center","background-size":"auto","background-attachment":"scroll","background-type":"","background-media":"","overlay-type":"","overlay-color":"","overlay-opacity":"","overlay-gradient":""}},"ast-content-background-meta":{"desktop":{"background-color":"var(--ast-global-color-5)","background-image":"","background-repeat":"repeat","background-position":"center center","background-size":"auto","background-attachment":"scroll","background-type":"","background-media":"","overlay-type":"","overlay-color":"","overlay-opacity":"","overlay-gradient":""},"tablet":{"background-color":"var(--ast-global-color-5)","background-image":"","background-repeat":"repeat","background-position":"center center","background-size":"auto","background-attachment":"scroll","background-type":"","background-media":"","overlay-type":"","overlay-color":"","overlay-opacity":"","overlay-gradient":""},"mobile":{"background-color":"var(--ast-global-color-5)","background-image":"","background-repeat":"repeat","background-position":"center center","background-size":"auto","background-attachment":"scroll","background-type":"","background-media":"","overlay-type":"","overlay-color":"","overlay-opacity":"","overlay-gradient":""}}},"product_brand":[],"product_cat":[22,35],"product_tag":[],"class_list":{"0":"post-1020","1":"product","2":"type-product","3":"status-publish","4":"has-post-thumbnail","6":"product_cat-hot-products","7":"product_cat-vffs-vertical-packing-machine","8":"desktop-align-left","9":"tablet-align-left","10":"mobile-align-left","12":"first","13":"instock","14":"shipping-taxable","15":"product-type-simple"},"_links":{"self":[{"href":"https:\/\/higheasy.cn\/de\/wp-json\/wp\/v2\/product\/1020","targetHints":{"allow":["GET"]}}],"collection":[{"href":"https:\/\/higheasy.cn\/de\/wp-json\/wp\/v2\/product"}],"about":[{"href":"https:\/\/higheasy.cn\/de\/wp-json\/wp\/v2\/types\/product"}],"wp:featuredmedia":[{"embeddable":true,"href":"https:\/\/higheasy.cn\/de\/wp-json\/wp\/v2\/media\/1021"}],"wp:attachment":[{"href":"https:\/\/higheasy.cn\/de\/wp-json\/wp\/v2\/media?parent=1020"}],"wp:term":[{"taxonomy":"product_brand","embeddable":true,"href":"https:\/\/higheasy.cn\/de\/wp-json\/wp\/v2\/product_brand?post=1020"},{"taxonomy":"product_cat","embeddable":true,"href":"https:\/\/higheasy.cn\/de\/wp-json\/wp\/v2\/product_cat?post=1020"},{"taxonomy":"product_tag","embeddable":true,"href":"https:\/\/higheasy.cn\/de\/wp-json\/wp\/v2\/product_tag?post=1020"}],"curies":[{"name":"wp","href":"https:\/\/api.w.org\/{rel}","templated":true}]}}