{"id":1017,"date":"2023-10-18T08:11:20","date_gmt":"2023-10-18T08:11:20","guid":{"rendered":"https:\/\/mediumturquoise-pheasant-889000.hostingersite.com\/?post_type=product&#038;p=1017"},"modified":"2023-10-18T08:12:26","modified_gmt":"2023-10-18T08:12:26","slug":"factory-price-sugar-tea-salt-coffee-seed-peanut-puffed-food-sachet-packing-machine","status":"publish","type":"product","link":"https:\/\/higheasy.cn\/de\/produkt\/factory-price-sugar-tea-salt-coffee-seed-peanut-puffed-food-sachet-packing-machine\/","title":{"rendered":"Fabrikpreis Zucker Tee Salz Kaffee Samen Erdnuss Puff Lebensmittelbeutel Verpackungsmaschine"},"content":{"rendered":"<p><img fetchpriority=\"high\" decoding=\"async\" class=\"\" src=\"https:\/\/sc01.alicdn.com\/kf\/HTB1uMedP4TpK1RjSZFKq6y2wXXaY\/222958773\/HTB1uMedP4TpK1RjSZFKq6y2wXXaY.jpg\" alt=\"Factory price sugar tea salt coffee seed peanut puffed food sachet packing machine\" width=\"1179\" height=\"99\" data-src=\"\/\/sc01.alicdn.com\/kf\/HTB1uMedP4TpK1RjSZFKq6y2wXXaY\/222958773\/HTB1uMedP4TpK1RjSZFKq6y2wXXaY.jpg\" data-alt=\"Factory price sugar tea salt coffee seed peanut puffed food sachet packing machine\" \/><\/p>\n<p>\u2666 Diese Maschine basiert auf unterschiedlichen Materialien und ist auf unterschiedliche Zufuhrarten abgestimmt.<\/p>\n<p>\u2666 Der Packer eignet sich zum Verpacken verschiedener Arten von Pulver, Pasten, K\u00f6rnchen und fl\u00fcssigen Materialien wie etwa Maismehl, Sojabohnenpulver, medizinische K\u00f6rnchen, konserviertes Obst, frittierte Tortillachips, QQ-Bonbons, Geleegetr\u00e4nke, \u00d6l, Joghurt, Fruchtmark, Gew\u00fcrze und so weiter.<\/p>\n<p><img decoding=\"async\" class=\"\" src=\"https:\/\/sc02.alicdn.com\/kf\/HTB1iXmEPIbpK1RjSZFyq6x_qFXaD\/222958773\/HTB1iXmEPIbpK1RjSZFyq6x_qFXaD.jpg\" alt=\"Factory price sugar tea salt coffee seed peanut puffed food sachet packing machine\" width=\"1107\" height=\"93\" data-src=\"\/\/sc02.alicdn.com\/kf\/HTB1iXmEPIbpK1RjSZFyq6x_qFXaD\/222958773\/HTB1iXmEPIbpK1RjSZFyq6x_qFXaD.jpg\" data-alt=\"Factory price sugar tea salt coffee seed peanut puffed food sachet packing machine\" \/><\/p>\n<table border=\"2\">\n<tbody>\n<tr>\n<td>Verpackungsgeschwindigkeit (Beutel\/Minute)<\/td>\n<td><strong>20\/50<\/strong><\/td>\n<\/tr>\n<tr>\n<td>Versiegelungsmethode<\/td>\n<td>\u00a0Hintere Dichtung, 3-seitige Dichtung, 4-seitige Dichtung<\/td>\n<\/tr>\n<tr>\n<td>Beutelgr\u00f6\u00dfe (mm)<\/td>\n<td>\u00a0 L\u00e4nge: 20-200 Breite: 20-100<\/td>\n<\/tr>\n<tr>\n<td>Maximaler Au\u00dfendurchmesser der Folienrolle (mm)<\/td>\n<td>\u00a0\u2264\u2205450<\/td>\n<\/tr>\n<tr>\n<td>Maximale Filmbreite (mm)<\/td>\n<td>\u00a0200<\/td>\n<\/tr>\n<tr>\n<td>Dicke der Verpackungsfolie (mm)<\/td>\n<td>\u00a00.05-0.10<\/td>\n<\/tr>\n<tr>\n<td>Gesamtleistung (KW)<\/td>\n<td>\u00a03.5<\/td>\n<\/tr>\n<tr>\n<td>Spannung (V)<\/td>\n<td>\u00a0220 V\/50 Hz<\/td>\n<\/tr>\n<tr>\n<td>F\u00fcllbereich (Gramm)<\/td>\n<td>\u00a01-10, 10-50g, 50g-100g, 100-500g, 500g-1000g<\/td>\n<\/tr>\n<tr>\n<td>Luftverbrauch (m3\/min)<\/td>\n<td>\u00a00.23<\/td>\n<\/tr>\n<tr>\n<td>\u00a0Maschinengr\u00f6\u00dfe (mm)<\/td>\n<td>\u00a0970*900*2250<\/td>\n<\/tr>\n<tr>\n<td>\u00a0Maschinengewicht (kg)<\/td>\n<td>\u00a0350<\/td>\n<\/tr>\n<\/tbody>\n<\/table>\n<p><img decoding=\"async\" class=\"alignnone wp-image-646\" src=\"http:\/\/higheasy.cn\/wp-content\/uploads\/2023\/07\/HTB1Lnd7QMHqK1RjSZFgq6y7JXXaU.jpg\" alt=\"higheasy\" width=\"1238\" height=\"1836\" srcset=\"https:\/\/higheasy.cn\/wp-content\/uploads\/2023\/07\/HTB1Lnd7QMHqK1RjSZFgq6y7JXXaU.jpg 750w, https:\/\/higheasy.cn\/wp-content\/uploads\/2023\/07\/HTB1Lnd7QMHqK1RjSZFgq6y7JXXaU-300x445.jpg 300w, https:\/\/higheasy.cn\/wp-content\/uploads\/2023\/07\/HTB1Lnd7QMHqK1RjSZFgq6y7JXXaU-202x300.jpg 202w, https:\/\/higheasy.cn\/wp-content\/uploads\/2023\/07\/HTB1Lnd7QMHqK1RjSZFgq6y7JXXaU-691x1024.jpg 691w\" sizes=\"(max-width: 1238px) 100vw, 1238px\" \/><\/p>\n<p>Das Unternehmen verf\u00fcgt \u00fcber eine Gruppe professioneller Forschungs- und Entwicklungsteams f\u00fcr Technologie und fortschrittliche Verarbeitungsger\u00e4te sowie eine Reihe von Erfindungspatenten. Das Unternehmen produziert eine Vielzahl von Verpackungsmaschinen. Die Hauptprodukte sind: vertikale Schlauchbeutelmaschinen (VFFS), Stickpack-Maschinen, Pulververpackungsmaschinen, Fl\u00fcssigkeitsverpackungsmaschinen und Mehrkopfwaagen, die in der Lebensmittel-, Chemie- und Getr\u00e4nkeindustrie weit verbreitet sind , landwirtschaftliche Produkte, Spielzeug und Verpackungen f\u00fcr Industrieprodukte und andere Branchen. Die Produkte werden in die ganze Welt exportiert und haben in vielen L\u00e4ndern und Regionen professionelle Marketingvertreter gewonnen. Die Produkte und Dienstleistungen wurden von den Kunden einhellig anerkannt und gelobt.<\/p>\n<p><img loading=\"lazy\" decoding=\"async\" class=\"alignnone size-full wp-image-662\" src=\"http:\/\/higheasy.cn\/wp-content\/uploads\/2023\/07\/5.jpg\" alt=\"small yogurt production line\" width=\"1200\" height=\"604\" srcset=\"https:\/\/higheasy.cn\/wp-content\/uploads\/2023\/07\/5.jpg 1200w, https:\/\/higheasy.cn\/wp-content\/uploads\/2023\/07\/5-300x151.jpg 300w, https:\/\/higheasy.cn\/wp-content\/uploads\/2023\/07\/5-1024x515.jpg 1024w, https:\/\/higheasy.cn\/wp-content\/uploads\/2023\/07\/5-768x387.jpg 768w\" sizes=\"(max-width: 1200px) 100vw, 1200px\" \/><\/p>","protected":false},"excerpt":{"rendered":"<p>&#x2666; This machine bases on the different material, and match the different ways of feeding. &#x2666;\u00a0 the packer is suitable for packing of various kinds of powder, troche,granule, fluid material, such as cornmeal food, soy bean powder, medicinal granules, preverved fruit, fried tortilla chips, QQ candy, jelly drink, oil , yoghurt, pulp, seasong and so [&hellip;]<\/p>","protected":false},"featured_media":1018,"template":"","meta":{"site-sidebar-layout":"default","site-content-layout":"default","ast-site-content-layout":"default","site-content-style":"default","site-sidebar-style":"default","ast-global-header-display":"","ast-banner-title-visibility":"","ast-main-header-display":"","ast-hfb-above-header-display":"","ast-hfb-below-header-display":"","ast-hfb-mobile-header-display":"","site-post-title":"","ast-breadcrumbs-content":"","ast-featured-img":"","footer-sml-layout":"","theme-transparent-header-meta":"default","adv-header-id-meta":"","stick-header-meta":"","header-above-stick-meta":"","header-main-stick-meta":"","header-below-stick-meta":"","astra-migrate-meta-layouts":"set","ast-page-background-enabled":"default","ast-page-background-meta":{"desktop":{"background-color":"","background-image":"","background-repeat":"repeat","background-position":"center center","background-size":"auto","background-attachment":"scroll","background-type":"","background-media":"","overlay-type":"","overlay-color":"","overlay-opacity":"","overlay-gradient":""},"tablet":{"background-color":"","background-image":"","background-repeat":"repeat","background-position":"center center","background-size":"auto","background-attachment":"scroll","background-type":"","background-media":"","overlay-type":"","overlay-color":"","overlay-opacity":"","overlay-gradient":""},"mobile":{"background-color":"","background-image":"","background-repeat":"repeat","background-position":"center center","background-size":"auto","background-attachment":"scroll","background-type":"","background-media":"","overlay-type":"","overlay-color":"","overlay-opacity":"","overlay-gradient":""}},"ast-content-background-meta":{"desktop":{"background-color":"var(--ast-global-color-5)","background-image":"","background-repeat":"repeat","background-position":"center center","background-size":"auto","background-attachment":"scroll","background-type":"","background-media":"","overlay-type":"","overlay-color":"","overlay-opacity":"","overlay-gradient":""},"tablet":{"background-color":"var(--ast-global-color-5)","background-image":"","background-repeat":"repeat","background-position":"center center","background-size":"auto","background-attachment":"scroll","background-type":"","background-media":"","overlay-type":"","overlay-color":"","overlay-opacity":"","overlay-gradient":""},"mobile":{"background-color":"var(--ast-global-color-5)","background-image":"","background-repeat":"repeat","background-position":"center center","background-size":"auto","background-attachment":"scroll","background-type":"","background-media":"","overlay-type":"","overlay-color":"","overlay-opacity":"","overlay-gradient":""}}},"product_brand":[],"product_cat":[35],"product_tag":[],"class_list":{"0":"post-1017","1":"product","2":"type-product","3":"status-publish","4":"has-post-thumbnail","6":"product_cat-vffs-vertical-packing-machine","7":"desktop-align-left","8":"tablet-align-left","9":"mobile-align-left","11":"first","12":"instock","13":"shipping-taxable","14":"product-type-simple"},"_links":{"self":[{"href":"https:\/\/higheasy.cn\/de\/wp-json\/wp\/v2\/product\/1017","targetHints":{"allow":["GET"]}}],"collection":[{"href":"https:\/\/higheasy.cn\/de\/wp-json\/wp\/v2\/product"}],"about":[{"href":"https:\/\/higheasy.cn\/de\/wp-json\/wp\/v2\/types\/product"}],"wp:featuredmedia":[{"embeddable":true,"href":"https:\/\/higheasy.cn\/de\/wp-json\/wp\/v2\/media\/1018"}],"wp:attachment":[{"href":"https:\/\/higheasy.cn\/de\/wp-json\/wp\/v2\/media?parent=1017"}],"wp:term":[{"taxonomy":"product_brand","embeddable":true,"href":"https:\/\/higheasy.cn\/de\/wp-json\/wp\/v2\/product_brand?post=1017"},{"taxonomy":"product_cat","embeddable":true,"href":"https:\/\/higheasy.cn\/de\/wp-json\/wp\/v2\/product_cat?post=1017"},{"taxonomy":"product_tag","embeddable":true,"href":"https:\/\/higheasy.cn\/de\/wp-json\/wp\/v2\/product_tag?post=1017"}],"curies":[{"name":"wp","href":"https:\/\/api.w.org\/{rel}","templated":true}]}}