{"id":1011,"date":"2023-10-18T07:06:33","date_gmt":"2023-10-18T07:06:33","guid":{"rendered":"https:\/\/mediumturquoise-pheasant-889000.hostingersite.com\/?post_type=product&#038;p=1011"},"modified":"2023-10-18T07:08:53","modified_gmt":"2023-10-18T07:08:53","slug":"automatic-tin-can-filling-seaming-machine-tincan-sealing-machine","status":"publish","type":"product","link":"https:\/\/higheasy.cn\/de\/produkt\/automatic-tin-can-filling-seaming-machine-tincan-sealing-machine\/","title":{"rendered":"Automatische Dosenf\u00fcll- und Verschlie\u00dfmaschine, Dosenverschlie\u00dfmaschine"},"content":{"rendered":"<h3 style=\"text-align: center;\"><span data-spm-anchor-id=\"a2700.details.0.i21.5b4a60e7VVowgH\">Automatische Dosenf\u00fcll- und Verschlie\u00dfmaschine, Dosenverschlie\u00dfmaschine<\/span><\/h3>\n<p><img fetchpriority=\"high\" decoding=\"async\" class=\"\" src=\"https:\/\/sc02.alicdn.com\/kf\/H1c6a26424faa42ab8448e21aac78e650P\/222958773\/H1c6a26424faa42ab8448e21aac78e650P.png\" width=\"1059\" height=\"596\" data-src=\"https:\/\/sc02.alicdn.com\/kf\/H1c6a26424faa42ab8448e21aac78e650P\/222958773\/H1c6a26424faa42ab8448e21aac78e650P.png\" data-width=\"925\" data-height=\"521\" \/><\/p>\n<p><img decoding=\"async\" class=\"alignnone  wp-image-1012\" src=\"http:\/\/higheasy.cn\/wp-content\/uploads\/2023\/10\/H2571426a475c4d2a80aa8050f2027a20r.jpg_960x960.webp\" alt=\"\" width=\"1059\" height=\"794\" srcset=\"https:\/\/higheasy.cn\/wp-content\/uploads\/2023\/10\/H2571426a475c4d2a80aa8050f2027a20r.jpg_960x960.webp 960w, https:\/\/higheasy.cn\/wp-content\/uploads\/2023\/10\/H2571426a475c4d2a80aa8050f2027a20r.jpg_960x960-300x225.webp 300w, https:\/\/higheasy.cn\/wp-content\/uploads\/2023\/10\/H2571426a475c4d2a80aa8050f2027a20r.jpg_960x960-768x576.webp 768w\" sizes=\"(max-width: 1059px) 100vw, 1059px\" \/><\/p>\n<p>&nbsp;<\/p>\n<p><img decoding=\"async\" class=\"\" src=\"https:\/\/sc01.alicdn.com\/kf\/HTB1uMedP4TpK1RjSZFKq6y2wXXaY\/222958773\/HTB1uMedP4TpK1RjSZFKq6y2wXXaY.jpg\" alt=\"Automatic tin can filling seaming machine tincan sealing machine auto tin can seamer\" width=\"1179\" height=\"99\" data-src=\"https:\/\/sc01.alicdn.com\/kf\/HTB1uMedP4TpK1RjSZFKq6y2wXXaY\/222958773\/HTB1uMedP4TpK1RjSZFKq6y2wXXaY.jpg\" data-alt=\"Automatic tin can filling seaming machine tincan sealing machine auto tin can seamer\" \/><\/p>\n<p>&nbsp;<\/p>\n<p>1. Automatische Durchf\u00fchrung der Materialbeladung, des Wiegens, der Abf\u00fcllung in Dosen, des Aufsetzens des Deckels, des Verschlie\u00dfens der Dosen, der Etikettierung und des Tintenstrahls;<\/p>\n<p>2. Selektive Montage vollautomatischer Ger\u00e4te mit unterschiedlichen Konfigurationen basierend auf unterschiedlichen Anforderungen;<\/p>\n<p>3. \u00dcbernahme international oder national bekannter Marken f\u00fcr induktive Steuerger\u00e4te oder Module mit stabiler und zuverl\u00e4ssiger Leistung und relativ niedriger Ausfallrate;<\/p>\n<p>4. Geeignet zum Versiegeln und f\u00fcr die R\u00fcckabdeckung verschiedener Kunststoffdosen, Papierdosen und Eisendosen mit unterschiedlichen Spezifikationen. Die Bedienung ist leicht zu erlernen, daher kann es sich um ideale Ger\u00e4te f\u00fcr die Lebensmittel-, Getr\u00e4nke- und Pharmaindustrie handeln.<\/p>\n<p>&nbsp;<\/p>\n<p><img loading=\"lazy\" decoding=\"async\" class=\"\" src=\"https:\/\/sc02.alicdn.com\/kf\/HTB1YzZ5Q7voK1RjSZPfq6xPKFXaY\/222958773\/HTB1YzZ5Q7voK1RjSZPfq6xPKFXaY.jpg\" alt=\"Automatic tin can filling seaming machine tincan sealing machine auto tin can seamer\" width=\"1333\" height=\"112\" data-src=\"https:\/\/sc02.alicdn.com\/kf\/HTB1YzZ5Q7voK1RjSZPfq6xPKFXaY\/222958773\/HTB1YzZ5Q7voK1RjSZPfq6xPKFXaY.jpg\" data-alt=\"Automatic tin can filling seaming machine tincan sealing machine auto tin can seamer\" \/><\/p>\n<table border=\"3\">\n<tbody>\n<tr>\n<td><strong>F\u00fcllvolumen:\u00a0<\/strong><\/td>\n<td><strong>\u00a05-5000 g\u00a0<\/strong><\/td>\n<\/tr>\n<tr>\n<td><strong>Falznummer<\/strong><\/td>\n<td>\u00a0 1<\/td>\n<\/tr>\n<tr>\n<td><strong>Produktionsgeschwindigkeit<\/strong><\/td>\n<td><strong>30\u201335 Dosen\/min ohne Vakuum, 6\u20138 Dosen\/min mit Vakuum<\/strong><\/td>\n<\/tr>\n<tr>\n<td><strong>Abdichtungsh\u00f6he<\/strong><\/td>\n<td><strong>\u00a050\u2013200 mm (einstellbar)<\/strong><\/td>\n<\/tr>\n<tr>\n<td><strong>Anwendbarer Dosendurchmesser<\/strong><\/td>\n<td><strong>\u00a0<\/strong><strong>35 bis 130 mm<\/strong><\/td>\n<\/tr>\n<tr>\n<td><strong>Spannung (V)<\/strong><\/td>\n<td><strong>\u00a0220 V\/50 Hz<\/strong><\/td>\n<\/tr>\n<tr>\n<td><strong>Luftdruck<\/strong><\/td>\n<td><strong>\u00a00,6-0,8 MPa<\/strong><\/td>\n<\/tr>\n<tr>\n<td><strong>\u00a0Maschinengr\u00f6\u00dfe (mm)<\/strong><\/td>\n<td><strong>\u00a09340*6000*1800 mm\u00a0<\/strong><\/td>\n<\/tr>\n<\/tbody>\n<\/table>\n<p><img loading=\"lazy\" decoding=\"async\" class=\"alignnone wp-image-646\" src=\"http:\/\/higheasy.cn\/wp-content\/uploads\/2023\/07\/HTB1Lnd7QMHqK1RjSZFgq6y7JXXaU.jpg\" alt=\"higheasy\" width=\"1238\" height=\"1836\" srcset=\"https:\/\/higheasy.cn\/wp-content\/uploads\/2023\/07\/HTB1Lnd7QMHqK1RjSZFgq6y7JXXaU.jpg 750w, https:\/\/higheasy.cn\/wp-content\/uploads\/2023\/07\/HTB1Lnd7QMHqK1RjSZFgq6y7JXXaU-300x445.jpg 300w, https:\/\/higheasy.cn\/wp-content\/uploads\/2023\/07\/HTB1Lnd7QMHqK1RjSZFgq6y7JXXaU-202x300.jpg 202w, https:\/\/higheasy.cn\/wp-content\/uploads\/2023\/07\/HTB1Lnd7QMHqK1RjSZFgq6y7JXXaU-691x1024.jpg 691w\" sizes=\"(max-width: 1238px) 100vw, 1238px\" \/><\/p>\n<p>Das Unternehmen verf\u00fcgt \u00fcber eine Gruppe professioneller Forschungs- und Entwicklungsteams f\u00fcr Technologie und fortschrittliche Verarbeitungsger\u00e4te sowie eine Reihe von Erfindungspatenten. Das Unternehmen produziert eine Vielzahl von Verpackungsmaschinen. Die Hauptprodukte sind: vertikale Schlauchbeutelmaschinen (VFFS), Stickpack-Maschinen, Pulververpackungsmaschinen, Fl\u00fcssigkeitsverpackungsmaschinen und Mehrkopfwaagen, die in der Lebensmittel-, Chemie- und Getr\u00e4nkeindustrie weit verbreitet sind , landwirtschaftliche Produkte, Spielzeug und Verpackungen f\u00fcr Industrieprodukte und andere Branchen. Die Produkte werden in die ganze Welt exportiert und haben in vielen L\u00e4ndern und Regionen professionelle Marketingvertreter gewonnen. Die Produkte und Dienstleistungen wurden von den Kunden einhellig anerkannt und gelobt.<\/p>\n<p><img loading=\"lazy\" decoding=\"async\" class=\"alignnone size-full wp-image-662\" src=\"http:\/\/higheasy.cn\/wp-content\/uploads\/2023\/07\/5.jpg\" alt=\"small yogurt production line\" width=\"1200\" height=\"604\" srcset=\"https:\/\/higheasy.cn\/wp-content\/uploads\/2023\/07\/5.jpg 1200w, https:\/\/higheasy.cn\/wp-content\/uploads\/2023\/07\/5-300x151.jpg 300w, https:\/\/higheasy.cn\/wp-content\/uploads\/2023\/07\/5-1024x515.jpg 1024w, https:\/\/higheasy.cn\/wp-content\/uploads\/2023\/07\/5-768x387.jpg 768w\" sizes=\"(max-width: 1200px) 100vw, 1200px\" \/><\/p>","protected":false},"excerpt":{"rendered":"<p>Automatic tin can filling seaming machine tincan sealing machine &nbsp; &nbsp; 1. Automatic completion of material loading, weighting, canning, lid placing, can seaming, labeling and ink jet; 2. Selective assembly of full-automatic equipments with different configurations based on varied demands; 3. Adoption of internationally or domestically famous brands for the inductive control devices or modules [&hellip;]<\/p>","protected":false},"featured_media":1013,"template":"","meta":{"site-sidebar-layout":"default","site-content-layout":"default","ast-site-content-layout":"default","site-content-style":"default","site-sidebar-style":"default","ast-global-header-display":"","ast-banner-title-visibility":"","ast-main-header-display":"","ast-hfb-above-header-display":"","ast-hfb-below-header-display":"","ast-hfb-mobile-header-display":"","site-post-title":"","ast-breadcrumbs-content":"","ast-featured-img":"","footer-sml-layout":"","theme-transparent-header-meta":"default","adv-header-id-meta":"","stick-header-meta":"","header-above-stick-meta":"","header-main-stick-meta":"","header-below-stick-meta":"","astra-migrate-meta-layouts":"set","ast-page-background-enabled":"default","ast-page-background-meta":{"desktop":{"background-color":"","background-image":"","background-repeat":"repeat","background-position":"center center","background-size":"auto","background-attachment":"scroll","background-type":"","background-media":"","overlay-type":"","overlay-color":"","overlay-opacity":"","overlay-gradient":""},"tablet":{"background-color":"","background-image":"","background-repeat":"repeat","background-position":"center center","background-size":"auto","background-attachment":"scroll","background-type":"","background-media":"","overlay-type":"","overlay-color":"","overlay-opacity":"","overlay-gradient":""},"mobile":{"background-color":"","background-image":"","background-repeat":"repeat","background-position":"center center","background-size":"auto","background-attachment":"scroll","background-type":"","background-media":"","overlay-type":"","overlay-color":"","overlay-opacity":"","overlay-gradient":""}},"ast-content-background-meta":{"desktop":{"background-color":"var(--ast-global-color-5)","background-image":"","background-repeat":"repeat","background-position":"center center","background-size":"auto","background-attachment":"scroll","background-type":"","background-media":"","overlay-type":"","overlay-color":"","overlay-opacity":"","overlay-gradient":""},"tablet":{"background-color":"var(--ast-global-color-5)","background-image":"","background-repeat":"repeat","background-position":"center center","background-size":"auto","background-attachment":"scroll","background-type":"","background-media":"","overlay-type":"","overlay-color":"","overlay-opacity":"","overlay-gradient":""},"mobile":{"background-color":"var(--ast-global-color-5)","background-image":"","background-repeat":"repeat","background-position":"center center","background-size":"auto","background-attachment":"scroll","background-type":"","background-media":"","overlay-type":"","overlay-color":"","overlay-opacity":"","overlay-gradient":""}}},"product_brand":[],"product_cat":[33],"product_tag":[],"class_list":{"0":"post-1011","1":"product","2":"type-product","3":"status-publish","4":"has-post-thumbnail","6":"product_cat-can-tin-box-filling-seaming-labelling-machine","7":"desktop-align-left","8":"tablet-align-left","9":"mobile-align-left","11":"first","12":"instock","13":"shipping-taxable","14":"product-type-simple"},"_links":{"self":[{"href":"https:\/\/higheasy.cn\/de\/wp-json\/wp\/v2\/product\/1011","targetHints":{"allow":["GET"]}}],"collection":[{"href":"https:\/\/higheasy.cn\/de\/wp-json\/wp\/v2\/product"}],"about":[{"href":"https:\/\/higheasy.cn\/de\/wp-json\/wp\/v2\/types\/product"}],"wp:featuredmedia":[{"embeddable":true,"href":"https:\/\/higheasy.cn\/de\/wp-json\/wp\/v2\/media\/1013"}],"wp:attachment":[{"href":"https:\/\/higheasy.cn\/de\/wp-json\/wp\/v2\/media?parent=1011"}],"wp:term":[{"taxonomy":"product_brand","embeddable":true,"href":"https:\/\/higheasy.cn\/de\/wp-json\/wp\/v2\/product_brand?post=1011"},{"taxonomy":"product_cat","embeddable":true,"href":"https:\/\/higheasy.cn\/de\/wp-json\/wp\/v2\/product_cat?post=1011"},{"taxonomy":"product_tag","embeddable":true,"href":"https:\/\/higheasy.cn\/de\/wp-json\/wp\/v2\/product_tag?post=1011"}],"curies":[{"name":"wp","href":"https:\/\/api.w.org\/{rel}","templated":true}]}}