{"id":1006,"date":"2023-10-18T06:58:50","date_gmt":"2023-10-18T06:58:50","guid":{"rendered":"https:\/\/mediumturquoise-pheasant-889000.hostingersite.com\/?post_type=product&#038;p=1006"},"modified":"2023-10-18T07:04:14","modified_gmt":"2023-10-18T07:04:14","slug":"factory-price-granule-powder-fluid-stand-up-pouch-filling-and-sealing-machine","status":"publish","type":"product","link":"https:\/\/higheasy.cn\/de\/produkt\/factory-price-granule-powder-fluid-stand-up-pouch-filling-and-sealing-machine\/","title":{"rendered":"Granulat-Pulver-Fl\u00fcssigkeits-Standbeutel-F\u00fcll- und Verschlie\u00dfmaschine zum Fabrikpreis"},"content":{"rendered":"<p><img fetchpriority=\"high\" decoding=\"async\" class=\"alignnone size-full wp-image-1009\" src=\"http:\/\/higheasy.cn\/wp-content\/uploads\/2023\/10\/HTB1FF4SUbPpK1RjSZFFq6y5PpXa9-1.jpg\" alt=\"\" width=\"2410\" height=\"1263\" srcset=\"https:\/\/higheasy.cn\/wp-content\/uploads\/2023\/10\/HTB1FF4SUbPpK1RjSZFFq6y5PpXa9-1.jpg 2410w, https:\/\/higheasy.cn\/wp-content\/uploads\/2023\/10\/HTB1FF4SUbPpK1RjSZFFq6y5PpXa9-1-300x157.jpg 300w, https:\/\/higheasy.cn\/wp-content\/uploads\/2023\/10\/HTB1FF4SUbPpK1RjSZFFq6y5PpXa9-1-1024x537.jpg 1024w, https:\/\/higheasy.cn\/wp-content\/uploads\/2023\/10\/HTB1FF4SUbPpK1RjSZFFq6y5PpXa9-1-768x402.jpg 768w, https:\/\/higheasy.cn\/wp-content\/uploads\/2023\/10\/HTB1FF4SUbPpK1RjSZFFq6y5PpXa9-1-1536x805.jpg 1536w, https:\/\/higheasy.cn\/wp-content\/uploads\/2023\/10\/HTB1FF4SUbPpK1RjSZFFq6y5PpXa9-1-2048x1073.jpg 2048w\" sizes=\"(max-width: 2410px) 100vw, 2410px\" \/><\/p>\n<p><strong data-spm-anchor-id=\"a2700.details.0.i22.36a4567d0Dpuli\">\u00dcberblick<\/strong><\/p>\n<p>1) Die Maschine ersetzt die traditionelle manuelle Verpackung, f\u00fchrt die Verpackungsproduktion automatisch durch, verbessert die Produktionseffizienz und senkt die Produktionskosten erheblich. Das gesamte Ger\u00e4t kann von einer Person bedient werden, was die Arbeitskosten erheblich senkt.<\/p>\n<p data-spm-anchor-id=\"a2700.details.0.i21.36a4567d0Dpuli\">2) Diese Maschine ist standardm\u00e4\u00dfig mit einem automatischen \u00dcberwachungssystem ausgestattet. Es kann den Maschinenzustand beurteilen, indem es den Luftdruck, den Ausfall des Temperaturreglers und das \u00d6ffnen oder Nicht\u00f6ffnen des Beutels \u00fcberwacht. Es kann die Aktionen der Materialf\u00fcllvorrichtung und der Hei\u00dfversiegelungsvorrichtung steuern. Dadurch wird die Verschwendung von Verpackungsmaterial und Rohmaterial vermieden, was die Produktionskosten senkt.<\/p>\n<p><strong>NOTIZ:<\/strong><\/p>\n<p>Es gibt ein F\u00fcllinspektionsger\u00e4t. Kein Beutel, keine F\u00fcllung, kein Versiegeln zum Entleeren des Beutels. Dieses Ger\u00e4t hilft, Material- und Verpackungsabfall sowie die Verschmutzung der Maschine zu reduzieren. Es kann mit Wasser gewaschen werden. Die Verpackungsmaschine hat Doppelt\u00fcren aus organischer Glasplatte.<\/p>\n<p><strong>MATERIAL:<\/strong><\/p>\n<p>1) Die Nocke des Antriebssystems besteht aus Schmiedestahl 45#. Nach der W\u00e4rmebehandlung betr\u00e4gt die H\u00e4rte mindestens HR50.<\/p>\n<p>2) Der Schalthebel besteht aus Stahl 45#. Die Oberfl\u00e4che ist glatt geschliffen. Er ist langlebig und verschlei\u00dffest.<\/p>\n<p>3) Seitenplatten und F\u00fchrungsstangen sind Druckgussteile mit hoher Intensit\u00e4t und langer Lebensdauer.<\/p>\n<p>Die gesamte Oberfl\u00e4che ist gegen Korrosion behandelt.<\/p>\n<p>4) Die Plattform der Maschine besteht aus einer 2 mm dicken SS304-Platte in Lebensmittelqualit\u00e4t, was die Reinigung erleichtert;<\/p>\n<p>5) Ger\u00e4te zum Auflegen, \u00d6ffnen, Versiegeln und Greifen des Beutels sowie der Greifer sind aus lebensmittelechtem SS304 gefertigt.<\/p>\n<p>6) Der Schaltkasten besteht aus lebensmittelechtem SS304 mit einer Dicke von 2 mm. Er ist wasserdicht. Die gesamte Plattformoberfl\u00e4che kann mit Wasser gewaschen werden.<\/p>\n<p>&nbsp;<\/p>\n<p><strong>E<\/strong><strong>Marke des Elektroger\u00e4ts:<\/strong><\/p>\n<div align=\"center\">\n<table border=\"0\" cellspacing=\"0\">\n<tbody>\n<tr>\n<td valign=\"center\" width=\"250\">\n<p align=\"center\"><strong>Name<\/strong><\/p>\n<\/td>\n<td valign=\"center\" width=\"382\">\n<p align=\"center\"><strong>\u00a0<\/strong><strong>\u00a0Marke<\/strong><\/p>\n<\/td>\n<\/tr>\n<tr>\n<td valign=\"center\" width=\"250\">Touch-Screen<\/td>\n<td valign=\"center\" width=\"382\">Deutschland Siemens 10 Zoll<\/td>\n<\/tr>\n<tr>\n<td valign=\"center\" width=\"250\">Frequenzumrichter<\/td>\n<td valign=\"center\" width=\"382\">Deutschland\u00a0<a>Siemens<\/a><\/td>\n<\/tr>\n<tr>\n<td valign=\"center\" width=\"250\">SPS<\/td>\n<td valign=\"center\" width=\"382\">Deutschland Siemens<\/td>\n<\/tr>\n<tr>\n<td valign=\"center\" width=\"250\">Magnetventil<\/td>\n<td valign=\"center\" width=\"382\">Deutschland Festo<\/td>\n<\/tr>\n<tr>\n<td valign=\"center\" width=\"250\">Zylinder<\/td>\n<td valign=\"center\" width=\"382\">Deutschland Festo<\/td>\n<\/tr>\n<tr>\n<td valign=\"center\" width=\"250\">Taste, Sch\u00fctz<\/td>\n<td valign=\"center\" width=\"382\">Siemens<\/td>\n<\/tr>\n<tr>\n<td valign=\"center\" width=\"250\">Zwischenrelais<\/td>\n<td valign=\"center\" width=\"382\">Japan IDEC<\/td>\n<\/tr>\n<tr>\n<td valign=\"center\" width=\"250\">Halbleiterrelais<\/td>\n<td valign=\"center\" width=\"382\">Deutschland MAGER<\/td>\n<\/tr>\n<tr>\n<td valign=\"center\" width=\"250\">Vakuumpumpe<\/td>\n<td valign=\"center\" width=\"382\">Japan ORTON<\/td>\n<\/tr>\n<\/tbody>\n<\/table>\n<p><strong style=\"font-size: 16px;\">\u00a0<\/strong><\/p>\n<div align=\"center\">\n<table border=\"0\" cellspacing=\"0\">\n<tbody>\n<tr>\n<td valign=\"center\" width=\"131\">\n<p align=\"center\">Modell<\/p>\n<\/td>\n<td valign=\"center\" width=\"499\">\n<p align=\"justify\">HY-8PC<\/p>\n<\/td>\n<\/tr>\n<tr>\n<td valign=\"center\" width=\"131\">\n<p align=\"center\">Gewicht<\/p>\n<\/td>\n<td valign=\"center\" width=\"499\">\n<p align=\"center\">1200 kg<\/p>\n<\/td>\n<\/tr>\n<tr>\n<td valign=\"center\" width=\"131\">\n<p align=\"center\">Verpackungsspezifikation<\/p>\n<\/td>\n<td valign=\"center\" width=\"499\">\n<p align=\"center\">Beutelbreite: 100\u2013220 mm, Beutell\u00e4nge: 100\u2013300 mm<\/p>\n<\/td>\n<\/tr>\n<tr>\n<td valign=\"center\" width=\"131\">\n<p align=\"center\">Totale Kraft<\/p>\n<\/td>\n<td valign=\"center\" width=\"499\">\n<p align=\"center\">3KW<\/p>\n<\/td>\n<\/tr>\n<tr>\n<td valign=\"center\" width=\"131\">\n<p align=\"center\">Formular zur Gep\u00e4ckaufgabe<\/p>\n<\/td>\n<td valign=\"center\" width=\"499\">\n<p align=\"center\">Bodenbeutel nehmen<\/p>\n<\/td>\n<\/tr>\n<tr>\n<td valign=\"center\" width=\"131\">\n<p align=\"center\">Taschentyp<\/p>\n<\/td>\n<td valign=\"center\" width=\"499\">\n<p align=\"center\">Flachbeutel<\/p>\n<\/td>\n<\/tr>\n<tr>\n<td valign=\"center\" width=\"131\">\n<p align=\"center\">Dichtungsart<\/p>\n<\/td>\n<td valign=\"center\" width=\"499\">\n<p align=\"center\">Doppeldichtung<\/p>\n<\/td>\n<\/tr>\n<tr>\n<td valign=\"center\" width=\"131\">\n<p align=\"center\">Gr\u00f6\u00dfe<\/p>\n<\/td>\n<td valign=\"center\" width=\"499\">\n<p align=\"center\">1550 mm x 1350 mm x 1400 mm (H)<\/p>\n<\/td>\n<\/tr>\n<tr>\n<td valign=\"center\" width=\"131\">\n<p align=\"center\">Stellenbeschreibung<\/p>\n<\/td>\n<td valign=\"center\" width=\"499\">1. Beutel 2. \u00dcbergang 3. Beutel\u00f6ffnung 4. Bef\u00fcllung 5. \u00dcbergang 6. Versiegelung 7. Versiegelung 8. Ausgabe<\/td>\n<\/tr>\n<\/tbody>\n<\/table>\n<\/div>\n<\/div>\n<p><strong>F\u00fcllvorrichtung<\/strong><\/p>\n<p>Abh\u00e4ngig vom Material k\u00f6nnen unterschiedliche Zuf\u00fchrvorrichtungen verwendet werden, wie beispielsweise Drehteller, Mehrkopfwaagen, Kippschaufeln, Tablettenz\u00e4hlvorrichtungen, Schnecken, Kolbenpumpen usw.<\/p>\n<p><img decoding=\"async\" class=\"alignnone wp-image-646\" src=\"http:\/\/higheasy.cn\/wp-content\/uploads\/2023\/07\/HTB1Lnd7QMHqK1RjSZFgq6y7JXXaU.jpg\" alt=\"higheasy\" width=\"1238\" height=\"1836\" srcset=\"https:\/\/higheasy.cn\/wp-content\/uploads\/2023\/07\/HTB1Lnd7QMHqK1RjSZFgq6y7JXXaU.jpg 750w, https:\/\/higheasy.cn\/wp-content\/uploads\/2023\/07\/HTB1Lnd7QMHqK1RjSZFgq6y7JXXaU-300x445.jpg 300w, https:\/\/higheasy.cn\/wp-content\/uploads\/2023\/07\/HTB1Lnd7QMHqK1RjSZFgq6y7JXXaU-202x300.jpg 202w, https:\/\/higheasy.cn\/wp-content\/uploads\/2023\/07\/HTB1Lnd7QMHqK1RjSZFgq6y7JXXaU-691x1024.jpg 691w\" sizes=\"(max-width: 1238px) 100vw, 1238px\" \/><\/p>\n<p>Das Unternehmen verf\u00fcgt \u00fcber eine Gruppe professioneller Forschungs- und Entwicklungsteams f\u00fcr Technologie und fortschrittliche Verarbeitungsger\u00e4te sowie eine Reihe von Erfindungspatenten. Das Unternehmen produziert eine Vielzahl von Verpackungsmaschinen. Die Hauptprodukte sind: vertikale Schlauchbeutelmaschinen (VFFS), Stickpack-Maschinen, Pulververpackungsmaschinen, Fl\u00fcssigkeitsverpackungsmaschinen und Mehrkopfwaagen, die in der Lebensmittel-, Chemie- und Getr\u00e4nkeindustrie weit verbreitet sind , landwirtschaftliche Produkte, Spielzeug und Verpackungen f\u00fcr Industrieprodukte und andere Branchen. Die Produkte werden in die ganze Welt exportiert und haben in vielen L\u00e4ndern und Regionen professionelle Marketingvertreter gewonnen. Die Produkte und Dienstleistungen wurden von den Kunden einhellig anerkannt und gelobt.<\/p>\n<p><img decoding=\"async\" class=\"alignnone size-full wp-image-662\" src=\"http:\/\/higheasy.cn\/wp-content\/uploads\/2023\/07\/5.jpg\" alt=\"small yogurt production line\" width=\"1200\" height=\"604\" srcset=\"https:\/\/higheasy.cn\/wp-content\/uploads\/2023\/07\/5.jpg 1200w, https:\/\/higheasy.cn\/wp-content\/uploads\/2023\/07\/5-300x151.jpg 300w, https:\/\/higheasy.cn\/wp-content\/uploads\/2023\/07\/5-1024x515.jpg 1024w, https:\/\/higheasy.cn\/wp-content\/uploads\/2023\/07\/5-768x387.jpg 768w\" sizes=\"(max-width: 1200px) 100vw, 1200px\" \/><\/p>","protected":false},"excerpt":{"rendered":"<p>Overview 1)\u00a0The machine replaces the traditional manual packaging, makes the packing production automatically,\u00a0improves production efficiency, reduces production cost by a large margin. The whole device can be operated by one person,\u00a0which reduced labor cost greatly. 2)\u00a0This machine standard equipped with automatic monitoring system. It can judge machine state by monitoring air pressure, temperature controller breakdown [&hellip;]<\/p>","protected":false},"featured_media":1008,"template":"","meta":{"site-sidebar-layout":"default","site-content-layout":"default","ast-site-content-layout":"default","site-content-style":"default","site-sidebar-style":"default","ast-global-header-display":"","ast-banner-title-visibility":"","ast-main-header-display":"","ast-hfb-above-header-display":"","ast-hfb-below-header-display":"","ast-hfb-mobile-header-display":"","site-post-title":"","ast-breadcrumbs-content":"","ast-featured-img":"","footer-sml-layout":"","theme-transparent-header-meta":"default","adv-header-id-meta":"","stick-header-meta":"","header-above-stick-meta":"","header-main-stick-meta":"","header-below-stick-meta":"","astra-migrate-meta-layouts":"set","ast-page-background-enabled":"default","ast-page-background-meta":{"desktop":{"background-color":"","background-image":"","background-repeat":"repeat","background-position":"center center","background-size":"auto","background-attachment":"scroll","background-type":"","background-media":"","overlay-type":"","overlay-color":"","overlay-opacity":"","overlay-gradient":""},"tablet":{"background-color":"","background-image":"","background-repeat":"repeat","background-position":"center center","background-size":"auto","background-attachment":"scroll","background-type":"","background-media":"","overlay-type":"","overlay-color":"","overlay-opacity":"","overlay-gradient":""},"mobile":{"background-color":"","background-image":"","background-repeat":"repeat","background-position":"center center","background-size":"auto","background-attachment":"scroll","background-type":"","background-media":"","overlay-type":"","overlay-color":"","overlay-opacity":"","overlay-gradient":""}},"ast-content-background-meta":{"desktop":{"background-color":"var(--ast-global-color-5)","background-image":"","background-repeat":"repeat","background-position":"center center","background-size":"auto","background-attachment":"scroll","background-type":"","background-media":"","overlay-type":"","overlay-color":"","overlay-opacity":"","overlay-gradient":""},"tablet":{"background-color":"var(--ast-global-color-5)","background-image":"","background-repeat":"repeat","background-position":"center center","background-size":"auto","background-attachment":"scroll","background-type":"","background-media":"","overlay-type":"","overlay-color":"","overlay-opacity":"","overlay-gradient":""},"mobile":{"background-color":"var(--ast-global-color-5)","background-image":"","background-repeat":"repeat","background-position":"center center","background-size":"auto","background-attachment":"scroll","background-type":"","background-media":"","overlay-type":"","overlay-color":"","overlay-opacity":"","overlay-gradient":""}}},"product_brand":[],"product_cat":[32],"product_tag":[],"class_list":{"0":"post-1006","1":"product","2":"type-product","3":"status-publish","4":"has-post-thumbnail","6":"product_cat-premade-pouch-filling-sealing-machine","7":"desktop-align-left","8":"tablet-align-left","9":"mobile-align-left","11":"first","12":"instock","13":"shipping-taxable","14":"product-type-simple"},"_links":{"self":[{"href":"https:\/\/higheasy.cn\/de\/wp-json\/wp\/v2\/product\/1006","targetHints":{"allow":["GET"]}}],"collection":[{"href":"https:\/\/higheasy.cn\/de\/wp-json\/wp\/v2\/product"}],"about":[{"href":"https:\/\/higheasy.cn\/de\/wp-json\/wp\/v2\/types\/product"}],"wp:featuredmedia":[{"embeddable":true,"href":"https:\/\/higheasy.cn\/de\/wp-json\/wp\/v2\/media\/1008"}],"wp:attachment":[{"href":"https:\/\/higheasy.cn\/de\/wp-json\/wp\/v2\/media?parent=1006"}],"wp:term":[{"taxonomy":"product_brand","embeddable":true,"href":"https:\/\/higheasy.cn\/de\/wp-json\/wp\/v2\/product_brand?post=1006"},{"taxonomy":"product_cat","embeddable":true,"href":"https:\/\/higheasy.cn\/de\/wp-json\/wp\/v2\/product_cat?post=1006"},{"taxonomy":"product_tag","embeddable":true,"href":"https:\/\/higheasy.cn\/de\/wp-json\/wp\/v2\/product_tag?post=1006"}],"curies":[{"name":"wp","href":"https:\/\/api.w.org\/{rel}","templated":true}]}}